{"id":3541,"date":"2015-03-03T20:18:35","date_gmt":"2015-03-03T19:18:35","guid":{"rendered":"http:\/\/www.asso-unil.ch\/caverne\/?page_id=3541"},"modified":"2017-03-08T13:19:49","modified_gmt":"2017-03-08T12:19:49","slug":"fecule","status":"publish","type":"page","link":"https:\/\/www.asso-unil.ch\/caverne\/fecule\/","title":{"rendered":"F\u00e9cule"},"content":{"rendered":"<div class=\"entry-content cf\">Chaque ann\u00e9e, la saison professionnelle du Th\u00e9\u00e2tre de la Grange de Dorigny se termine par le festival des cultures universitaires:<strong> <a href=\"https:\/\/wp.unil.ch\/fecule\/\"><span style=\"font-size: large\">F\u00e9cule<\/span> <\/a><\/strong>mis en place par les Affaires culturelles de l&rsquo;UniL et plusieurs associations universitaires.<br \/>\nLes Ma\u00eetres de la Caverne sont heureux de participer, une nouvelle fois, \u00e0 ce festival et vous d\u00e9voilent les projets qui seront mis \u00e0 l&rsquo;honneur les 25 et 26 avril, ainsi que les 3, 5 et 13 mai 2017:<\/div>\n<div class=\"entry-content cf\">&nbsp;<\/div>\n<h2 class=\"entry-content cf\" style=\"text-align: center\"><span style=\"color: #000000\"><strong>Les Ma\u00eetres de la Caverne pr\u00e9sent au F\u00e9cule 2017 :<\/strong><\/span><\/h2>\n<p style=\"text-align: center\"><span style=\"text-decoration: underline\"><strong>Mardi 25 avril 2017<br \/>\n<\/strong><\/span><strong>18h30&nbsp;<\/strong><em>Soft Cigu\u00eb&nbsp;<\/em>(Aur\u00e9lien Berset)<\/p>\n<div class=\"entry-content cf\" style=\"text-align: center\"><span style=\"text-decoration: underline\"><strong>Mercredi&nbsp;26 avril 2017<\/strong><\/span><br \/>\n<strong>18h30&nbsp;<\/strong><em>Mouvements&nbsp;<\/em>(Virgile Delmas)<\/div>\n<div class=\"entry-content cf\" style=\"text-align: center\">&nbsp;<\/div>\n<div class=\"entry-content cf\" style=\"text-align: center\"><span style=\"text-decoration: underline\"><strong>Mercredi 3 mai 2017<\/strong><\/span><br \/>\n<strong>12h-13h<\/strong>&nbsp;: Ap\u00e9ro au Foyer de la Grange&nbsp;: La Gr\u00e8ce antique d\u00e9cha\u00een\u00e9e&nbsp;: Brunch anim\u00e9<em><br \/>\n<\/em><\/div>\n<div class=\"entry-content cf\" style=\"text-align: center\"><span style=\"text-decoration: underline\"><strong>Vendredi&nbsp;5&nbsp;mai 2017<br \/>\n<\/strong><\/span><strong>17h30 :<\/strong> <em>La pi\u00e8ce&nbsp;<\/em>(Gr\u00e9gory Thonney)<br \/>\n<strong>19h00:&nbsp;<\/strong><em>L&rsquo;\u00e9charde&nbsp;<\/em>(Amina Gudzevic)<\/div>\n<div class=\"entry-content cf\" style=\"text-align: center\"><em><br \/>\n<\/em><span style=\"text-decoration: underline\"><strong>Samedi 13 mai 2017<br \/>\n<\/strong><\/span><strong>11h, 14h et 17h:&nbsp;<\/strong><em>O\u00f9 est le th\u00e9\u00e2tre?&nbsp;<\/em>(Camille Poudret)<br \/>\nJou\u00e9 \u00e0 l&rsquo;espace St-Martin&nbsp;<\/div>\n<div class=\"entry-content cf\" style=\"text-align: left\"><span style=\"text-decoration: underline\"><strong>R\u00e9servations<\/strong><\/span><\/div>\n<div class=\"entry-content cf\" style=\"text-align: left\">Pour r\u00e9server vos places,<a href=\"https:\/\/wp.unil.ch\/fecule\/reservations\/\"> c&rsquo;est ici, sur le site du F\u00e9cule<\/a>. Il suffira, ensuite, de retirer vos billets le soir m\u00eame au Th\u00e9\u00e2tre de la Grange de Dorigny, une fois la confirmation automatique re\u00e7ue.<br \/>\nSi vous d\u00e9sirez r\u00e9server pour plusieurs \u00e9v\u00e9nements, il faut, pour chaque \u00e9v\u00e9nement, r\u00e9p\u00e9ter l&rsquo;op\u00e9ration.<\/div>\n<div class=\"entry-content cf\" style=\"text-align: left\">\n<hr>\n<p>Les Ma\u00eetres de la Caverne et le F\u00e9cule<\/p>\n<p>&nbsp;<\/p>\n<\/div>\n<ul>\n<li class=\"entry-content cf\" style=\"text-align: left\"><a href=\"https:\/\/www.asso-unil.ch\/caverne\/fecule\/programme-et-projets-fecules-2015\/\">F\u00e9cule 2015<\/a><\/li>\n<li class=\"entry-content cf\" style=\"text-align: left\"><a href=\"https:\/\/www.asso-unil.ch\/caverne\/fecule\/fecule-2014-colere-et-desir\/\">F\u00e9cule 2014<\/a><\/li>\n<li class=\"entry-content cf\" style=\"text-align: left\">F\u00e9cule 2013<\/li>\n<li class=\"entry-content cf\" style=\"text-align: left\"><a href=\"https:\/\/www.asso-unil.ch\/caverne\/theme_et_projet\/opsis\/point\/\">Point Virgule 2013<\/a><\/li>\n<\/ul>\n<p>&nbsp;<\/p>\n<div class=\"entry-content cf\" style=\"text-align: center\">&nbsp;<\/div>\n<div class=\"entry-content cf\" style=\"text-align: center\">&nbsp;<\/div>\n","protected":false},"excerpt":{"rendered":"<p>Chaque ann\u00e9e, la saison professionnelle du Th\u00e9\u00e2tre de la Grange de Dorigny se termine par le festival des cultures universitaires: F\u00e9cule mis en place par les Affaires culturelles de l&rsquo;UniL [&hellip;]<\/p>\n","protected":false},"author":1001005,"featured_media":0,"parent":0,"menu_order":3,"comment_status":"open","ping_status":"open","template":"","meta":{"_seopress_robots_primary_cat":"","_seopress_titles_title":"","_seopress_titles_desc":"","_seopress_robots_index":"","footnotes":""},"class_list":["post-3541","page","type-page","status-publish"],"_links":{"self":[{"href":"https:\/\/www.asso-unil.ch\/caverne\/wp-json\/wp\/v2\/pages\/3541","targetHints":{"allow":["GET"]}}],"collection":[{"href":"https:\/\/www.asso-unil.ch\/caverne\/wp-json\/wp\/v2\/pages"}],"about":[{"href":"https:\/\/www.asso-unil.ch\/caverne\/wp-json\/wp\/v2\/types\/page"}],"author":[{"embeddable":true,"href":"https:\/\/www.asso-unil.ch\/caverne\/wp-json\/wp\/v2\/users\/1001005"}],"replies":[{"embeddable":true,"href":"https:\/\/www.asso-unil.ch\/caverne\/wp-json\/wp\/v2\/comments?post=3541"}],"version-history":[{"count":0,"href":"https:\/\/www.asso-unil.ch\/caverne\/wp-json\/wp\/v2\/pages\/3541\/revisions"}],"wp:attachment":[{"href":"https:\/\/www.asso-unil.ch\/caverne\/wp-json\/wp\/v2\/media?parent=3541"}],"curies":[{"name":"wp","href":"https:\/\/api.w.org\/{rel}","templated":true}]}}