{"id":3493,"date":"2015-01-20T18:39:22","date_gmt":"2015-01-20T17:39:22","guid":{"rendered":"http:\/\/www.asso-unil.ch\/caverne\/?page_id=3493"},"modified":"2015-03-03T10:13:24","modified_gmt":"2015-03-03T09:13:24","slug":"banquet-21-janvier-2015","status":"publish","type":"page","link":"https:\/\/www.asso-unil.ch\/caverne\/banquets\/dates-des-banquets-2014-2015\/banquet-21-janvier-2015\/","title":{"rendered":"Banquet 21 janvier 2015"},"content":{"rendered":"<p>Programme du Banquet<\/p>\n<p><strong>18h15-18h45<\/strong> : L&rsquo;\u00e9criture d&rsquo;une nouvelle par Caroline et Allan<\/p>\n<p><strong>18h45-19h15<\/strong> : <em>A rebours<\/em>, r\u00e9\u00e9criture et illustrations par Estelle, Katia et Delvin\u00eb<\/p>\n<p><strong>19h15-19h45<\/strong> : La relation texte et image par Fr\u00e9d\u00e9ric<\/p>\n<p><strong>20h-20h45<\/strong> <em>Pause repas et discussions libres<\/em><\/p>\n<p><strong>20h45-22h<\/strong> : Une mise en sc\u00e8ne par Margot et Bilal<\/p>\n<p>&nbsp;<\/p>\n","protected":false},"excerpt":{"rendered":"<p>Programme du Banquet 18h15-18h45 : L&rsquo;\u00e9criture d&rsquo;une nouvelle par Caroline et Allan 18h45-19h15 : A rebours, r\u00e9\u00e9criture et illustrations par Estelle, Katia et Delvin\u00eb 19h15-19h45 : La relation texte et [&hellip;]<\/p>\n","protected":false},"author":1001005,"featured_media":0,"parent":3507,"menu_order":0,"comment_status":"open","ping_status":"closed","template":"","meta":{"_seopress_robots_primary_cat":"","_seopress_titles_title":"","_seopress_titles_desc":"","_seopress_robots_index":"","footnotes":""},"class_list":["post-3493","page","type-page","status-publish"],"_links":{"self":[{"href":"https:\/\/www.asso-unil.ch\/caverne\/wp-json\/wp\/v2\/pages\/3493","targetHints":{"allow":["GET"]}}],"collection":[{"href":"https:\/\/www.asso-unil.ch\/caverne\/wp-json\/wp\/v2\/pages"}],"about":[{"href":"https:\/\/www.asso-unil.ch\/caverne\/wp-json\/wp\/v2\/types\/page"}],"author":[{"embeddable":true,"href":"https:\/\/www.asso-unil.ch\/caverne\/wp-json\/wp\/v2\/users\/1001005"}],"replies":[{"embeddable":true,"href":"https:\/\/www.asso-unil.ch\/caverne\/wp-json\/wp\/v2\/comments?post=3493"}],"version-history":[{"count":0,"href":"https:\/\/www.asso-unil.ch\/caverne\/wp-json\/wp\/v2\/pages\/3493\/revisions"}],"up":[{"embeddable":true,"href":"https:\/\/www.asso-unil.ch\/caverne\/wp-json\/wp\/v2\/pages\/3507"}],"wp:attachment":[{"href":"https:\/\/www.asso-unil.ch\/caverne\/wp-json\/wp\/v2\/media?parent=3493"}],"curies":[{"name":"wp","href":"https:\/\/api.w.org\/{rel}","templated":true}]}}