{"id":3405,"date":"2014-11-18T11:49:43","date_gmt":"2014-11-18T10:49:43","guid":{"rendered":"http:\/\/www.asso-unil.ch\/caverne\/?page_id=3405"},"modified":"2017-10-17T12:46:37","modified_gmt":"2017-10-17T10:46:37","slug":"cafe-le-tunnel-fribourg","status":"publish","type":"page","link":"https:\/\/www.asso-unil.ch\/caverne\/banquets\/programme-et-evenements\/programme-2014-2015-2\/cafe-le-tunnel-fribourg\/","title":{"rendered":"Caf\u00e9 le Tunnel, Fribourg"},"content":{"rendered":"<p><a href=\"https:\/\/www.cafeletunnel.ch\/BouillonDeCulture\/Charte\">Bouillon de Culture<\/a>, une association \u00e0 but non lucratif, propose dans les locaux du caf\u00e9 restaurant le Tunnel \u00e0 Fribourg, une programmation culturelle. Sa philosophie est de privil\u00e9gier l&rsquo;\u00e9clectisme, la qualit\u00e9, la d\u00e9couverte, la convivialit\u00e9.<br \/>\nLes Ma\u00eetres de la Caverne ont la chance d&rsquo;\u00eatre programm\u00e9s pour deux soir\u00e9es au caf\u00e9 l<a href=\"https:\/\/www.cafeletunnel.ch\/\">e Tunnel, <\/a>cela suit leur volont\u00e9 de cr\u00e9er des liens avec Fribourg o\u00f9 ils ont d\u00e9j\u00e0 pr\u00e9sent\u00e9 Bien! (semaine philosophique de l&rsquo;Universit\u00e9 de Fribourg, au th\u00e9\u00e2tre de la Cit\u00e9) et expos\u00e9 leurs cr\u00e9ations au Port sous le th\u00e8me des <a title=\"Envahir le Port de Fribourg\" href=\"https:\/\/www.asso-unil.ch\/caverne\/2014\/08\/port\/\">Utopies<\/a>.<\/p>\n<p><a href=\"https:\/\/www.asso-unil.ch\/caverne\/files\/2014\/11\/caverne-flyer.jpeg\"><img loading=\"lazy\" decoding=\"async\" class=\"alignleft wp-image-3416 \" src=\"https:\/\/www.asso-unil.ch\/caverne\/files\/2014\/11\/caverne-flyer-211x300.jpeg\" alt=\"caverne flyer\" width=\"180\" height=\"251\"><\/a><strong>13 novembre 2013, d\u00e8s 18h30<\/strong> : \u00ab\u00a0Les Philosophes montent sur les planches\u00a0\u00bb<br \/>\nAu programme de cette soir\u00e9e du th\u00e9\u00e2tre, des performances, un jeu de r\u00f4les et des perturbations, le tout avec une pointe de musique. Les \u00e9tudiants envahissent ainsi les lieux et non lieux, de la cave \u00e0 la mezzanine, du caf\u00e9 pour pr\u00e9senter leurs cr\u00e9ations et mettre \u00e0 l&rsquo;honneur les arts vivants en donnant \u00e0 la philosophie des voix diff\u00e9rentes.<\/p>\n<p><a href=\"https:\/\/myreader.toile-libre.org\/ProgrammesoireeTunnel.pdf\">Flyer Tunnel &#8211; Novembre<\/a><\/p>\n<p>&nbsp;<\/p>\n<p>&nbsp;<\/p>\n<p><strong>04 novembre 2013, d\u00e8s 18h30<\/strong>: \u00ab\u00a0Boulevard des philosophes\u00a0\u00bb<br \/>\nDe Platon \u00e0 Michel Foucault, la philosophie s&rsquo;expose \u00e0 travers la peinture, le dessin ou encore la photographie. Cette soir\u00e9e sera consacr\u00e9e au vernissage de l&rsquo;exposition d\u2019\u0153uvres picturales et photographiques n\u00e9es de la rencontre de la philosophie et d&rsquo;un m\u00e9dium expressif artistique pour faire de la philosophie une exp\u00e9rience.<br \/>\nExposition \u00e0 voir jusqu&rsquo;en janvier 2015<\/p>\n","protected":false},"excerpt":{"rendered":"<p>Bouillon de Culture, une association \u00e0 but non lucratif, propose dans les locaux du caf\u00e9 restaurant le Tunnel \u00e0 Fribourg, une programmation culturelle. Sa philosophie est de privil\u00e9gier l&rsquo;\u00e9clectisme, la [&hellip;]<\/p>\n","protected":false},"author":1001005,"featured_media":0,"parent":3250,"menu_order":0,"comment_status":"closed","ping_status":"open","template":"","meta":{"_seopress_robots_primary_cat":"","_seopress_titles_title":"","_seopress_titles_desc":"","_seopress_robots_index":"","footnotes":""},"class_list":["post-3405","page","type-page","status-publish"],"_links":{"self":[{"href":"https:\/\/www.asso-unil.ch\/caverne\/wp-json\/wp\/v2\/pages\/3405","targetHints":{"allow":["GET"]}}],"collection":[{"href":"https:\/\/www.asso-unil.ch\/caverne\/wp-json\/wp\/v2\/pages"}],"about":[{"href":"https:\/\/www.asso-unil.ch\/caverne\/wp-json\/wp\/v2\/types\/page"}],"author":[{"embeddable":true,"href":"https:\/\/www.asso-unil.ch\/caverne\/wp-json\/wp\/v2\/users\/1001005"}],"replies":[{"embeddable":true,"href":"https:\/\/www.asso-unil.ch\/caverne\/wp-json\/wp\/v2\/comments?post=3405"}],"version-history":[{"count":0,"href":"https:\/\/www.asso-unil.ch\/caverne\/wp-json\/wp\/v2\/pages\/3405\/revisions"}],"up":[{"embeddable":true,"href":"https:\/\/www.asso-unil.ch\/caverne\/wp-json\/wp\/v2\/pages\/3250"}],"wp:attachment":[{"href":"https:\/\/www.asso-unil.ch\/caverne\/wp-json\/wp\/v2\/media?parent=3405"}],"curies":[{"name":"wp","href":"https:\/\/api.w.org\/{rel}","templated":true}]}}