{"id":3403,"date":"2014-11-18T11:46:45","date_gmt":"2014-11-18T10:46:45","guid":{"rendered":"http:\/\/www.asso-unil.ch\/caverne\/?page_id=3403"},"modified":"2015-01-02T17:10:43","modified_gmt":"2015-01-02T16:10:43","slug":"la-maison-dailleurs-yverdon","status":"publish","type":"page","link":"https:\/\/www.asso-unil.ch\/caverne\/banquets\/programme-et-evenements\/programme-2014-2015-2\/la-maison-dailleurs-yverdon\/","title":{"rendered":"La maison d&rsquo;Ailleurs, Yverdon"},"content":{"rendered":"<p>Nous proposons une excursion \u00e0 <a href=\"https:\/\/www.ailleurs.ch\/\">La Maison d&rsquo;Ailleurs (Yverdon).<\/a><br \/>\nNous aurons la chance de d\u00e9couvrir, \u00e0 travers une visite guid\u00e9e, l&rsquo;exposition <a href=\"https:\/\/www.ailleurs.ch\/expositions\/\">Alphabrick<\/a> qui questionne de mani\u00e8re originale les mythologies contemporaines.<\/p>\n<p>Rendez-vous \u00e0 11h00 \u00e0 la Maison d&rsquo;Ailleurs.<\/p>\n<p>Nous remercions la facult\u00e9 de participer aux frais de cet \u00e9v\u00e8nement.<\/p>\n<p>! Inscription obligatoire: Gregory.Thonney.1@unil.ch<\/p>\n","protected":false},"excerpt":{"rendered":"<p>Nous proposons une excursion \u00e0 La Maison d&rsquo;Ailleurs (Yverdon). Nous aurons la chance de d\u00e9couvrir, \u00e0 travers une visite guid\u00e9e, l&rsquo;exposition Alphabrick qui questionne de mani\u00e8re originale les mythologies contemporaines. [&hellip;]<\/p>\n","protected":false},"author":1001005,"featured_media":0,"parent":3250,"menu_order":0,"comment_status":"closed","ping_status":"open","template":"","meta":{"_seopress_robots_primary_cat":"","_seopress_titles_title":"","_seopress_titles_desc":"","_seopress_robots_index":"","footnotes":""},"class_list":["post-3403","page","type-page","status-publish"],"_links":{"self":[{"href":"https:\/\/www.asso-unil.ch\/caverne\/wp-json\/wp\/v2\/pages\/3403","targetHints":{"allow":["GET"]}}],"collection":[{"href":"https:\/\/www.asso-unil.ch\/caverne\/wp-json\/wp\/v2\/pages"}],"about":[{"href":"https:\/\/www.asso-unil.ch\/caverne\/wp-json\/wp\/v2\/types\/page"}],"author":[{"embeddable":true,"href":"https:\/\/www.asso-unil.ch\/caverne\/wp-json\/wp\/v2\/users\/1001005"}],"replies":[{"embeddable":true,"href":"https:\/\/www.asso-unil.ch\/caverne\/wp-json\/wp\/v2\/comments?post=3403"}],"version-history":[{"count":0,"href":"https:\/\/www.asso-unil.ch\/caverne\/wp-json\/wp\/v2\/pages\/3403\/revisions"}],"up":[{"embeddable":true,"href":"https:\/\/www.asso-unil.ch\/caverne\/wp-json\/wp\/v2\/pages\/3250"}],"wp:attachment":[{"href":"https:\/\/www.asso-unil.ch\/caverne\/wp-json\/wp\/v2\/media?parent=3403"}],"curies":[{"name":"wp","href":"https:\/\/api.w.org\/{rel}","templated":true}]}}