{"id":3384,"date":"2014-11-17T08:31:24","date_gmt":"2014-11-17T07:31:24","guid":{"rendered":"http:\/\/www.asso-unil.ch\/caverne\/?page_id=3384"},"modified":"2015-03-03T10:12:47","modified_gmt":"2015-03-03T09:12:47","slug":"banquet-19-novembre-2014-projets-liberte-et-contraintes","status":"publish","type":"page","link":"https:\/\/www.asso-unil.ch\/caverne\/banquets\/dates-des-banquets-2014-2015\/banquet-19-novembre-2014-projets-liberte-et-contraintes\/","title":{"rendered":"Banquet 19 novembre 2014 : projets \u00ab\u00a0libert\u00e9 et contraintes\u00a0\u00bb"},"content":{"rendered":"<p>Mercredi 19 novembre, d\u00e8s 18h00, au Foyer de la Grange de Dorigny, nous aurons la chance de d\u00e9couvrir les premiers projets sous le th\u00e8me \u00ab\u00a0Libert\u00e9 et contraintes\u00a0\u00bb en pr\u00e9sence de deux professionnels du monde de l&rsquo;art: Michel Toman pour la mise en sc\u00e8ne et Adrien Bordone pour la vid\u00e9o. Tous deux vont partager avec nous leurs exp\u00e9riences et leurs conseils autour d&rsquo;un repas que tu auras co-cr\u00e9\u00e9, car ne l&rsquo;oublions pas, le banquet est canadien!<\/p>\n<p>&nbsp;<\/p>\n<p>&nbsp;<\/p>\n<p>&nbsp;<\/p>\n<p>&nbsp;<\/p>\n","protected":false},"excerpt":{"rendered":"<p>Mercredi 19 novembre, d\u00e8s 18h00, au Foyer de la Grange de Dorigny, nous aurons la chance de d\u00e9couvrir les premiers projets sous le th\u00e8me \u00ab\u00a0Libert\u00e9 et contraintes\u00a0\u00bb en pr\u00e9sence de [&hellip;]<\/p>\n","protected":false},"author":1001005,"featured_media":0,"parent":3507,"menu_order":2,"comment_status":"closed","ping_status":"closed","template":"","meta":{"_seopress_robots_primary_cat":"","_seopress_titles_title":"","_seopress_titles_desc":"","_seopress_robots_index":"","footnotes":""},"class_list":["post-3384","page","type-page","status-publish"],"_links":{"self":[{"href":"https:\/\/www.asso-unil.ch\/caverne\/wp-json\/wp\/v2\/pages\/3384","targetHints":{"allow":["GET"]}}],"collection":[{"href":"https:\/\/www.asso-unil.ch\/caverne\/wp-json\/wp\/v2\/pages"}],"about":[{"href":"https:\/\/www.asso-unil.ch\/caverne\/wp-json\/wp\/v2\/types\/page"}],"author":[{"embeddable":true,"href":"https:\/\/www.asso-unil.ch\/caverne\/wp-json\/wp\/v2\/users\/1001005"}],"replies":[{"embeddable":true,"href":"https:\/\/www.asso-unil.ch\/caverne\/wp-json\/wp\/v2\/comments?post=3384"}],"version-history":[{"count":0,"href":"https:\/\/www.asso-unil.ch\/caverne\/wp-json\/wp\/v2\/pages\/3384\/revisions"}],"up":[{"embeddable":true,"href":"https:\/\/www.asso-unil.ch\/caverne\/wp-json\/wp\/v2\/pages\/3507"}],"wp:attachment":[{"href":"https:\/\/www.asso-unil.ch\/caverne\/wp-json\/wp\/v2\/media?parent=3384"}],"curies":[{"name":"wp","href":"https:\/\/api.w.org\/{rel}","templated":true}]}}