{"id":3263,"date":"2014-09-29T11:16:20","date_gmt":"2014-09-29T09:16:20","guid":{"rendered":"http:\/\/www.asso-unil.ch\/caverne\/?page_id=3263"},"modified":"2024-11-20T12:42:41","modified_gmt":"2024-11-20T11:42:41","slug":"statuts-de-lassociation-les-maitres-de-la-caverne","status":"publish","type":"page","link":"https:\/\/www.asso-unil.ch\/caverne\/qui-sommes-nous\/statuts-de-lassociation-les-maitres-de-la-caverne\/","title":{"rendered":"Statuts de l&rsquo;association: Les Ma\u00eetres de la Caverne"},"content":{"rendered":"<h6 style=\"text-align: left\">1.&nbsp;&nbsp; &nbsp;Nom et statut<\/h6>\n<p style=\"text-align: left\">L\u2019association des Ma\u00eetres de la Caverne est une association dot\u00e9e de la personnalit\u00e9 juridique au sens des articles 60 et suivants du Code civil suisse.<\/p>\n<h6>2.&nbsp;&nbsp; &nbsp;Buts<\/h6>\n<p>L\u2019association soutient l\u2019expression de contenus th\u00e9oriques avec les moyens des arts (th\u00e9\u00e2tre, film et autres). Pour pr\u00e9ciser, elle ne vise pas \u00e0 fournir une formation artistique, mais \u00e0 donner un cadre qui permet aux \u00e9tudiant-e-s et enseignant-e-s de l\u2019Unil d\u2019exprimer leurs \u00e9tudes, r\u00e9flexions et recherches par divers media.<\/p>\n<p><strong><em>Les buts de l\u2019association sont&nbsp;<\/em><\/strong><\/p>\n<p>2.1 la cr\u00e9ation&nbsp;: promouvoir les cr\u00e9ations de toutes sortes, qui visent \u00e0 repr\u00e9senter des contenus th\u00e9oriques (concepts, id\u00e9es, r\u00e9sultats, approches, questions, \u2026),<br \/>\n2.2 la recherche&nbsp;: penser et \u00e9laborer des m\u00e9thodes qui rendent esth\u00e9tiquement accessibles des contenus philosophiques et scientifiques et qui les communiquent \u00e0 travers divers m\u00e9dias (th\u00e9\u00e2tre, film, interventions, nouveaux m\u00e9dias),<br \/>\n2.3 la p\u00e9dagogie&nbsp;: offrir aux \u00e9tudiant-e-s et enseignant-e-s la possibilit\u00e9, en participant \u00e0 la recherche et \u00e0 la cr\u00e9ation, d\u2019approfondir les connaissances et comp\u00e9tences en lien avec leurs \u00e9tudes ou recherches et de d\u00e9velopper des comp\u00e9tences transverses,<br \/>\n2.4 l\u2019interdisciplinarit\u00e9&nbsp;: encourager les discussions et collaborations entre les initiant-e-s des projets individuels (c\u2019est-\u00e0-dire entre les \u00e9tudiant-e-s, les professeur-e-s et, plus g\u00e9n\u00e9ralement, tout membre de l&rsquo;association), les chercheur-e-s de diverses disciplines et des professionnel-le-s de l\u2019art et de la communication pour pr\u00e9parer, soutenir et\/ou accompagner des projets de cr\u00e9ation,<br \/>\n2.5 la communication \u00ab&nbsp;science et cit\u00e9&nbsp;\u00bb&nbsp;: encourager la diffusion dans la population de recherches et d\u2019activit\u00e9s universitaires par ces cr\u00e9ations,<br \/>\n2.6 la documentation&nbsp;: de p\u00e9renniser ces exp\u00e9riences en \u00e9tablissant un pool de documentation et un r\u00e9seau de chercheur-euse-s et praticien-ne-s.<\/p>\n<h6>3.&nbsp;&nbsp; &nbsp;Moyens<\/h6>\n<p>3.1 Pour atteindre ces buts, l\u2019association propose des activit\u00e9s et des services, en particulier&nbsp;:<br \/>\na) l\u2019organisation des Symposia, qui favorisent l\u2019\u00e9change entre les personnes impliqu\u00e9es et le suivi du d\u00e9veloppement de leurs projets,<br \/>\nb) l\u2019organisation d\u2019ateliers cr\u00e9atifs pour soutenir la d\u00e9marche des participant-e-s,<br \/>\nc) la coop\u00e9ration avec les Services des Affaires Culturelles de l&rsquo;Unil et avec le F\u00e9cule,<br \/>\nd) l\u2019\u00e9tablissement et le suivi de coop\u00e9rations avec d&rsquo;autres Hautes Ecoles (universit\u00e9s et HES),<br \/>\ne) la communication transparente de projets et d&rsquo;\u00e9v\u00e9nements (site web, r\u00e9seau de personnes de contact, communiqu\u00e9s de presse internes et externes),<br \/>\nf) la recherche de fonds qui contribuent \u00e0 augmenter les budgets de production des projets, \u00e0 inviter des professionnel-le-s capables d\u2019apporter leur expertise et \u00e0 engager des personnes pour la gestion de l&rsquo;association,<br \/>\ng) le soutien actif \u2013 y compris financier \u2013 \u00e0 la pr\u00e9sentation de r\u00e9sultats sous forme de repr\u00e9sentations, performances, expositions et publications scientifiques et non-scientifiques.<\/p>\n<p>3.2&nbsp;&nbsp; &nbsp;Les d\u00e9tails des rapports entre l\u2019Association et les chef-fe-s de projets (attentes, offres, droits et obligations) sont pr\u00e9cis\u00e9s dans un r\u00e8glement.<\/p>\n<h6>4.&nbsp;&nbsp; &nbsp;Membres<\/h6>\n<p>Toute personne actuellement membre de la communaut\u00e9 de l\u2019Universit\u00e9 de Lausanne peut demander \u00e0 \u00eatre admise comme membre actif dans l\u2019association.<br \/>\nToute personne s\u2019int\u00e9ressant \u00e0 la mise en \u0153uvre esth\u00e9tique de contenus th\u00e9oriques peut demander \u00e0 \u00eatre admise comme membre associ\u00e9 dans l\u2019association.<br \/>\nLe comit\u00e9 se prononce sur les demandes d\u2019admission.<br \/>\nLe comit\u00e9 peut prononcer l\u2019exclusion d\u2019un membre pour de justes motifs, notamment en cas de pr\u00e9judice \u00e0 l\u2019association.<br \/>\nLes d\u00e9cisions vis\u00e9es aux chiffres 4.3. et 4.4. peuvent faire l\u2019objet d\u2019un recours \u00e0 soumettre par \u00e9crit aupr\u00e8s du pr\u00e9sident de l\u2019Association dans les 30 jours suivants la d\u00e9cision.<br \/>\nPeut \u00eatre nomm\u00e9e membre d\u2019honneur sur d\u00e9cision de l\u2019assembl\u00e9e g\u00e9n\u00e9rale toute personne ayant rendu d\u2019\u00e9minents services \u00e0 l\u2019association ou \u00e0 la cause de la mise en \u0153uvre esth\u00e9tique de contenus th\u00e9oriques.<\/p>\n<h6>5.&nbsp;&nbsp; Assembl\u00e9e g\u00e9n\u00e9rale<\/h6>\n<p>5.1 L\u2019assembl\u00e9e g\u00e9n\u00e9rale se compose de tous les membres de l\u2019association.<br \/>\n5.2 L\u2019assembl\u00e9e g\u00e9n\u00e9rale est convoqu\u00e9e par le comit\u00e9.<br \/>\n5.3.Elle dispose notamment des comp\u00e9tences suivantes&nbsp;:<br \/>\na) approuver le rapport et les comptes annuels,<br \/>\nb) d\u00e9finir le programme d\u2019activit\u00e9s,<br \/>\nc) fixer le montant de la cotisation annuelle,<br \/>\nd) \u00e9lire les membres du comit\u00e9 et de l\u2019organe de r\u00e9vision,<br \/>\ne) nommer des membres d\u2019honneur,<br \/>\nf) modifier les statuts,<br \/>\ng) traiter des recours,<br \/>\nh) dissoudre l\u2019association<\/p>\n<h6>6.&nbsp;&nbsp; &nbsp;Comit\u00e9<\/h6>\n<p>6.1 Le comit\u00e9 se compose exclusivement de membres actifs.<br \/>\n6.2 Le comit\u00e9 comprend un nombre illimit\u00e9 de membres, mais au minimum un-e pr\u00e9sident-e, un-e secr\u00e9taire g\u00e9n\u00e9ral-e, et un-e tr\u00e9sorier-\u00e8re. Le corps enseignant et le corps estudiantin doivent \u00eatre repr\u00e9sent\u00e9s. Les fonctions sont r\u00e9parties entre les membres lors de la premi\u00e8re s\u00e9ance.<br \/>\n6.3 Le comit\u00e9 se charge de la gestion et de la repr\u00e9sentation de l\u2019association. Il d\u00e9cide de qui peut engager l\u2019association par sa signature.<br \/>\n6.4 Le comit\u00e9 se r\u00e9unit au moins une fois par semestre.<\/p>\n<h6>7.&nbsp;&nbsp; D\u00e9cisions<\/h6>\n<p>7.1 Les d\u00e9cisions du comit\u00e9 se prennent \u00e0 la majorit\u00e9 absolue des voix exprim\u00e9es, les abstentions n\u2019\u00e9tant pas prises en consid\u00e9ration.<br \/>\n7.2 En cas d\u2019\u00e9galit\u00e9, le pr\u00e9sident ou la pr\u00e9sidente tranche.<br \/>\n7.3 Lors d\u2019une AG, une double majorit\u00e9 est requise de a) tous les membres pr\u00e9sents et de b) tous les membres actifs.<\/p>\n<h6>8.&nbsp;&nbsp; &nbsp;Ressources<\/h6>\n<p>8.1 Les ressources de l\u2019association proviennent des cotisations des membres, de subventions, de dons et d\u2019autres apports.<br \/>\n8.2 Les engagements de l\u2019association ne sont garantis que par son propre actif social.<br \/>\n8.3 En cas de profit r\u00e9alis\u00e9 par une production ou cr\u00e9ation r\u00e9alis\u00e9e dans le cadre des activit\u00e9s de l\u2019Association, 30% du profit sera en r\u00e8gle g\u00e9n\u00e9ral vers\u00e9 \u00e0 cette derni\u00e8re.<\/p>\n<h6>9.&nbsp;&nbsp; &nbsp;Modifications des statuts et dissolution<\/h6>\n<p>9.1 Les modifications des statuts et la dissolution de l\u2019association ne peuvent \u00eatre prononc\u00e9es qu\u2019\u00e0 la majorit\u00e9 des deux tiers des voix exprim\u00e9es, lors d\u2019une assembl\u00e9e g\u00e9n\u00e9rale convoqu\u00e9e au moins trois semaines \u00e0 l\u2019avance.<br \/>\n9.2 La convocation doit \u00eatre assortie de l\u2019ordre du jour et des documents soumis au vote.<br \/>\n9.3 Sauf disposition contraire, les statuts entrent en vigueur de suite.<br \/>\n9.4 En cas de dissolution de l&rsquo;association, l&rsquo;actif disponible sera enti\u00e8rement attribu\u00e9 \u00e0 une institution poursuivant un but d&rsquo;int\u00e9r\u00eat public analogue \u00e0 celui de l&rsquo;association et b\u00e9n\u00e9ficiant de l\u2019exon\u00e9ration de l\u2019imp\u00f4t. En aucun cas les biens ne pourront retourner aux fondateurs physiques ou aux membres, ni \u00eatre utilis\u00e9s \u00e0 leur profit en tout ou partie et de quelque mani\u00e8re que ce soit.<\/p>\n<p>Lausanne, le 1 juin 2011<br \/>\nPD Dr. Michael Groneberg&nbsp;&nbsp; &nbsp;&nbsp;&nbsp; &nbsp;Romain Bionda&nbsp;&nbsp; &nbsp;&nbsp;&nbsp; &nbsp;&nbsp;&nbsp; &nbsp;Vincent Laughery<br \/>\nPr\u00e9sident&nbsp;&nbsp; &nbsp;&nbsp;&nbsp; &nbsp;&nbsp;&nbsp; &nbsp;&nbsp; &nbsp; &nbsp; &nbsp;&nbsp;&nbsp;&nbsp;&nbsp;&nbsp;&nbsp;&nbsp;&nbsp;&nbsp;&nbsp;&nbsp;&nbsp;&nbsp;&nbsp;&nbsp; Secr\u00e9taire g\u00e9n\u00e9ral&nbsp;&nbsp; &nbsp; &nbsp; Tr\u00e9sorier<\/p>\n<p>Modifications 2013&nbsp;: Lausanne, le 27 novembre 2013<br \/>\nMichael Groneberg&nbsp;&nbsp; &nbsp;&nbsp;&nbsp; &nbsp;&nbsp;&nbsp; &nbsp;Suzanne Balharry&nbsp;&nbsp; &nbsp;&nbsp;&nbsp; &nbsp;Jamil Alioui<br \/>\nPr\u00e9sident&nbsp;&nbsp; &nbsp;&nbsp;&nbsp; &nbsp;&nbsp;&nbsp; &nbsp;&nbsp;&nbsp; &nbsp; &nbsp; &nbsp; &nbsp; &nbsp; &nbsp; Secr\u00e9taire g\u00e9n\u00e9ral&nbsp;&nbsp; &nbsp;&nbsp;&nbsp;&nbsp; Tr\u00e9sorier<\/p>\n<p>Modification 2014&nbsp;: Lausanne, le 25 juin 2014<br \/>\nMichael Groneberg&nbsp;&nbsp; &nbsp;&nbsp;&nbsp; &nbsp;&nbsp;&nbsp; &nbsp;Charlotte Hebeisen&nbsp;&nbsp; &nbsp;&nbsp;&nbsp; &nbsp;Gregory Thonney<br \/>\nPr\u00e9sident&nbsp;&nbsp; &nbsp;&nbsp;&nbsp; &nbsp;&nbsp;&nbsp; &nbsp;&nbsp;&nbsp;&nbsp;&nbsp;&nbsp;&nbsp;&nbsp;&nbsp;&nbsp;&nbsp;&nbsp;&nbsp;&nbsp;&nbsp; Secr\u00e9taire g\u00e9n\u00e9ral&nbsp;&nbsp; &nbsp;&nbsp;&nbsp; &nbsp; Tr\u00e9sorier<\/p>\n<p>Quelques pdf utiles :<\/p>\n<p><a href=\"https:\/\/www.asso-unil.ch\/caverne\/files\/2018\/09\/Caverne_contrat-g\u00e9n\u00e9ral.pdf\">Caverne contrat g\u00e9n\u00e9ral<\/a><\/p>\n<p><a href=\"https:\/\/www.asso-unil.ch\/caverne\/files\/2018\/09\/statuts-caverne-2014-sig.pdf\">Statuts Caverne 2014 <\/a><\/p>\n","protected":false},"excerpt":{"rendered":"<p>1.&nbsp;&nbsp; &nbsp;Nom et statut L\u2019association des Ma\u00eetres de la Caverne est une association dot\u00e9e de la personnalit\u00e9 juridique au sens des articles 60 et suivants du Code civil suisse. 2.&nbsp;&nbsp; [&hellip;]<\/p>\n","protected":false},"author":1001005,"featured_media":0,"parent":3261,"menu_order":0,"comment_status":"closed","ping_status":"open","template":"","meta":{"_seopress_robots_primary_cat":"","_seopress_titles_title":"","_seopress_titles_desc":"","_seopress_robots_index":"","footnotes":""},"class_list":["post-3263","page","type-page","status-publish"],"_links":{"self":[{"href":"https:\/\/www.asso-unil.ch\/caverne\/wp-json\/wp\/v2\/pages\/3263","targetHints":{"allow":["GET"]}}],"collection":[{"href":"https:\/\/www.asso-unil.ch\/caverne\/wp-json\/wp\/v2\/pages"}],"about":[{"href":"https:\/\/www.asso-unil.ch\/caverne\/wp-json\/wp\/v2\/types\/page"}],"author":[{"embeddable":true,"href":"https:\/\/www.asso-unil.ch\/caverne\/wp-json\/wp\/v2\/users\/1001005"}],"replies":[{"embeddable":true,"href":"https:\/\/www.asso-unil.ch\/caverne\/wp-json\/wp\/v2\/comments?post=3263"}],"version-history":[{"count":1,"href":"https:\/\/www.asso-unil.ch\/caverne\/wp-json\/wp\/v2\/pages\/3263\/revisions"}],"predecessor-version":[{"id":5766,"href":"https:\/\/www.asso-unil.ch\/caverne\/wp-json\/wp\/v2\/pages\/3263\/revisions\/5766"}],"up":[{"embeddable":true,"href":"https:\/\/www.asso-unil.ch\/caverne\/wp-json\/wp\/v2\/pages\/3261"}],"wp:attachment":[{"href":"https:\/\/www.asso-unil.ch\/caverne\/wp-json\/wp\/v2\/media?parent=3263"}],"curies":[{"name":"wp","href":"https:\/\/api.w.org\/{rel}","templated":true}]}}