{"id":3261,"date":"2014-09-29T11:03:14","date_gmt":"2014-09-29T09:03:14","guid":{"rendered":"http:\/\/www.asso-unil.ch\/caverne\/?page_id=3261"},"modified":"2020-11-19T16:15:06","modified_gmt":"2020-11-19T15:15:06","slug":"qui-sommes-nous","status":"publish","type":"page","link":"https:\/\/www.asso-unil.ch\/caverne\/qui-sommes-nous\/","title":{"rendered":"Qui sommes-nous ?"},"content":{"rendered":"<h2>L&rsquo;association<\/h2>\n<p><a href=\"https:\/\/www.asso-unil.ch\/caverne\/qui-sommes-nous\/statuts-de-lassociation-les-maitres-de-la-caverne\/\">Les statuts de l&rsquo;association.<\/a><\/p>\n<p><a href=\"https:\/\/www.asso-unil.ch\/caverne\/qui-sommes-nous\/reglements-et-contrats\/\">Le r\u00e8glement concernant les engagements de l&rsquo;association vis-\u00e0-vis des projets et ceux des chef.fe.x.s de projets pour la r\u00e9alisation de leur(s) projet(s) au sein de l&rsquo;association.<\/a><\/p>\n<p><a href=\"https:\/\/www.asso-unil.ch\/caverne\/qui-sommes-nous\/reglements-et-contrats\/#contrat\">Le contrat de collaboration entre les Ma\u00eetres de la Caverne et les chef.fe.x.s de projet(s).<\/a><\/p>\n<p>&nbsp;<\/p>\n","protected":false},"excerpt":{"rendered":"<p>L&rsquo;association Les statuts de l&rsquo;association. Le r\u00e8glement concernant les engagements de l&rsquo;association vis-\u00e0-vis des projets et ceux des chef.fe.x.s de projets pour la r\u00e9alisation de leur(s) projet(s) au sein de [&hellip;]<\/p>\n","protected":false},"author":1001005,"featured_media":5222,"parent":0,"menu_order":5,"comment_status":"closed","ping_status":"open","template":"","meta":{"_seopress_robots_primary_cat":"","_seopress_titles_title":"","_seopress_titles_desc":"","_seopress_robots_index":"","footnotes":""},"class_list":["post-3261","page","type-page","status-publish","has-post-thumbnail"],"_links":{"self":[{"href":"https:\/\/www.asso-unil.ch\/caverne\/wp-json\/wp\/v2\/pages\/3261","targetHints":{"allow":["GET"]}}],"collection":[{"href":"https:\/\/www.asso-unil.ch\/caverne\/wp-json\/wp\/v2\/pages"}],"about":[{"href":"https:\/\/www.asso-unil.ch\/caverne\/wp-json\/wp\/v2\/types\/page"}],"author":[{"embeddable":true,"href":"https:\/\/www.asso-unil.ch\/caverne\/wp-json\/wp\/v2\/users\/1001005"}],"replies":[{"embeddable":true,"href":"https:\/\/www.asso-unil.ch\/caverne\/wp-json\/wp\/v2\/comments?post=3261"}],"version-history":[{"count":0,"href":"https:\/\/www.asso-unil.ch\/caverne\/wp-json\/wp\/v2\/pages\/3261\/revisions"}],"wp:featuredmedia":[{"embeddable":true,"href":"https:\/\/www.asso-unil.ch\/caverne\/wp-json\/wp\/v2\/media\/5222"}],"wp:attachment":[{"href":"https:\/\/www.asso-unil.ch\/caverne\/wp-json\/wp\/v2\/media?parent=3261"}],"curies":[{"name":"wp","href":"https:\/\/api.w.org\/{rel}","templated":true}]}}