{"id":3225,"date":"2014-09-27T11:26:59","date_gmt":"2014-09-27T09:26:59","guid":{"rendered":"http:\/\/www.asso-unil.ch\/caverne\/?page_id=3225"},"modified":"2015-03-30T09:03:09","modified_gmt":"2015-03-30T07:03:09","slug":"banquet-22-octobre-2014-les-stoiciens","status":"publish","type":"page","link":"https:\/\/www.asso-unil.ch\/caverne\/banquets\/dates-des-banquets-2014-2015\/banquet-22-octobre-2014-les-stoiciens\/","title":{"rendered":"Banquet 22 octobre 2014, Le sto\u00efcisme et sa pretinence aujourd&rsquo;hui?"},"content":{"rendered":"<p>Quelques mots de Ma\u00ebl Goarzin pour nous parler de notre prochain Banquet.<\/p>\n<p style=\"text-align: justify\">Bonjour \u00e0 tous!<\/p>\n<p>Le prochain banquet philosophique organis\u00e9 par les Maitres de la Caverne aura lieu mercredi 22 octobre \u00e0 partir de 18h au<a href=\"https:\/\/www3.unil.ch\/wpmu\/grangededorigny\/infos-pratiques-2\/acces-2\/\"> foyer de la Grange de Dorigny.<\/a> Le th\u00e8me de ce banquet: <span style=\"font-size: large\"><strong>Le Sto\u00efcisme et sa pertinence, pour nous, aujourd&rsquo;hui<\/strong><\/span>. Con\u00e7u dans la perspective d&rsquo;ouvrir le d\u00e9bat et d&rsquo;alimenter la r\u00e9flexion sur cette question, le banquet sera anim\u00e9 par Ma\u00ebl Goarzin, doctorant en philosophie antique \u00e0 l&rsquo;Unil, Konstantin B\u00fcchler, ancien \u00e9tudiant de philosophie \u00e0 l&rsquo;Unil, et <a href=\"https:\/\/lem.vjf.cnrs.fr\/spip.php?article550\">Jordi Pi\u00e0, <\/a>ma\u00eetre de conf\u00e9rence \u00e0 Paris III et sp\u00e9cialiste du sto\u00efcisme.<\/p>\n<p style=\"text-align: justify\">Le sage sto\u00efcien est-il vraiment libre? N&rsquo;est-il pas \u00e9go\u00efste et insensible? A quoi bon se priver de tout et ne jouir de rien? Autant de lieux communs sur le sto\u00efcisme qu&rsquo;il sera utile de discuter avant de questionner la pertinence d&rsquo;une telle philosophie pour le lecteur contemporain. Que ce soit dans un univers fictif ou bien r\u00e9el, vivre en sto\u00efcien aujourd&rsquo;hui est-il envisageable?<\/p>\n<p style=\"text-align: justify\">Tous les membres de la section de philosophie, et au-del\u00e0, toute personne int\u00e9ress\u00e9e par la possibilit\u00e9 ou l&rsquo;impossibilit\u00e9 de vivre au quotidien les maximes d&rsquo;Epict\u00e8te ou les pr\u00e9ceptes de S\u00e9n\u00e8que, sont invit\u00e9s \u00e0 se joindre \u00e0 ce banquet, le 22 octobre!<\/p>\n<div style=\"text-align: justify\">\n<div align=\"justify\"><span lang=\"fr\">Pour vous pr\u00e9parer au d\u00e9bat et alimenter votre curiosit\u00e9, vous \u00eates invit\u00e9s \u00e0 lire le dossier d&rsquo;introduction au sto\u00efcisme r\u00e9dig\u00e9 par Konstantin B\u00fcchler et Ma\u00ebl Goarzin (prendre contact par mail aupr\u00e8s de <\/span><a href=\"mailto:mael.goarzin@unil.ch\" target=\"_blank\"><span lang=\"fr\">mael.goarzin@unil.ch<\/span><\/a><span lang=\"fr\"> pour s&rsquo;en procurer une copie).<\/span><\/div>\n<div align=\"justify\"><span lang=\"fr\">Nous vous invitons \u00e9galement \u00e0 visionner l\u2019entretien avec Philippe Hoffmann sur Pierre Hadot, philosophe fran\u00e7ais d\u00e9c\u00e9d\u00e9 en 2010 et grand lecteur des textes sto\u00efciens, qui a su mettre en pratique, dans sa propre vie, certains pr\u00e9ceptes sto\u00efciens. Les vid\u00e9os de l\u2019entretien sont <\/span><a href=\"https:\/\/www.youtube.com\/watch?v=zxSfN7Y4q0M&amp;list=PLmoGGuHQ4XYsJf9yk5fKynOD4yfDCfXM1\" target=\"_blank\"><span lang=\"fr\">visibles sur Youtube en cliquant ici<\/span><\/a><span lang=\"fr\">\u00a0!<\/span><\/div>\n<div align=\"justify\"><span lang=\"fr\">Nous vous invitons enfin \u00e0 \u00e9couter les deux entretiens audio (version courte et version longue) r\u00e9alis\u00e9s avec Jordi Pi\u00e0 sur les pr\u00e9sences du sto\u00efcisme au cours des si\u00e8cles, ils sont disponibles <\/span><a href=\"https:\/\/biospraktikos.hypotheses.org\/1748\" target=\"_blank\"><span lang=\"fr\">en cliquant ici<\/span><\/a><span lang=\"fr\">!<\/span><\/div>\n<p>C\u00f4t\u00e9 pratique, le banquet est non seulement sto\u00efcien mais aussi canadien, comme c&rsquo;est le cas habituellement, alors n&rsquo;oubliez pas d&rsquo;apporter un petit quelque chose \u00e0 manger ou \u00e0 boire!<\/p>\n<\/div>\n<div style=\"text-align: justify\"><\/div>\n<p style=\"text-align: justify\">\n","protected":false},"excerpt":{"rendered":"<p>Quelques mots de Ma\u00ebl Goarzin pour nous parler de notre prochain Banquet. Bonjour \u00e0 tous! Le prochain banquet philosophique organis\u00e9 par les Maitres de la Caverne aura lieu mercredi 22 [&hellip;]<\/p>\n","protected":false},"author":1001005,"featured_media":0,"parent":3507,"menu_order":3,"comment_status":"closed","ping_status":"closed","template":"","meta":{"_seopress_robots_primary_cat":"","_seopress_titles_title":"","_seopress_titles_desc":"","_seopress_robots_index":"","footnotes":""},"class_list":["post-3225","page","type-page","status-publish"],"_links":{"self":[{"href":"https:\/\/www.asso-unil.ch\/caverne\/wp-json\/wp\/v2\/pages\/3225","targetHints":{"allow":["GET"]}}],"collection":[{"href":"https:\/\/www.asso-unil.ch\/caverne\/wp-json\/wp\/v2\/pages"}],"about":[{"href":"https:\/\/www.asso-unil.ch\/caverne\/wp-json\/wp\/v2\/types\/page"}],"author":[{"embeddable":true,"href":"https:\/\/www.asso-unil.ch\/caverne\/wp-json\/wp\/v2\/users\/1001005"}],"replies":[{"embeddable":true,"href":"https:\/\/www.asso-unil.ch\/caverne\/wp-json\/wp\/v2\/comments?post=3225"}],"version-history":[{"count":0,"href":"https:\/\/www.asso-unil.ch\/caverne\/wp-json\/wp\/v2\/pages\/3225\/revisions"}],"up":[{"embeddable":true,"href":"https:\/\/www.asso-unil.ch\/caverne\/wp-json\/wp\/v2\/pages\/3507"}],"wp:attachment":[{"href":"https:\/\/www.asso-unil.ch\/caverne\/wp-json\/wp\/v2\/media?parent=3225"}],"curies":[{"name":"wp","href":"https:\/\/api.w.org\/{rel}","templated":true}]}}