{"id":3214,"date":"2014-09-23T17:46:20","date_gmt":"2014-09-23T15:46:20","guid":{"rendered":"http:\/\/www.asso-unil.ch\/caverne\/?page_id=3214"},"modified":"2024-11-20T12:47:53","modified_gmt":"2024-11-20T11:47:53","slug":"banquets","status":"publish","type":"page","link":"https:\/\/www.asso-unil.ch\/caverne\/banquets\/","title":{"rendered":"Banquets"},"content":{"rendered":"<h4>R\u00e9guli\u00e8rement, Les Ma\u00eetres de la Caverne organisent des banquets.<\/h4>\n<h4>Tout le monde est le bienvenu ! Si tu as envie de venir, consulte l&rsquo;agenda afin de savoir quand le prochain aura lieu.<\/h4>\n<p>Les Banquets mensuels ont lieu au\u00a0Foyer du Th\u00e9\u00e2tre La Grange de Dorigny. Ils constituent un \u00e9l\u00e9ment important des activit\u00e9s des Ma\u00eetres de la Caverne. Ils ont la vocation de :<\/p>\n<ul>\n<li>Donner un cadre, un rythme et une vitrine aux diff\u00e9rents projets et personnes souhaitant s&rsquo;exprimer \u00e0 travers l&rsquo;exploration de divers media.<\/li>\n<li>Offrir un espace de r\u00e9flexion et de discussions tout au long du processus de cr\u00e9ation<\/li>\n<li>Transmettre les exp\u00e9riences et comp\u00e9tences d\u00e9j\u00e0 acquises par une vol\u00e9e d\u2019\u00e9tudiant.e.x.s (et autres\u00a0cr\u00e9ateurs) \u00e0 la suivante<\/li>\n<li>Pr\u00e9senter et d\u00e9velopper des r\u00e9sultats interm\u00e9diaires devant un public d\u2019invit\u00e9.e.x.s<\/li>\n<li>Inviter (avec le soutien des Affaires Culturelles de l\u2019UniL) des professionnel.le.x.s de la\u00a0science et de l\u2019art (l\u2019\u00e9criture, la dramaturgie, la mise en sc\u00e8ne etc.) pour aider et conseiller les cr\u00e9ateurs<\/li>\n<li>R\u00e9fl\u00e9chir aux fa\u00e7ons ad\u00e9quates de m\u00e9diatiser des contenus th\u00e9oriques et de d\u00e9clencher des r\u00e9flexions.<\/li>\n<li>Quelques banquets sont soumis \u00e0 des th\u00e8mes et des d\u00e9roulements particuliers.<\/li>\n<\/ul>\n<p>Lors des banquets, chacun am\u00e8ne quelque chose \u00e0 boire ou \u00e0 manger pour un moment de partage d\u00e9complex\u00e9.<\/p>\n<p>Si vous voulez pr\u00e9senter un projet \u00e0 un Banquet contactez : michael.groneberg(at)unil.ch pour vous inscrire le plus t\u00f4t possible.<\/p>\n<h6>Semestre d&rsquo;automne<\/h6>\n<p>Prochain Banquet le 11 d\u00e9cembre 2024.<\/p>\n<h6>Anciens Banquets<\/h6>\n<ul>\n<li><a href=\"https:\/\/www.asso-unil.ch\/caverne\/banquets\/banquets-2016-2017\/\">Banquets 2016-2017<\/a><\/li>\n<li><a title=\"Banquets 2014-2015\" href=\"https:\/\/www.asso-unil.ch\/caverne\/banquets\/dates-des-banquets-2014-2015\/\">Banquets 2014-2015<\/a><\/li>\n<li><a title=\"Banquets 2013-2014\" href=\"https:\/\/www.asso-unil.ch\/caverne\/banquets-2014-2015\/banquets\/\">Banquets 2013-2014<\/a><\/li>\n<li><a title=\"Banquet 2012-2013\" href=\"https:\/\/www.asso-unil.ch\/caverne\/banquets-2014-2015\/banquet-2012-2013\/\">Banquets 2012-2013<\/a><\/li>\n<li><a title=\"Banquets 2011-2012\" href=\"https:\/\/www.asso-unil.ch\/caverne\/banquets-2014-2015\/banquets-sp-12\/\">Banquets 2011-2012<\/a><\/li>\n<\/ul>\n","protected":false},"excerpt":{"rendered":"<p>R\u00e9guli\u00e8rement, Les Ma\u00eetres de la Caverne organisent des banquets. Tout le monde est le bienvenu ! Si tu as envie de venir, consulte l&rsquo;agenda afin de savoir quand le prochain [&hellip;]<\/p>\n","protected":false},"author":1001005,"featured_media":0,"parent":0,"menu_order":4,"comment_status":"closed","ping_status":"closed","template":"","meta":{"_seopress_robots_primary_cat":"","_seopress_titles_title":"","_seopress_titles_desc":"","_seopress_robots_index":"","footnotes":""},"class_list":["post-3214","page","type-page","status-publish"],"_links":{"self":[{"href":"https:\/\/www.asso-unil.ch\/caverne\/wp-json\/wp\/v2\/pages\/3214","targetHints":{"allow":["GET"]}}],"collection":[{"href":"https:\/\/www.asso-unil.ch\/caverne\/wp-json\/wp\/v2\/pages"}],"about":[{"href":"https:\/\/www.asso-unil.ch\/caverne\/wp-json\/wp\/v2\/types\/page"}],"author":[{"embeddable":true,"href":"https:\/\/www.asso-unil.ch\/caverne\/wp-json\/wp\/v2\/users\/1001005"}],"replies":[{"embeddable":true,"href":"https:\/\/www.asso-unil.ch\/caverne\/wp-json\/wp\/v2\/comments?post=3214"}],"version-history":[{"count":1,"href":"https:\/\/www.asso-unil.ch\/caverne\/wp-json\/wp\/v2\/pages\/3214\/revisions"}],"predecessor-version":[{"id":5768,"href":"https:\/\/www.asso-unil.ch\/caverne\/wp-json\/wp\/v2\/pages\/3214\/revisions\/5768"}],"wp:attachment":[{"href":"https:\/\/www.asso-unil.ch\/caverne\/wp-json\/wp\/v2\/media?parent=3214"}],"curies":[{"name":"wp","href":"https:\/\/api.w.org\/{rel}","templated":true}]}}