{"id":2941,"date":"2014-04-09T14:50:54","date_gmt":"2014-04-09T12:50:54","guid":{"rendered":"http:\/\/www.asso-unil.ch\/caverne\/?page_id=2941"},"modified":"2014-09-27T11:44:44","modified_gmt":"2014-09-27T09:44:44","slug":"16-avr","status":"publish","type":"page","link":"https:\/\/www.asso-unil.ch\/caverne\/banquets\/banquets\/16-avr\/","title":{"rendered":"Banquet du 16 avril 2014, Courts m\u00e9trages pour le F\u00e9cule"},"content":{"rendered":"<p><img loading=\"lazy\" decoding=\"async\" class=\" wp-image-2968 alignright\" title=\"La Grange de Dorigny\" src=\"https:\/\/www.asso-unil.ch\/caverne\/files\/2014\/04\/grange_nuit-300x201.jpg\" alt=\"La Grange de Dorigny\" width=\"240\" height=\"161\" srcset=\"https:\/\/www.asso-unil.ch\/caverne\/files\/2014\/04\/grange_nuit-300x201.jpg 300w, https:\/\/www.asso-unil.ch\/caverne\/files\/2014\/04\/grange_nuit.jpg 361w\" sizes=\"auto, (max-width: 240px) 100vw, 240px\" \/>Mercredi 16 avril d\u00e8s 17h, les courts m\u00e9trages pour le <a title=\"Festival F\u00e9cule\" href=\"https:\/\/www3.unil.ch\/wpmu\/fecule\/\" target=\"_blank\">Festival F\u00e9cule<\/a> seront \u00e0 l&rsquo;honneur dans un banquet au repas canadien et aux douces musiques au Th\u00e9\u00e2tre La Grange de Dorigny.<\/p>\n<p>Nous aurons l\u2019honneur d\u2019accueillir pour les projections sur grand \u00e9cran le r\u00e9alisateur Adrien Bordone, qui donnera des conseils aux \u00e9tudiant-e-s investi-e-s dans ce travail. Elles ont \u00e9t\u00e9 cr\u00e9es autour des trois grands th\u00e8mes de cette ann\u00e9e, les <a title=\"Regards L\u00e9maniques\" href=\"https:\/\/www.asso-unil.ch\/caverne\/regards\/\">Regards L\u00e9maniques<\/a>, consacr\u00e9s aux auteurs et artistes ayant v\u00e9cu autour de notre bien-aim\u00e9 lac, <a title=\"Col\u00e8re et D\u00e9sir 2013-2014\" href=\"https:\/\/www.asso-unil.ch\/caverne\/colere\/\">Col\u00e8re et D\u00e9sir<\/a>, qui met en sc\u00e8ne les \u00e9motions d\u2019auteurs et personnages, et <a title=\"Monnaie, mon amour (film) \u2013 Michael Groneberg\" href=\"https:\/\/www.asso-unil.ch\/caverne\/colere\/projets\/monnaie-mon-amour\/\">Monnaie mon amour<\/a>, qui explore les r\u00e9actions sur la place de l\u2019argent dans nos vies.<\/p>\n<p><strong>Programme des projections :<\/strong><br \/>\n17h Regards L\u00e9maniques : Cingria, Ramuz, Charlot et Rousseau.<br \/>\n18h Coups de d\u00e9s, par Gregory Thonney.<br \/>\n19h Monnaie mon amour.<\/p>\n","protected":false},"excerpt":{"rendered":"<p>Mercredi 16 avril d\u00e8s 17h, les courts m\u00e9trages pour le Festival F\u00e9cule seront \u00e0 l&rsquo;honneur dans un banquet au repas canadien et aux douces musiques au Th\u00e9\u00e2tre La Grange de [&hellip;]<\/p>\n","protected":false},"author":27,"featured_media":0,"parent":1274,"menu_order":1,"comment_status":"open","ping_status":"closed","template":"","meta":{"_seopress_robots_primary_cat":"","_seopress_titles_title":"","_seopress_titles_desc":"","_seopress_robots_index":"","footnotes":""},"class_list":["post-2941","page","type-page","status-publish"],"_links":{"self":[{"href":"https:\/\/www.asso-unil.ch\/caverne\/wp-json\/wp\/v2\/pages\/2941","targetHints":{"allow":["GET"]}}],"collection":[{"href":"https:\/\/www.asso-unil.ch\/caverne\/wp-json\/wp\/v2\/pages"}],"about":[{"href":"https:\/\/www.asso-unil.ch\/caverne\/wp-json\/wp\/v2\/types\/page"}],"author":[{"embeddable":true,"href":"https:\/\/www.asso-unil.ch\/caverne\/wp-json\/wp\/v2\/users\/27"}],"replies":[{"embeddable":true,"href":"https:\/\/www.asso-unil.ch\/caverne\/wp-json\/wp\/v2\/comments?post=2941"}],"version-history":[{"count":0,"href":"https:\/\/www.asso-unil.ch\/caverne\/wp-json\/wp\/v2\/pages\/2941\/revisions"}],"up":[{"embeddable":true,"href":"https:\/\/www.asso-unil.ch\/caverne\/wp-json\/wp\/v2\/pages\/1274"}],"wp:attachment":[{"href":"https:\/\/www.asso-unil.ch\/caverne\/wp-json\/wp\/v2\/media?parent=2941"}],"curies":[{"name":"wp","href":"https:\/\/api.w.org\/{rel}","templated":true}]}}