{"id":244,"date":"2011-09-08T12:40:32","date_gmt":"2011-09-08T10:40:32","guid":{"rendered":"http:\/\/www3.unil.ch\/wpmu\/caverne\/?page_id=244"},"modified":"2018-01-23T14:26:28","modified_gmt":"2018-01-23T13:26:28","slug":"projets-2012-2013","status":"publish","type":"page","link":"https:\/\/www.asso-unil.ch\/caverne\/projets\/projets-2012-2013\/","title":{"rendered":"Projets 2012-2013"},"content":{"rendered":"<p>Vous r\u00eavez d&rsquo;un futur particulier? Vous avez (encore) une vision de l&rsquo;avenir?<\/p>\n<p>Les Ma\u00eetres de la Caverne vous offrent un cadre de r\u00eave pour vos productions utilisant divers m\u00e9dia autour du th\u00e8me : <a href=\"https:\/\/www.asso-unil.ch\/caverne\/projets\/projets-2012-2013\/projets\/\">Opsis: visions du futur \u2013 cultures de la vision.<\/a><\/p>\n<p>Que vous soyez \u00e9tudiant-e ou enseignant-e, vous avez la possibilit\u00e9 de pr\u00e9senter les r\u00e9sultats de vos \u00e9tudes ou recherches et les r\u00e9flexions qui les accompagnent en utilisant les m\u00e9dia de vos choix en ouverture du Festival F\u00e9cule au Th\u00e9\u00e2tre la Grange de Dorigny (12-14 avril 2013).<\/p>\n","protected":false},"excerpt":{"rendered":"<p>Vous r\u00eavez d&rsquo;un futur particulier? Vous avez (encore) une vision de l&rsquo;avenir? Les Ma\u00eetres de la Caverne vous offrent un cadre de r\u00eave pour vos productions utilisant divers m\u00e9dia autour [&hellip;]<\/p>\n","protected":false},"author":1001080,"featured_media":0,"parent":4667,"menu_order":0,"comment_status":"closed","ping_status":"closed","template":"","meta":{"_seopress_robots_primary_cat":"","_seopress_titles_title":"","_seopress_titles_desc":"","_seopress_robots_index":"","footnotes":""},"class_list":["post-244","page","type-page","status-publish"],"_links":{"self":[{"href":"https:\/\/www.asso-unil.ch\/caverne\/wp-json\/wp\/v2\/pages\/244","targetHints":{"allow":["GET"]}}],"collection":[{"href":"https:\/\/www.asso-unil.ch\/caverne\/wp-json\/wp\/v2\/pages"}],"about":[{"href":"https:\/\/www.asso-unil.ch\/caverne\/wp-json\/wp\/v2\/types\/page"}],"author":[{"embeddable":true,"href":"https:\/\/www.asso-unil.ch\/caverne\/wp-json\/wp\/v2\/users\/1001080"}],"replies":[{"embeddable":true,"href":"https:\/\/www.asso-unil.ch\/caverne\/wp-json\/wp\/v2\/comments?post=244"}],"version-history":[{"count":0,"href":"https:\/\/www.asso-unil.ch\/caverne\/wp-json\/wp\/v2\/pages\/244\/revisions"}],"up":[{"embeddable":true,"href":"https:\/\/www.asso-unil.ch\/caverne\/wp-json\/wp\/v2\/pages\/4667"}],"wp:attachment":[{"href":"https:\/\/www.asso-unil.ch\/caverne\/wp-json\/wp\/v2\/media?parent=244"}],"curies":[{"name":"wp","href":"https:\/\/api.w.org\/{rel}","templated":true}]}}