{"id":2439,"date":"2014-01-14T12:28:17","date_gmt":"2014-01-14T11:28:17","guid":{"rendered":"http:\/\/www.asso-unil.ch\/caverne\/?page_id=2439"},"modified":"2018-01-23T12:36:56","modified_gmt":"2018-01-23T11:36:56","slug":"atelier-de-theatre-avec-michel-toman-le-deuxieme","status":"publish","type":"page","link":"https:\/\/www.asso-unil.ch\/caverne\/ateliers\/atelier-de-theatre-avec-michel-toman-le-deuxieme\/","title":{"rendered":"Atelier de th\u00e9\u00e2tre avec Michel Toman (le deuxi\u00e8me)"},"content":{"rendered":"<p>Le premier atelier de th\u00e9\u00e2tre amateur avec le metteur en sc\u00e8ne Michel Toman a remport\u00e9 un succ\u00e8s ph\u00e9nom\u00e9nal. Nous en organisons donc un deuxi\u00e8me mardi 21 janvier de 13h \u00e0 21h. Il est gratuit et ouvert \u00e0 tou-te-s les membres de l\u2019UniL, et dans la mesure des places disponibles \u00e0 ceux de l\u2019EPFL. Il est limit\u00e9 \u00e0 16 participant-e-s et vous \u00eates donc pri\u00e9s de vous inscrire par mail \u00e0 info-caverne@unil.ch.<\/p>\n<p><img loading=\"lazy\" decoding=\"async\" src=\"https:\/\/www.zupimages.net\/up\/17\/42\/4dqk.jpg\" width=\"640\" height=\"426\"><\/p>\n<h6>Mardi 21 janvier<\/h6>\n<p>12h-13h : Repas \u00e0 la Banane<\/p>\n<p>13h-18h : L&rsquo;acteur (dans la salle de musique de l&rsquo;Unith\u00e8que (Banane))<\/p>\n<p>1.- Seul en sc\u00e8ne : monologue et relation avec le public (si vous n&rsquo;avez pas encore le petit monologue de Botho Stauss, demandez-le \u00e0 info-caverne@unil.ch).<br \/>\n2.- Dialoguer : construire la relation d\u2019adresse et d\u2019\u00e9coute.<br \/>\n3.- Cr\u00e9ation : \u00e9quilibre entre jeu, chant, photo, et film<br \/>\n4.- Repr\u00e9sentation de la qu\u00eate de l&rsquo;\u00eatre (philosophie et po\u00e9sie)<\/p>\n<p>18h-21h : L&rsquo;espace (dans la salle de spectacle du Th\u00e9\u00e2tre La Grange de Dorigny)<\/p>\n<p>1.- Spatialit\u00e9 : occuper l\u2019espace. Mobilit\u00e9 et station.<br \/>\n2.- Mise en sc\u00e8ne : sc\u00e9nographie et objectifs<\/p>\n<p>De 10h \u00e0 12h, nous serons en salle de musique de l&rsquo;Unith\u00e8que (Banane) pour pr\u00e9parer les films, n&rsquo;h\u00e9sitez pas \u00e0 nous rejoindre si vous \u00eates int\u00e9ress\u00e9s. Si, au contraire, vous n&rsquo;\u00eates pas disponibles pendant la journ\u00e9e, n&rsquo;h\u00e9sitez pas \u00e0 nous rejoindre le soir. Enfin, nous vous invitons, si vous avez des questions pr\u00e9cises \u00e0 poser \u00e0 Michel Toman ou des propositions \u00e0 faire, \u00e0 les envoyer quand vous vous inscrivez \u00e0 info-caverne@unil.ch.<\/p>\n<p>&nbsp;<\/p>\n","protected":false},"excerpt":{"rendered":"<p>Le premier atelier de th\u00e9\u00e2tre amateur avec le metteur en sc\u00e8ne Michel Toman a remport\u00e9 un succ\u00e8s ph\u00e9nom\u00e9nal. Nous en organisons donc un deuxi\u00e8me mardi 21 janvier de 13h \u00e0 [&hellip;]<\/p>\n","protected":false},"author":1001080,"featured_media":0,"parent":3346,"menu_order":1,"comment_status":"closed","ping_status":"closed","template":"","meta":{"_seopress_robots_primary_cat":"","_seopress_titles_title":"","_seopress_titles_desc":"","_seopress_robots_index":"","footnotes":""},"class_list":["post-2439","page","type-page","status-publish"],"_links":{"self":[{"href":"https:\/\/www.asso-unil.ch\/caverne\/wp-json\/wp\/v2\/pages\/2439","targetHints":{"allow":["GET"]}}],"collection":[{"href":"https:\/\/www.asso-unil.ch\/caverne\/wp-json\/wp\/v2\/pages"}],"about":[{"href":"https:\/\/www.asso-unil.ch\/caverne\/wp-json\/wp\/v2\/types\/page"}],"author":[{"embeddable":true,"href":"https:\/\/www.asso-unil.ch\/caverne\/wp-json\/wp\/v2\/users\/1001080"}],"replies":[{"embeddable":true,"href":"https:\/\/www.asso-unil.ch\/caverne\/wp-json\/wp\/v2\/comments?post=2439"}],"version-history":[{"count":0,"href":"https:\/\/www.asso-unil.ch\/caverne\/wp-json\/wp\/v2\/pages\/2439\/revisions"}],"up":[{"embeddable":true,"href":"https:\/\/www.asso-unil.ch\/caverne\/wp-json\/wp\/v2\/pages\/3346"}],"wp:attachment":[{"href":"https:\/\/www.asso-unil.ch\/caverne\/wp-json\/wp\/v2\/media?parent=2439"}],"curies":[{"name":"wp","href":"https:\/\/api.w.org\/{rel}","templated":true}]}}