{"id":2203,"date":"2013-11-27T13:05:42","date_gmt":"2013-11-27T12:05:42","guid":{"rendered":"http:\/\/www.asso-unil.ch\/caverne\/?page_id=2203"},"modified":"2015-03-03T22:52:13","modified_gmt":"2015-03-03T21:52:13","slug":"lucioles","status":"publish","type":"page","link":"https:\/\/www.asso-unil.ch\/caverne\/projets\/projets-2013-2014\/lucioles\/","title":{"rendered":"Lucioles &#8211; Ricardo Pinz\u00f3n"},"content":{"rendered":"<p>Court m\u00e9trage d\u2019animation de Ricardo Pinz\u00f3n<\/p>\n<p>Dur\u00e9e : 10 minutes<\/p>\n<p style=\"text-align: justify\">En utilisant un m\u00e9lange de fiction et de documentaire \u00ab\u00a0Lucioles\u00a0\u00bb raconte l&rsquo;histoire d&rsquo;une<br \/>\n\u00e2me amn\u00e9sique en peine qui est \u00e0 la recherche de sa m\u00e9moire pendant qu\u2019elle<br \/>\naccompagne son corps errant \u00e0 travers la rivi\u00e8re Magdalena apr\u00e8s avoir subi une mort<br \/>\nviolente. En prenant la forme d&rsquo;un groupe de lucioles lumineuses, ce fant\u00f4me errant<br \/>\ncommence un voyage \u00e0 la fois magique et sombre o\u00f9 il passe par les diff\u00e9rentes \u00e9tapes<br \/>\nde sa vie.<br \/>\nEnfin l\u2019\u00e2me en peine atteint le village de Puerto Berrio o\u00f9 son corps est sauv\u00e9 des eaux<br \/>\npour son enterrement, faisant de lui un \u00abescogido\u00bb (un \u00e9lu), comme d\u2019autres milliers de<br \/>\nNN (Nomen nescio, nom inconnu) de ce fleuve: un saint \u00e0 qui demander des faveurs et<br \/>\ndes b\u00e9n\u00e9dictions.<br \/>\nCurieusement, il r\u00e9cup\u00e8re sa m\u00e9moire au moment o\u00f9, selon la tradition des cimeti\u00e8res<br \/>\ndes NN, on lui attribue un nom qui n\u2019est pas le sien. Un nom n\u00e9 de l&rsquo;imagination des gens<br \/>\nde Puerto Berrio, dont la majorit\u00e9 a, \u00e9galement, perdu un \u00eatre cher dont le corps flotte<br \/>\nprobablement encore sur le Magdalena.<\/p>\n<p>Teaser:\u00a0<a href=\"https:\/\/vimeo.com\/56125179\">https:\/\/vimeo.com\/56125179<\/a><\/p>\n<p>&nbsp;<\/p>\n","protected":false},"excerpt":{"rendered":"<p>Court m\u00e9trage d\u2019animation de Ricardo Pinz\u00f3n Dur\u00e9e : 10 minutes En utilisant un m\u00e9lange de fiction et de documentaire \u00ab\u00a0Lucioles\u00a0\u00bb raconte l&rsquo;histoire d&rsquo;une \u00e2me amn\u00e9sique en peine qui est \u00e0 [&hellip;]<\/p>\n","protected":false},"author":27,"featured_media":0,"parent":1620,"menu_order":13,"comment_status":"closed","ping_status":"closed","template":"","meta":{"_seopress_robots_primary_cat":"","_seopress_titles_title":"","_seopress_titles_desc":"","_seopress_robots_index":"","footnotes":""},"class_list":["post-2203","page","type-page","status-publish"],"_links":{"self":[{"href":"https:\/\/www.asso-unil.ch\/caverne\/wp-json\/wp\/v2\/pages\/2203","targetHints":{"allow":["GET"]}}],"collection":[{"href":"https:\/\/www.asso-unil.ch\/caverne\/wp-json\/wp\/v2\/pages"}],"about":[{"href":"https:\/\/www.asso-unil.ch\/caverne\/wp-json\/wp\/v2\/types\/page"}],"author":[{"embeddable":true,"href":"https:\/\/www.asso-unil.ch\/caverne\/wp-json\/wp\/v2\/users\/27"}],"replies":[{"embeddable":true,"href":"https:\/\/www.asso-unil.ch\/caverne\/wp-json\/wp\/v2\/comments?post=2203"}],"version-history":[{"count":0,"href":"https:\/\/www.asso-unil.ch\/caverne\/wp-json\/wp\/v2\/pages\/2203\/revisions"}],"up":[{"embeddable":true,"href":"https:\/\/www.asso-unil.ch\/caverne\/wp-json\/wp\/v2\/pages\/1620"}],"wp:attachment":[{"href":"https:\/\/www.asso-unil.ch\/caverne\/wp-json\/wp\/v2\/media?parent=2203"}],"curies":[{"name":"wp","href":"https:\/\/api.w.org\/{rel}","templated":true}]}}