{"id":2158,"date":"2013-11-12T14:39:39","date_gmt":"2013-11-12T13:39:39","guid":{"rendered":"http:\/\/www.asso-unil.ch\/caverne\/?page_id=2158"},"modified":"2014-04-12T11:51:25","modified_gmt":"2014-04-12T09:51:25","slug":"visite","status":"publish","type":"page","link":"https:\/\/www.asso-unil.ch\/caverne\/archive\/regards\/visite\/","title":{"rendered":"Visite guid\u00e9e de \u00ab\u00a040 ans d&rsquo;art vid\u00e9o\u00a0\u00bb"},"content":{"rendered":"<p>La m\u00e9diatrice du Mus\u00e9e Cantonal des Beaux-Arts, Sandrine Moeschler, offre aux Ma\u00eetres de la Caverne un tour guid\u00e9 et libre \u00e0 travers l&rsquo;exposition \u00ab\u00a0Making Space. 40 ans d&rsquo;art vid\u00e9o\u00a0\u00bb le samedi 23 novembre pour ceux et celles qui s&rsquo;int\u00e9ressent \u00e0 l&rsquo;art vid\u00e9o et \u00e0 l&rsquo;exploration de ce medium par les artistes.<\/p>\n<p>Nous pourrons visiter librement l&rsquo;exposition d\u00e8s 11h00 et retrouveront la m\u00e9diatrice dans la 1<sup>\u00e8re<\/sup> salle d&rsquo;exposition \u00e0 11h30 pour commencer la visite en commun. Si vous voulez discuter de vos id\u00e9es pour une production vid\u00e9o en relation avec l&rsquo;<em>\u0152uvre 23 <\/em>au Ch\u00e2teau de Chillon, veuillez pr\u00e9voir de rester encore un peu apr\u00e8s, disons jusqu&rsquo;\u00e0 14h00.<\/p>\n<p><strong>Lieu :<\/strong><br \/>\nMus\u00e9e cantonal des Beaux-Arts \/Lausanne<br \/>\nPalais de Rumine &#8211; Place Riponne 6<br \/>\nCH &#8211; 1014 Lausanne<\/p>\n<p>Veuillez vous inscrire aupr\u00e8s de Michael.Groneberg@unil.ch par un e-mail, car nous avons d\u00fb fixer une limite sup\u00e9rieure des visiteurs.<\/p>\n","protected":false},"excerpt":{"rendered":"<p>La m\u00e9diatrice du Mus\u00e9e Cantonal des Beaux-Arts, Sandrine Moeschler, offre aux Ma\u00eetres de la Caverne un tour guid\u00e9 et libre \u00e0 travers l&rsquo;exposition \u00ab\u00a0Making Space. 40 ans d&rsquo;art vid\u00e9o\u00a0\u00bb le [&hellip;]<\/p>\n","protected":false},"author":27,"featured_media":0,"parent":2156,"menu_order":3,"comment_status":"closed","ping_status":"closed","template":"","meta":{"_seopress_robots_primary_cat":"","_seopress_titles_title":"","_seopress_titles_desc":"","_seopress_robots_index":"","footnotes":""},"class_list":["post-2158","page","type-page","status-publish"],"_links":{"self":[{"href":"https:\/\/www.asso-unil.ch\/caverne\/wp-json\/wp\/v2\/pages\/2158","targetHints":{"allow":["GET"]}}],"collection":[{"href":"https:\/\/www.asso-unil.ch\/caverne\/wp-json\/wp\/v2\/pages"}],"about":[{"href":"https:\/\/www.asso-unil.ch\/caverne\/wp-json\/wp\/v2\/types\/page"}],"author":[{"embeddable":true,"href":"https:\/\/www.asso-unil.ch\/caverne\/wp-json\/wp\/v2\/users\/27"}],"replies":[{"embeddable":true,"href":"https:\/\/www.asso-unil.ch\/caverne\/wp-json\/wp\/v2\/comments?post=2158"}],"version-history":[{"count":0,"href":"https:\/\/www.asso-unil.ch\/caverne\/wp-json\/wp\/v2\/pages\/2158\/revisions"}],"up":[{"embeddable":true,"href":"https:\/\/www.asso-unil.ch\/caverne\/wp-json\/wp\/v2\/pages\/2156"}],"wp:attachment":[{"href":"https:\/\/www.asso-unil.ch\/caverne\/wp-json\/wp\/v2\/media?parent=2158"}],"curies":[{"name":"wp","href":"https:\/\/api.w.org\/{rel}","templated":true}]}}