{"id":2129,"date":"2013-10-30T14:19:40","date_gmt":"2013-10-30T13:19:40","guid":{"rendered":"http:\/\/www.asso-unil.ch\/caverne\/?page_id=2129"},"modified":"2018-01-23T14:15:11","modified_gmt":"2018-01-23T13:15:11","slug":"cafe","status":"publish","type":"page","link":"https:\/\/www.asso-unil.ch\/caverne\/projets\/projets-2013-2014\/cafe\/","title":{"rendered":"Le Caf\u00e9 des Voyageurs &#8211; Coline Ladetto"},"content":{"rendered":"<p>Th\u00e9\u00e2tre: cr\u00e9ation originale \/ mise en sc\u00e8ne \/ projet \u00e9tudiants\/professionnels du th\u00e9\u00e2tre<\/p>\n<p>Distribution f\u00e9minine : Iris Dwir-Goldberg, Melie Fellay, Coline Ladetto, Margot Prod&rsquo;hom.<\/p>\n<p>Distribution masculine : Michael Groneberg, Vincent Laughery, Thibaud Mettraux, Gr\u00e9gory Thonney.<\/p>\n<p><i>Le Caf\u00e9 des Voyageurs<\/i> est une com\u00e9die schizophr\u00e8ne \u00e9crite par Coline Ladetto.<\/p>\n<p>Elle s&rsquo;inspire librement de la nouvelle homonyme de Corinna Bille (paru dans la Fraise Noire), auteure valaisanne du XXe si\u00e8cle. Une version pour sept personnages \u00e9tant d\u00e9j\u00e0 achev\u00e9e, Coline pr\u00e9pare actuellement une pour quatre: Victoire la m\u00e8re dominante f\u00eate chaque ann\u00e9e l&rsquo;anniversaire de son fils d\u00e9funt; Robert son majordome adore Madame et joue volontiers \u00e0 son jeu; Margot la fianc\u00e9e du fils mort, en mal de fianc\u00e9, veut arr\u00eater ce jeu, mais sans succ\u00e8s; Germain le jeune homme est enlev\u00e9 \u00e0 la gare pour jouer, cette ann\u00e9e, le fils perdu et retrouv\u00e9.<\/p>\n<p>L&rsquo;intrigue : La m\u00e8re a perdu son fils depuis plus de vingt ans lors d\u2019un accident de train, alors qu\u2019il se rendait chez elle pour d\u00eener. Celle-ci, chaque ann\u00e9e, demande \u00e0 son majordome d\u2019aller chercher \u00e0 la gare, au hasard, un jeune homme<i> <\/i>pour d\u00eener avec elle, ce d\u00eener qu\u2019elle ne pourra jamais avoir avec son fils. G\u00e9n\u00e9ralement tout se passe bien, mais cette ann\u00e9e-l\u00e0, le jeune homme que choisit le cocher ressemble \u00e9norm\u00e9ment au fils mort&#8230;<br \/>\nLe d\u00e9ni de la r\u00e9alit\u00e9 douloureuse et la fuite de cette m\u00e8re dans un monde imag\u00e9 sont le r\u00e9sultat de la col\u00e8re contre le destin et du d\u00e9sir d&rsquo;une vie heureuse &#8211; elle ne peut accepter l\u2019absurdit\u00e9 de la vie. Le d\u00e9sir de le revoir est si fort qu\u2019elle se dresse devant la mort, quitte \u00e0 en perdre la raison. Travailler sur cette col\u00e8re et ce d\u00e9sir sera essentiel pour aborder ces personnages. La mise en vibration de ces deux sentiments permettra d\u2019aborder le jeu de la folie, sans l\u2019aborder de front.<\/p>\n<p>L\u2019originalit\u00e9 de cette pi\u00e8ce est sa r\u00e9flexion sur, et le jeu avec les limites entre la narration et la <em>mim\u00easis<\/em>. En effet, les personnages de la pi\u00e8ce jouent eux-m\u00eames une mise en sc\u00e8ne dans laquelle ils utilisent la troisi\u00e8me personne du singulier pour parler d\u2019eux-m\u00eames. Ils ne disent donc pas <i>Je,<\/i> mais <i>Il<\/i> ou <i>Elle<\/i>.<\/p>\n<p>Comment jouer cela&nbsp;? A quel jeu correspond cette \u00e9criture&nbsp;? Voici un des questionnements qui animera la recherche des com\u00e9diens et de la mise en sc\u00e8ne et qui rendra palpitant, esp\u00e9rons-le, les repr\u00e9sentations.<\/p>\n<p>Depuis l&rsquo;\u00e9t\u00e9 2013, Coline Ladetto met en sc\u00e8ne cette pi\u00e8ce avec deux \u00e9quipes d&rsquo;\u00e9tudiant-e-s, l&rsquo;adaptant au cours des r\u00e9p\u00e9titions. Ces derni\u00e8res ont lieu, depuis septembre 2013, une \u00e0 deux fois par semaine, toujours les mardis soirs de 17h-20h30, et parfois le mercredi soir. Dans l&rsquo;id\u00e9al, deux distributions sont pr\u00e9vues, une masculine et une f\u00e9minine.<\/p>\n<p>Au printemps 2014, Coline mettra en sc\u00e8ne la m\u00eame pi\u00e8ce \u00e0 4 personnes avec des com\u00e9diens professionnels au Petith\u00e9\u00e2tre de Sion. A voir o\u00f9 nous m\u00e8nera le partage des exp\u00e9riences entre les trois mises en sc\u00e8ne.<\/p>\n","protected":false},"excerpt":{"rendered":"<p>Th\u00e9\u00e2tre: cr\u00e9ation originale \/ mise en sc\u00e8ne \/ projet \u00e9tudiants\/professionnels du th\u00e9\u00e2tre Distribution f\u00e9minine : Iris Dwir-Goldberg, Melie Fellay, Coline Ladetto, Margot Prod&rsquo;hom. Distribution masculine : Michael Groneberg, Vincent Laughery, [&hellip;]<\/p>\n","protected":false},"author":1001080,"featured_media":0,"parent":1620,"menu_order":0,"comment_status":"closed","ping_status":"closed","template":"","meta":{"_seopress_robots_primary_cat":"","_seopress_titles_title":"","_seopress_titles_desc":"","_seopress_robots_index":"","footnotes":""},"class_list":["post-2129","page","type-page","status-publish"],"_links":{"self":[{"href":"https:\/\/www.asso-unil.ch\/caverne\/wp-json\/wp\/v2\/pages\/2129","targetHints":{"allow":["GET"]}}],"collection":[{"href":"https:\/\/www.asso-unil.ch\/caverne\/wp-json\/wp\/v2\/pages"}],"about":[{"href":"https:\/\/www.asso-unil.ch\/caverne\/wp-json\/wp\/v2\/types\/page"}],"author":[{"embeddable":true,"href":"https:\/\/www.asso-unil.ch\/caverne\/wp-json\/wp\/v2\/users\/1001080"}],"replies":[{"embeddable":true,"href":"https:\/\/www.asso-unil.ch\/caverne\/wp-json\/wp\/v2\/comments?post=2129"}],"version-history":[{"count":0,"href":"https:\/\/www.asso-unil.ch\/caverne\/wp-json\/wp\/v2\/pages\/2129\/revisions"}],"up":[{"embeddable":true,"href":"https:\/\/www.asso-unil.ch\/caverne\/wp-json\/wp\/v2\/pages\/1620"}],"wp:attachment":[{"href":"https:\/\/www.asso-unil.ch\/caverne\/wp-json\/wp\/v2\/media?parent=2129"}],"curies":[{"name":"wp","href":"https:\/\/api.w.org\/{rel}","templated":true}]}}