{"id":211,"date":"2011-09-07T12:50:30","date_gmt":"2011-09-07T10:50:30","guid":{"rendered":"http:\/\/www3.unil.ch\/wpmu\/caverne\/?page_id=211"},"modified":"2014-04-12T11:53:19","modified_gmt":"2014-04-12T09:53:19","slug":"pauline-caroline","status":"publish","type":"page","link":"https:\/\/www.asso-unil.ch\/caverne\/projets\/projets-2011-2012\/projets-en-cours\/pauline-caroline\/","title":{"rendered":"\u00ab Reflets \u00bb de Caroline Dorn &amp; Paulina Alemparte"},"content":{"rendered":"<p><span style=\"color: #339966\">Etat (\u00e0 la mi-novembre 2011) de l\u2019avancement du projet :<\/span><br \/>\nPlanification. Travail de r\u00e9\u00e9criture des dialogues. Tournage pr\u00e9vu en d\u00e9but d&rsquo;ann\u00e9e 2012.<\/p>\n<p><span style=\"color: #339966\">R\u00e9flexions de base<\/span><\/p>\n<p style=\"text-align: justify\"><span style=\"color: #339966\">Soci\u00e9t\u00e9<\/span><br \/>\n1) La Science est notre nouvelle religion.<br \/>\n2) Nous sommes une soci\u00e9t\u00e9 d&rsquo;\u00e9gotistes. Nous voulons \u00eatre entendus, mais nous ne voulons pas \u00e9couter.<br \/>\n3) La fonction des intellectuels est d\u00e9finie par la partie de notre soci\u00e9t\u00e9 qui d\u00e9tient le pouvoir (en ce moment : les milieux \u00e9conomiques).<\/p>\n<p><span style=\"color: #339966\">Cr\u00e9ativit\u00e9<\/span><br \/>\n4) La cr\u00e9ativit\u00e9 consiste \u00e0 combiner des id\u00e9es qui existent d\u00e9j\u00e0, mais d\u2019une mani\u00e8re diff\u00e9rente.<br \/>\nDans ces combinaisons, certaines id\u00e9es prennent un nouveau sens. Cela g\u00e9n\u00e8re le d\u00e9veloppement de la pens\u00e9e.<\/p>\n<p><span style=\"color: #339966\">Progr\u00e8s et Profit<\/span><br \/>\n5) On d\u00e9finit le progr\u00e8s comme l&rsquo;obtention d&rsquo;une plus haute qualit\u00e9 de vie pour plus de gens.<br \/>\nLe progr\u00e8s est limit\u00e9 par les ressources naturelles et par l&rsquo;environnement.<br \/>\nDe nos jours, on confond souvent progr\u00e8s et profit. Les limites des ressources naturelles et de l&rsquo;environnement ne sont pas toujours prises en compte sur le long terme. Cela nuit au progr\u00e8s.<\/p>\n<p><span style=\"color: #339966\"> Les objectifs<\/span><br \/>\nR\u00e9duire \u00e0 quelques assertions simples certains aspects du rapport individuel au savoir et de ses buts dans notre soci\u00e9t\u00e9 actuelle.<br \/>\nMettre en discussion ces aspects.<br \/>\nTraduire ces assertions dans l&rsquo;espace.<\/p>\n<p style=\"text-align: justify\"><span style=\"color: #339966\">Comment ?<br \/>\n<span style=\"color: #999999\">Une sc\u00e8ne. Deux personnes parlent et bougent.<\/span><br \/>\n<span style=\"color: #999999\"> On utilise des \u00e9l\u00e9ments du th\u00e9\u00e2tre et du travail corporel. Le tout sera int\u00e9gr\u00e9 \u00e0 un court-m\u00e9trage.<\/span><\/span><\/p>\n<p style=\"text-align: justify\"><span style=\"color: #3366ff\"><a title=\"entretien avec Caroline\" href=\"https:\/\/www3.unil.ch\/wpmu\/caverne\/projets-en-cours\/pauline-caroline\/entretien-avec-caroline\/\"><span style=\"color: #3366ff\">(Entretien)<\/span><\/a><\/span><\/p>\n","protected":false},"excerpt":{"rendered":"<p>Etat (\u00e0 la mi-novembre 2011) de l\u2019avancement du projet : Planification. Travail de r\u00e9\u00e9criture des dialogues. Tournage pr\u00e9vu en d\u00e9but d&rsquo;ann\u00e9e 2012. R\u00e9flexions de base Soci\u00e9t\u00e9 1) La Science est [&hellip;]<\/p>\n","protected":false},"author":27,"featured_media":0,"parent":208,"menu_order":8,"comment_status":"closed","ping_status":"closed","template":"","meta":{"_seopress_robots_primary_cat":"","_seopress_titles_title":"","_seopress_titles_desc":"","_seopress_robots_index":"","footnotes":""},"class_list":["post-211","page","type-page","status-publish"],"_links":{"self":[{"href":"https:\/\/www.asso-unil.ch\/caverne\/wp-json\/wp\/v2\/pages\/211","targetHints":{"allow":["GET"]}}],"collection":[{"href":"https:\/\/www.asso-unil.ch\/caverne\/wp-json\/wp\/v2\/pages"}],"about":[{"href":"https:\/\/www.asso-unil.ch\/caverne\/wp-json\/wp\/v2\/types\/page"}],"author":[{"embeddable":true,"href":"https:\/\/www.asso-unil.ch\/caverne\/wp-json\/wp\/v2\/users\/27"}],"replies":[{"embeddable":true,"href":"https:\/\/www.asso-unil.ch\/caverne\/wp-json\/wp\/v2\/comments?post=211"}],"version-history":[{"count":0,"href":"https:\/\/www.asso-unil.ch\/caverne\/wp-json\/wp\/v2\/pages\/211\/revisions"}],"up":[{"embeddable":true,"href":"https:\/\/www.asso-unil.ch\/caverne\/wp-json\/wp\/v2\/pages\/208"}],"wp:attachment":[{"href":"https:\/\/www.asso-unil.ch\/caverne\/wp-json\/wp\/v2\/media?parent=211"}],"curies":[{"name":"wp","href":"https:\/\/api.w.org\/{rel}","templated":true}]}}