{"id":2040,"date":"2013-10-02T14:31:38","date_gmt":"2013-10-02T12:31:38","guid":{"rendered":"http:\/\/www.asso-unil.ch\/caverne\/?page_id=2040"},"modified":"2018-01-23T12:37:41","modified_gmt":"2018-01-23T11:37:41","slug":"atelier-de-theatre-avec-michel-toman-le-premier","status":"publish","type":"page","link":"https:\/\/www.asso-unil.ch\/caverne\/ateliers\/atelier-de-theatre-avec-michel-toman-le-premier\/","title":{"rendered":"Atelier de th\u00e9\u00e2tre avec Michel Toman (le premier)"},"content":{"rendered":"<p>Sensibilisation au jeu d\u2019acteur et \u00e0 la mise en sc\u00e8ne.<\/p>\n<p>Les&nbsp;Ma\u00eetres de la Caverne organisent un atelier de th\u00e9\u00e2tre amateur avec le metteur en sc\u00e8ne Michel Toman les dimanches 3 et 17 novembre de 10 \u00e0 18 heures \u00e0 la salle de musique de l\u2019Unith\u00e8que (Banane). Il est gratuit et ouvert \u00e0 tou-te-s les membres de l\u2019UniL, et dans la mesure des places disponibles \u00e0 ceux de l\u2019EPFL. Il est limit\u00e9 \u00e0 16 participant-e-s et vous \u00eates donc pri\u00e9s de vous inscrire par mail \u00e0 info-caverne@unil.ch.<\/p>\n<p><img loading=\"lazy\" decoding=\"async\" src=\"https:\/\/i2.wp.com\/lebillet.ch\/wp-content\/uploads\/2017\/09\/Michel-Toman.jpg?w=1392\" width=\"329\" height=\"494\"><\/p>\n<h6>Dimanche 3 octobre<\/h6>\n<p><!--more--><\/p>\n<p>10h-13h30&nbsp;: L\u2019acteur<\/p>\n<p>1.- M\u00e9moriser un texte.<br \/>\n2.- Seul en sc\u00e8ne&nbsp;: monologue et relation avec le public. Avec monologue impos\u00e9.<br \/>\n3.- Dialoguer&nbsp;: construire la relation d\u2019adresse et d\u2019\u00e9coute. Avec dialogue impos\u00e9.<br \/>\n4.- Spatialit\u00e9&nbsp;: occuper l\u2019espace. Mobilit\u00e9 et station.<br \/>\n5.- Ici et maintenant&nbsp;: \u00e7a se passe en direct, comme la premi\u00e8re fois.<\/p>\n<p>14h30-18h&nbsp;: Le projet<\/p>\n<p>Les \u00e9tudiantes et \u00e9tudiants qui s\u2019appr\u00eatent \u00e0 poser un projet dans le cadre des \u00ab&nbsp;Ma\u00eetres de la Caverne&nbsp;\u00bb disposeront d\u2019un temps de parole afin d\u2019en pr\u00e9senter les grandes lignes. Les \u00e9l\u00e9ments \u00e0 \u00e9noncer sont&nbsp;: Titre, genre, universit\u00e9, nom du collectif, responsable du projet, bref descriptif du collectif, auteur, dur\u00e9e, public cibl\u00e9, espace sc\u00e9nique souhait\u00e9, r\u00e9sum\u00e9 du spectacle, note d\u2019intention artistique, distribution, d\u00e9cor, costumes, accessoires, musique si pr\u00e9vue, maquillage, \u2026 La pr\u00e9sentation, d\u2019une dur\u00e9e limit\u00e9e \u00e0 quelques minutes, sera suivie d\u2019une discussion.<\/p>\n<h6>Dimanche 17 novembre<\/h6>\n<p>10h-13h30&nbsp;: La mise en sc\u00e8ne<\/p>\n<p>Sur la base d\u2019un extrait de sc\u00e8ne impos\u00e9e, comportant deux personnages, les \u00e9tudiantes et \u00e9tudiants pr\u00e9pareront un projet de mise en sc\u00e8ne, qu\u2019il s\u2019agira de r\u00e9aliser, du moins en partie. Que raconte la sc\u00e8ne&nbsp;? Que souhaitez-vous lui faire dire&nbsp;? Quelle sc\u00e9nographie pourrait contribuer \u00e0 mettre en \u0153uvre vos objectifs&nbsp;? D\u00e9crivez les costumes, accessoires, lumi\u00e8res et \u00e9ventuellement les maquillages. Une musique, des supports visuels viennent-ils compl\u00e9ter votre propos&nbsp;?<\/p>\n<p>14h30-18h : La direction d\u2019acteur<\/p>\n<p>Deux acteurs (parmi les participant-e-s) se mettent \u00e0 votre disposition, et attendent vos directives afin de jouer la sc\u00e8ne. Ensemble, nous discuterons de votre projet de sc\u00e8ne, afin d\u2019en tirer des enseignements.<\/p>\n","protected":false},"excerpt":{"rendered":"<p>Sensibilisation au jeu d\u2019acteur et \u00e0 la mise en sc\u00e8ne. Les&nbsp;Ma\u00eetres de la Caverne organisent un atelier de th\u00e9\u00e2tre amateur avec le metteur en sc\u00e8ne Michel Toman les dimanches 3 [&hellip;]<\/p>\n","protected":false},"author":1001080,"featured_media":0,"parent":3346,"menu_order":0,"comment_status":"closed","ping_status":"closed","template":"","meta":{"_seopress_robots_primary_cat":"","_seopress_titles_title":"","_seopress_titles_desc":"","_seopress_robots_index":"","footnotes":""},"class_list":["post-2040","page","type-page","status-publish"],"_links":{"self":[{"href":"https:\/\/www.asso-unil.ch\/caverne\/wp-json\/wp\/v2\/pages\/2040","targetHints":{"allow":["GET"]}}],"collection":[{"href":"https:\/\/www.asso-unil.ch\/caverne\/wp-json\/wp\/v2\/pages"}],"about":[{"href":"https:\/\/www.asso-unil.ch\/caverne\/wp-json\/wp\/v2\/types\/page"}],"author":[{"embeddable":true,"href":"https:\/\/www.asso-unil.ch\/caverne\/wp-json\/wp\/v2\/users\/1001080"}],"replies":[{"embeddable":true,"href":"https:\/\/www.asso-unil.ch\/caverne\/wp-json\/wp\/v2\/comments?post=2040"}],"version-history":[{"count":0,"href":"https:\/\/www.asso-unil.ch\/caverne\/wp-json\/wp\/v2\/pages\/2040\/revisions"}],"up":[{"embeddable":true,"href":"https:\/\/www.asso-unil.ch\/caverne\/wp-json\/wp\/v2\/pages\/3346"}],"wp:attachment":[{"href":"https:\/\/www.asso-unil.ch\/caverne\/wp-json\/wp\/v2\/media?parent=2040"}],"curies":[{"name":"wp","href":"https:\/\/api.w.org\/{rel}","templated":true}]}}