{"id":2037,"date":"2013-09-29T15:29:42","date_gmt":"2013-09-29T13:29:42","guid":{"rendered":"http:\/\/www.asso-unil.ch\/caverne\/?page_id=2037"},"modified":"2015-03-03T22:46:31","modified_gmt":"2015-03-03T21:46:31","slug":"ecritures","status":"publish","type":"page","link":"https:\/\/www.asso-unil.ch\/caverne\/projets\/projets-2013-2014\/ecritures\/","title":{"rendered":"Ecritures du d\u00e9sir et de la col\u00e8re &#8211; Thibaud Mettraux"},"content":{"rendered":"<p><span style=\"line-height: 1.4em\">De l\u2019enluminure m\u00e9di\u00e9vale aux calligrammes d\u2019Apollinaire, en passant par la bande dessin\u00e9e et, dans une certaine mesure, la publicit\u00e9, la mise en rapport du texte et de l\u2019image semble, depuis toujours, avoir \u00e9t\u00e9 un instrument privil\u00e9gi\u00e9 pour favoriser l\u2019expression artistique et l\u2019\u00e9panchement de la cr\u00e9ativit\u00e9. En effet, comme le remarque Abraham Moles, sp\u00e9cialiste fran\u00e7ais en sciences de l\u2019information et de la communication, \u00ab\u00a0un message illustr\u00e9 est un message <\/span><i style=\"line-height: 1.4em\">multim\u00e9dia<\/i><span style=\"line-height: 1.4em\"> puisqu\u2019il fait appel \u00e0 deux syst\u00e8mes de communication diff\u00e9rents, chacun avec ses r\u00e9pertoires, ses codes de contraintes, son contexte culturel et sa rh\u00e9torique particuli\u00e8re\u00a0\u00bb (\u00ab\u00a0L\u2019image et le texte\u00a0\u00bb, in <\/span><i style=\"line-height: 1.4em\">Communication et langages,<\/i><span style=\"line-height: 1.4em\"> 38,<\/span><i style=\"line-height: 1.4em\"> <\/i><span style=\"line-height: 1.4em\">1978, p. 17.)<\/span><a style=\"line-height: 1.4em\" title=\"\" href=\"\/Users\/Suzanne%20Balharry\/Documents\/Caverne\/Thibaud%20Mettraux%20Ecritures%20du%20d%C3%A9sir%20et%20de%20la%20col%C3%A8re.doc#_ftn1\">[1]<\/a><span style=\"line-height: 1.4em\">. S\u2019inscrivant dans le cadre de notre r\u00e9flexion future sur le principe de cr\u00e9ation commune (Banquet du 23 octobre), ce projet d\u2019\u00e9critures du d\u00e9sir et de la col\u00e8re encouragerait la collaboration de po\u00e8tes et d\u2019artistes, en herbe ou confirm\u00e9, dans le dessein de cr\u00e9er des \u0153uvres d\u2019art exploitant les multiples potentialit\u00e9s offertes par le travail sur le message scriptovisuel (voire m\u00eame audiovisuel). Tableaux parlants, illustrations, calligrammes, imprimerie, calligraphie, libre \u00e0 nous d\u2019investir ce projet cr\u00e9atif par les modes d\u2019expression artistiques qui nous conviennent au mieux, tout en nous laissant bercer par le vaste et myst\u00e9rieux horizon de la cr\u00e9ation commune, dans la perspective finale d\u2019une \u00e9ventuelle exposition, qui permettrait de r\u00e9unir nos diverses \u00e9critures de la col\u00e8re et du d\u00e9sir.<\/span><\/p>\n<p><a href=\"https:\/\/thibaudmettraux.wix.com\/\">https:\/\/thibaudmettraux.wix.com\/<\/a><\/p>\n<div>\n<hr align=\"left\" size=\"1\" width=\"33%\" \/>\n<p><a title=\"\" href=\"\/Users\/Suzanne%20Balharry\/Documents\/Caverne\/Thibaud%20Mettraux%20Ecritures%20du%20d%C3%A9sir%20et%20de%20la%20col%C3%A8re.doc#_ftnref1\">[1]<\/a> MOLES, Abraham, \u00ab\u00a0L\u2019image et le texte\u00a0\u00bb, in <i>Communication et langages,<\/i> 38,<i> <\/i>1978, p. 17.<\/p>\n<\/div>\n","protected":false},"excerpt":{"rendered":"<p>De l\u2019enluminure m\u00e9di\u00e9vale aux calligrammes d\u2019Apollinaire, en passant par la bande dessin\u00e9e et, dans une certaine mesure, la publicit\u00e9, la mise en rapport du texte et de l\u2019image semble, depuis [&hellip;]<\/p>\n","protected":false},"author":27,"featured_media":0,"parent":1620,"menu_order":1,"comment_status":"open","ping_status":"closed","template":"","meta":{"_seopress_robots_primary_cat":"","_seopress_titles_title":"","_seopress_titles_desc":"","_seopress_robots_index":"","footnotes":""},"class_list":["post-2037","page","type-page","status-publish"],"_links":{"self":[{"href":"https:\/\/www.asso-unil.ch\/caverne\/wp-json\/wp\/v2\/pages\/2037","targetHints":{"allow":["GET"]}}],"collection":[{"href":"https:\/\/www.asso-unil.ch\/caverne\/wp-json\/wp\/v2\/pages"}],"about":[{"href":"https:\/\/www.asso-unil.ch\/caverne\/wp-json\/wp\/v2\/types\/page"}],"author":[{"embeddable":true,"href":"https:\/\/www.asso-unil.ch\/caverne\/wp-json\/wp\/v2\/users\/27"}],"replies":[{"embeddable":true,"href":"https:\/\/www.asso-unil.ch\/caverne\/wp-json\/wp\/v2\/comments?post=2037"}],"version-history":[{"count":0,"href":"https:\/\/www.asso-unil.ch\/caverne\/wp-json\/wp\/v2\/pages\/2037\/revisions"}],"up":[{"embeddable":true,"href":"https:\/\/www.asso-unil.ch\/caverne\/wp-json\/wp\/v2\/pages\/1620"}],"wp:attachment":[{"href":"https:\/\/www.asso-unil.ch\/caverne\/wp-json\/wp\/v2\/media?parent=2037"}],"curies":[{"name":"wp","href":"https:\/\/api.w.org\/{rel}","templated":true}]}}