{"id":2028,"date":"2013-09-27T16:46:10","date_gmt":"2013-09-27T14:46:10","guid":{"rendered":"http:\/\/www.asso-unil.ch\/caverne\/?page_id=2028"},"modified":"2018-01-23T12:42:02","modified_gmt":"2018-01-23T11:42:02","slug":"atelier-de-danse-derviche","status":"publish","type":"page","link":"https:\/\/www.asso-unil.ch\/caverne\/ateliers\/atelier-de-danse-derviche\/","title":{"rendered":"Atelier de danse derviche"},"content":{"rendered":"<p>En pr\u00e9ambule du Festival Point.Virgule, Les Ma\u00eetres de la Caverne organisent un atelier sur la danse des derviches tourneurs les mardi 1<sup>er<\/sup> et 8 octobre \u00e0 20h \u00e0 la salle de musique de l\u2019Unith\u00e8que (Banane).<\/p>\n<div>\n<p>Cette danse musulmane \u00e9tait surtout pratiqu\u00e9e pendant l\u2019Empire Ottoman par l\u2019ordre Mevlevi, qui consid\u00e9rait les arts traditionnels comme des moyens de s\u2019am\u00e9liorer soi-m\u00eame. Pour la petite histoire, l\u2019ordre fut d\u00e9clar\u00e9 hors-la-loi en Turquie lors de la r\u00e9volution de 1925, mais l\u00e9galis\u00e9 \u00e0 nouveau en 1950, et par la suite il y eut de nombreuses repr\u00e9sentations des c\u00e9r\u00e9monies des derviches tourneurs depuis les premi\u00e8res tourn\u00e9es \u00e0 Londres et aux Etats-Unis. Ces derni\u00e8res ann\u00e9es, les repr\u00e9sentations sont souvent \u00e0 guichet ferm\u00e9. Venez participer \u00e0 l&rsquo;atelier ! Et mettez des chaussettes, c\u2019est indispensable.<\/p>\n<p><span style=\"color: #ffffff\">L&rsquo;atelier sera donn\u00e9 par Silvia Schori.<\/span><img loading=\"lazy\" decoding=\"async\" class=\"alignnone size-medium\" src=\"https:\/\/www.zupimages.net\/up\/17\/42\/8vi2.jpg\" width=\"1200\" height=\"209\"><\/p>\n<\/div>\n","protected":false},"excerpt":{"rendered":"<p>En pr\u00e9ambule du Festival Point.Virgule, Les Ma\u00eetres de la Caverne organisent un atelier sur la danse des derviches tourneurs les mardi 1er et 8 octobre \u00e0 20h \u00e0 la salle [&hellip;]<\/p>\n","protected":false},"author":1001080,"featured_media":0,"parent":3346,"menu_order":0,"comment_status":"closed","ping_status":"closed","template":"","meta":{"_seopress_robots_primary_cat":"","_seopress_titles_title":"","_seopress_titles_desc":"","_seopress_robots_index":"","footnotes":""},"class_list":["post-2028","page","type-page","status-publish"],"_links":{"self":[{"href":"https:\/\/www.asso-unil.ch\/caverne\/wp-json\/wp\/v2\/pages\/2028","targetHints":{"allow":["GET"]}}],"collection":[{"href":"https:\/\/www.asso-unil.ch\/caverne\/wp-json\/wp\/v2\/pages"}],"about":[{"href":"https:\/\/www.asso-unil.ch\/caverne\/wp-json\/wp\/v2\/types\/page"}],"author":[{"embeddable":true,"href":"https:\/\/www.asso-unil.ch\/caverne\/wp-json\/wp\/v2\/users\/1001080"}],"replies":[{"embeddable":true,"href":"https:\/\/www.asso-unil.ch\/caverne\/wp-json\/wp\/v2\/comments?post=2028"}],"version-history":[{"count":0,"href":"https:\/\/www.asso-unil.ch\/caverne\/wp-json\/wp\/v2\/pages\/2028\/revisions"}],"up":[{"embeddable":true,"href":"https:\/\/www.asso-unil.ch\/caverne\/wp-json\/wp\/v2\/pages\/3346"}],"wp:attachment":[{"href":"https:\/\/www.asso-unil.ch\/caverne\/wp-json\/wp\/v2\/media?parent=2028"}],"curies":[{"name":"wp","href":"https:\/\/api.w.org\/{rel}","templated":true}]}}