{"id":2025,"date":"2013-09-27T16:42:27","date_gmt":"2013-09-27T14:42:27","guid":{"rendered":"http:\/\/www.asso-unil.ch\/caverne\/?page_id=2025"},"modified":"2014-04-12T11:50:43","modified_gmt":"2014-04-12T09:50:43","slug":"danses","status":"publish","type":"page","link":"https:\/\/www.asso-unil.ch\/caverne\/projets\/projets-2013-2014\/ateliers\/danses\/","title":{"rendered":"Atelier de danses"},"content":{"rendered":"<p>Les Ma\u00eetres de la Caverne organisent un atelier regroupant trois initiations \u00e0 des danses le samedi 8 juin \u00e0 la salle de musique de l\u2019Unith\u00e8que (Banane):<\/p>\n<p>10h30-12h: Break danse<\/p>\n<p>12h-13h30: Repas (paella)<\/p>\n<p>13h30-14h30: Danse classique<\/p>\n<p>14h30-15h30: Danse des derviches tourneurs<\/p>\n<p>Atelier gratuit. Inscriptions n\u00e9cessaires par mail \u00e0 suzanne.balharry@unil.ch. Faites quelques \u00e9tirements!<\/p>\n","protected":false},"excerpt":{"rendered":"<p>Les Ma\u00eetres de la Caverne organisent un atelier regroupant trois initiations \u00e0 des danses le samedi 8 juin \u00e0 la salle de musique de l\u2019Unith\u00e8que (Banane): 10h30-12h: Break danse 12h-13h30: [&hellip;]<\/p>\n","protected":false},"author":27,"featured_media":0,"parent":1714,"menu_order":4,"comment_status":"closed","ping_status":"closed","template":"","meta":{"_seopress_robots_primary_cat":"","_seopress_titles_title":"","_seopress_titles_desc":"","_seopress_robots_index":"","_seopress_analysis_target_kw":"","footnotes":""},"class_list":["post-2025","page","type-page","status-publish"],"_links":{"self":[{"href":"https:\/\/www.asso-unil.ch\/caverne\/wp-json\/wp\/v2\/pages\/2025","targetHints":{"allow":["GET"]}}],"collection":[{"href":"https:\/\/www.asso-unil.ch\/caverne\/wp-json\/wp\/v2\/pages"}],"about":[{"href":"https:\/\/www.asso-unil.ch\/caverne\/wp-json\/wp\/v2\/types\/page"}],"author":[{"embeddable":true,"href":"https:\/\/www.asso-unil.ch\/caverne\/wp-json\/wp\/v2\/users\/27"}],"replies":[{"embeddable":true,"href":"https:\/\/www.asso-unil.ch\/caverne\/wp-json\/wp\/v2\/comments?post=2025"}],"version-history":[{"count":0,"href":"https:\/\/www.asso-unil.ch\/caverne\/wp-json\/wp\/v2\/pages\/2025\/revisions"}],"up":[{"embeddable":true,"href":"https:\/\/www.asso-unil.ch\/caverne\/wp-json\/wp\/v2\/pages\/1714"}],"wp:attachment":[{"href":"https:\/\/www.asso-unil.ch\/caverne\/wp-json\/wp\/v2\/media?parent=2025"}],"curies":[{"name":"wp","href":"https:\/\/api.w.org\/{rel}","templated":true}]}}