{"id":1993,"date":"2013-09-21T15:10:49","date_gmt":"2013-09-21T13:10:49","guid":{"rendered":"http:\/\/www.asso-unil.ch\/caverne\/?page_id=1993"},"modified":"2014-05-05T15:34:39","modified_gmt":"2014-05-05T13:34:39","slug":"point","status":"publish","type":"page","link":"https:\/\/www.asso-unil.ch\/caverne\/projets\/projets-2012-2013\/point\/","title":{"rendered":"Festival Point. Virgule, 2013"},"content":{"rendered":"<header>\n<h3>Les Ma\u00eetres de la Caverne seront au Festival Point. Virgule,<\/h3>\n<\/header>\n<div>\n<h4>Mini-Festival \u00e9tudiant en ouverture de saison th\u00e9\u00e2trale du 15 au 17 octobre<\/h4>\n<p>Pr\u00e9ambule \u00e0 l\u2019ouverture de la saison professionnelle du Th\u00e9\u00e2tre La Grange de Dorigny, le Festival Point.Virgule, vous propose de (re)d\u00e9couvrir quelques-uns des meilleurs projets du Festival F\u00e9cule 2013 et les activit\u00e9s culturelles propos\u00e9es \u00e0 Dorigny. Venez faire le plein de culture !<\/p>\n<p><a href=\"https:\/\/www3.unil.ch\/wpmu\/fecule\/reservations\/\">R\u00e9servations en ligne<\/a><\/p>\n<p><strong>Bien !<\/strong><br \/>\nmardi 15 octobre &#8211; 19h<br \/>\nDes interpr\u00e9tations visuelles et acoustiques d\u00e9construisant la\u00a0<em>R\u00e9publique<\/em>\u00a0de Platon, l&rsquo;oeuvre utopique avant l&rsquo;invention de ce terme, sont mises en s\u00e9rie en utilisant un liant traditionnel, celui du jeu th\u00e9\u00e2tral. L&rsquo;utopie est morte &#8211; o\u00f9 allons-nous maintenant ?<\/p>\n<p><strong>Dimanche<\/strong><br \/>\nmercredi 16 octobre &#8211; 18h<br \/>\nLes activit\u00e9s quotidiennes s&rsquo;encha\u00eenent jusqu&rsquo;\u00e0 ce qu&rsquo;arrive le dimanche et avec lui quelques questions : que faire de son temps libre ? Comment investir son \u00e9nergie en dehors de son travail ? Quels objectifs se fixer et quel r\u00eaves nourrir en Suisse, en 2013 ? Dans ce \u00ab\u00a0documentaire\u00a0\u00bb nous suivons cinq jeunes hommes dans l&rsquo;intimit\u00e9 de leur dimanche, dans leurs actions concr\u00e8tes mais aussi dans leurs d\u00e9sirs et leurs frustrations. Dimanche est le portrait d&rsquo;une jeunesse occidentale en proie \u00e0 l&rsquo;ac\u00e9die.<\/p>\n<p><strong>Futur de la Guerre<\/strong><br \/>\nmercredi 16 octobre &#8211; 19h<br \/>\nUn d\u00e9bat t\u00e9l\u00e9vis\u00e9. Deux rh\u00e9teurs, l\u2019un plut\u00f4t sanguin, l\u2019autre calme, d\u00e9fendent leurs positions quant \u00e0 une possible fin de la guerre. La parole est pass\u00e9e de l\u2019un \u00e0 l\u2019autre comme lors d\u2019une partie d\u2019\u00e9chec, et les points sont comptabilis\u00e9s par le public en fonction des outils rh\u00e9toriques d\u00e9ploy\u00e9s par les intervenants.<\/p>\n<p><strong>Num\u00e9ro 1<\/strong><br \/>\njeudi 17 octobre &#8211; 19h<br \/>\nComposition musicale in\u00e9dite, d&rsquo;une vingtaine de minutes, \u00ab\u00a0jou\u00e9e\u00a0\u00bb par un orchestre informatique enti\u00e8rement virtuel. Une interrogation sur ce que peut \u00eatre la musique de demain et sur le dispositif orchestral.<\/p>\n<p><strong><br \/>\nL\u2019entr\u00e9e \u00e0 chaque \u00e9v\u00e9nement est au prix unique de 5 CHF.?<\/strong><br \/>\n<strong>Offre sp\u00e9ciale pour les \u00e9tudiant\u00b7e\u00b7s et les collaborat\u00b7eurs\u00b7rices UNIL-EPFL durant les 3 soirs du Point.Virgule, l\u2019abonnement de saison de La Grange au prix de 25 CHF (au lieu de 30 CHF) et 45 CHF (au lieu de 50 CHF)<\/strong><\/p>\n<\/div>\n","protected":false},"excerpt":{"rendered":"<p>Les Ma\u00eetres de la Caverne seront au Festival Point. Virgule, Mini-Festival \u00e9tudiant en ouverture de saison th\u00e9\u00e2trale du 15 au 17 octobre Pr\u00e9ambule \u00e0 l\u2019ouverture de la saison professionnelle du [&hellip;]<\/p>\n","protected":false},"author":27,"featured_media":0,"parent":244,"menu_order":3,"comment_status":"closed","ping_status":"closed","template":"","meta":{"_seopress_robots_primary_cat":"","_seopress_titles_title":"","_seopress_titles_desc":"","_seopress_robots_index":"","footnotes":""},"class_list":["post-1993","page","type-page","status-publish"],"_links":{"self":[{"href":"https:\/\/www.asso-unil.ch\/caverne\/wp-json\/wp\/v2\/pages\/1993","targetHints":{"allow":["GET"]}}],"collection":[{"href":"https:\/\/www.asso-unil.ch\/caverne\/wp-json\/wp\/v2\/pages"}],"about":[{"href":"https:\/\/www.asso-unil.ch\/caverne\/wp-json\/wp\/v2\/types\/page"}],"author":[{"embeddable":true,"href":"https:\/\/www.asso-unil.ch\/caverne\/wp-json\/wp\/v2\/users\/27"}],"replies":[{"embeddable":true,"href":"https:\/\/www.asso-unil.ch\/caverne\/wp-json\/wp\/v2\/comments?post=1993"}],"version-history":[{"count":0,"href":"https:\/\/www.asso-unil.ch\/caverne\/wp-json\/wp\/v2\/pages\/1993\/revisions"}],"up":[{"embeddable":true,"href":"https:\/\/www.asso-unil.ch\/caverne\/wp-json\/wp\/v2\/pages\/244"}],"wp:attachment":[{"href":"https:\/\/www.asso-unil.ch\/caverne\/wp-json\/wp\/v2\/media?parent=1993"}],"curies":[{"name":"wp","href":"https:\/\/api.w.org\/{rel}","templated":true}]}}