{"id":1988,"date":"2013-09-21T14:37:02","date_gmt":"2013-09-21T12:37:02","guid":{"rendered":"http:\/\/www.asso-unil.ch\/caverne\/?page_id=1988"},"modified":"2015-03-03T22:50:20","modified_gmt":"2015-03-03T21:50:20","slug":"voyage","status":"publish","type":"page","link":"https:\/\/www.asso-unil.ch\/caverne\/projets\/projets-2013-2014\/voyage\/","title":{"rendered":"Voyage vers nos r\u00eaves &#8211; Helena Klima, Alexandre Trejo et Ga\u00e9tan Schneider"},"content":{"rendered":"<p style=\"text-align: justify\">Le d\u00e9sir et la col\u00e8re, des chemins in\u00e9vitables menant \u00e0 nos r\u00eaves.\u00a0Par un m\u00e9lange de styles de danses (le breakdance, la danse classique et moderne)\u00a0nous pr\u00e9senterons le va-et-vient entre ces \u00e9motions qui ponctueront notre aventure.<\/p>\n<p style=\"text-align: justify\">La musique sera \u00e9galement un outil exprimant notre cr\u00e9ativit\u00e9 et volont\u00e9 de sortir des sentiers battus.<\/p>\n","protected":false},"excerpt":{"rendered":"<p>Le d\u00e9sir et la col\u00e8re, des chemins in\u00e9vitables menant \u00e0 nos r\u00eaves.\u00a0Par un m\u00e9lange de styles de danses (le breakdance, la danse classique et moderne)\u00a0nous pr\u00e9senterons le va-et-vient entre ces [&hellip;]<\/p>\n","protected":false},"author":27,"featured_media":0,"parent":1620,"menu_order":6,"comment_status":"open","ping_status":"closed","template":"","meta":{"_seopress_robots_primary_cat":"","_seopress_titles_title":"","_seopress_titles_desc":"","_seopress_robots_index":"","footnotes":""},"class_list":["post-1988","page","type-page","status-publish"],"_links":{"self":[{"href":"https:\/\/www.asso-unil.ch\/caverne\/wp-json\/wp\/v2\/pages\/1988","targetHints":{"allow":["GET"]}}],"collection":[{"href":"https:\/\/www.asso-unil.ch\/caverne\/wp-json\/wp\/v2\/pages"}],"about":[{"href":"https:\/\/www.asso-unil.ch\/caverne\/wp-json\/wp\/v2\/types\/page"}],"author":[{"embeddable":true,"href":"https:\/\/www.asso-unil.ch\/caverne\/wp-json\/wp\/v2\/users\/27"}],"replies":[{"embeddable":true,"href":"https:\/\/www.asso-unil.ch\/caverne\/wp-json\/wp\/v2\/comments?post=1988"}],"version-history":[{"count":0,"href":"https:\/\/www.asso-unil.ch\/caverne\/wp-json\/wp\/v2\/pages\/1988\/revisions"}],"up":[{"embeddable":true,"href":"https:\/\/www.asso-unil.ch\/caverne\/wp-json\/wp\/v2\/pages\/1620"}],"wp:attachment":[{"href":"https:\/\/www.asso-unil.ch\/caverne\/wp-json\/wp\/v2\/media?parent=1988"}],"curies":[{"name":"wp","href":"https:\/\/api.w.org\/{rel}","templated":true}]}}