{"id":1981,"date":"2013-09-21T14:31:42","date_gmt":"2013-09-21T12:31:42","guid":{"rendered":"http:\/\/www.asso-unil.ch\/caverne\/?page_id=1981"},"modified":"2015-03-03T22:42:22","modified_gmt":"2015-03-03T21:42:22","slug":"philo","status":"publish","type":"page","link":"https:\/\/www.asso-unil.ch\/caverne\/projets\/projets-2013-2014\/philo\/","title":{"rendered":"Philosophie de la Col\u00e8re &#8211; Ludovic Rime"},"content":{"rendered":"<p><em>Sortie<\/em>, un photo-roman sur la col\u00e8re<\/p>\n<p>Ludovic Rime est\u00a0\u00e9tudiant Master en Philosophie et en Informatique et M\u00e9thodes Math\u00e9matiques \u00e0\u00a0l&rsquo;UNIL.<\/p>\n<p><strong>Fiche technique<\/strong><br \/>\nType de spectacle : s\u00e9quence vid\u00e9o, court-m\u00e9trage, photo-roman, exp\u00e9rimental<br \/>\nDur\u00e9e : 3-4 minutes<br \/>\nFormat : 16:9, num\u00e9rique<br \/>\nSon : st\u00e9r\u00e9o<br \/>\nPublic cibl\u00e9 : 13+<br \/>\nProjet destin\u00e9 \u00e0 \u00eatre pr\u00e9sent\u00e9 : dans l&rsquo;id\u00e9al, le court devrait \u00eatre projet\u00e9 devant un public captif, par exemple en pr\u00e9lude d&rsquo;une pi\u00e8ce de th\u00e9\u00e2tre ou au sein d&rsquo;un omnibus de courts-m\u00e9trages.<\/p>\n<p><a href=\"https:\/\/www.asso-unil.ch\/caverne\/files\/2013\/09\/sortie_titre.jpg\"><img loading=\"lazy\" decoding=\"async\" class=\"alignnone wp-image-3173 size-full\" src=\"https:\/\/www.asso-unil.ch\/caverne\/files\/2013\/09\/sortie_titre.jpg\" alt=\"sortie_titre\" width=\"960\" height=\"540\" srcset=\"https:\/\/www.asso-unil.ch\/caverne\/files\/2013\/09\/sortie_titre.jpg 960w, https:\/\/www.asso-unil.ch\/caverne\/files\/2013\/09\/sortie_titre-300x169.jpg 300w\" sizes=\"auto, (max-width: 960px) 100vw, 960px\" \/><\/a><\/p>\n<p style=\"text-align: justify\"><strong>Note d&rsquo;intention et description du projet<\/strong><br \/>\nLe projet trouve sa gen\u00e8se dans un s\u00e9minaire de M. Groneberg consacr\u00e9 \u00e0\u00a0<em>Rh\u00e9torique<\/em> d&rsquo;Aristote. Ce texte peut \u00eatre consid\u00e9r\u00e9, \u00e0 certains \u00e9gards et particuli\u00e8rement pour le Livre II, comme le trait\u00e9 des passions d&rsquo;Aristote. De nombreux chapitres sont consacr\u00e9s \u00e0 leurs \u00e9tudes sp\u00e9cifiques : col\u00e8re, calme, peur, etc. Leur connaissance doit permettre au rh\u00e9teur de mieux s\u00e9duire les auditeurs.<\/p>\n<p style=\"text-align: justify\">Au cours de mon travail de s\u00e9minaire, un point m&rsquo;a particuli\u00e8rement intrigu\u00e9 : quelle relation entretiennent les \u00e9motions avec la raison ? Quand les Ma\u00eetres de la Caverne ont entrepris leur cycle \u00ab\u00a0Col\u00e8re et D\u00e9sir\u00a0\u00bb, j&rsquo;ai \u00e9t\u00e9 int\u00e9ress\u00e9 de poursuivre la r\u00e9flexion de la question par une approche artistique. Les \u00e9motions comme entit\u00e9s sont-elles explicitables dans un langage rationnel, logique et scientifique ou bien lui \u00e9chappent-elles? Mon\u00a0intention premi\u00e8re et \u00e9go\u00efste est donc de questionner la difficult\u00e9 de dire le ressenti de ses \u00e9motions par le logos. Peut-\u00eatre que le montrer, par le langage artistique, offrirait alors une grammaire, une forme, plus adapt\u00e9e \u00e0 l&rsquo;entit\u00e9 \u00e9motion. La forme que je choisis est le photo-roman. Il consiste en une multitude de photographies et d&rsquo;images plus ou moins retravaill\u00e9es mont\u00e9e au sein d&rsquo;une s\u00e9quence vid\u00e9o, laquelle est soutenue par une bande sonore compos\u00e9e de musique\u00a0et bruitages. Citons <em>La Jet\u00e9e<\/em>, un court de Chris Marker sorti en 1962, comme exemple du proc\u00e9d\u00e9. Dans mon projet, la s\u00e9quence ne sera pas narr\u00e9e, les personnages anonymes et g\u00e9n\u00e9riques, sans texte mis \u00e0 part l&rsquo;intro et l&rsquo;outro, bref, une minimalisation pour accentuer les th\u00e8mes et motifs.<\/p>\n<p style=\"text-align: justify\">Le contenu se concentrera sur les interactions entre deux ou trois personnages et leurs \u00e9tats d&rsquo;\u00e2mes. La col\u00e8re sera la principale \u00e9motion abord\u00e9e, sans que celle-ci ne soit jamais jug\u00e9e. Il s&rsquo;agit, simplement, passivement, de donner \u00e0 voir. Un prototype, intitul\u00e9 sobrement\u00a0<em>Prototype, I<\/em>, a \u00e9t\u00e9 r\u00e9alis\u00e9 et montr\u00e9 aux participants des Ma\u00eetres de la Caverne lors d&rsquo;un banquet.<\/p>\n<p>&nbsp;<\/p>\n","protected":false},"excerpt":{"rendered":"<p>Sortie, un photo-roman sur la col\u00e8re Ludovic Rime est\u00a0\u00e9tudiant Master en Philosophie et en Informatique et M\u00e9thodes Math\u00e9matiques \u00e0\u00a0l&rsquo;UNIL. Fiche technique Type de spectacle : s\u00e9quence vid\u00e9o, court-m\u00e9trage, photo-roman, exp\u00e9rimental [&hellip;]<\/p>\n","protected":false},"author":27,"featured_media":0,"parent":1620,"menu_order":0,"comment_status":"open","ping_status":"closed","template":"","meta":{"_seopress_robots_primary_cat":"","_seopress_titles_title":"","_seopress_titles_desc":"","_seopress_robots_index":"","footnotes":""},"class_list":["post-1981","page","type-page","status-publish"],"_links":{"self":[{"href":"https:\/\/www.asso-unil.ch\/caverne\/wp-json\/wp\/v2\/pages\/1981","targetHints":{"allow":["GET"]}}],"collection":[{"href":"https:\/\/www.asso-unil.ch\/caverne\/wp-json\/wp\/v2\/pages"}],"about":[{"href":"https:\/\/www.asso-unil.ch\/caverne\/wp-json\/wp\/v2\/types\/page"}],"author":[{"embeddable":true,"href":"https:\/\/www.asso-unil.ch\/caverne\/wp-json\/wp\/v2\/users\/27"}],"replies":[{"embeddable":true,"href":"https:\/\/www.asso-unil.ch\/caverne\/wp-json\/wp\/v2\/comments?post=1981"}],"version-history":[{"count":0,"href":"https:\/\/www.asso-unil.ch\/caverne\/wp-json\/wp\/v2\/pages\/1981\/revisions"}],"up":[{"embeddable":true,"href":"https:\/\/www.asso-unil.ch\/caverne\/wp-json\/wp\/v2\/pages\/1620"}],"wp:attachment":[{"href":"https:\/\/www.asso-unil.ch\/caverne\/wp-json\/wp\/v2\/media?parent=1981"}],"curies":[{"name":"wp","href":"https:\/\/api.w.org\/{rel}","templated":true}]}}