{"id":1855,"date":"2013-06-22T17:05:13","date_gmt":"2013-06-22T15:05:13","guid":{"rendered":"http:\/\/www.asso-unil.ch\/caverne\/?page_id=1855"},"modified":"2014-04-12T11:50:43","modified_gmt":"2014-04-12T09:50:43","slug":"vraiment","status":"publish","type":"page","link":"https:\/\/www.asso-unil.ch\/caverne\/projets\/projets-2013-2014\/ateliers\/ecriture\/vraiment\/","title":{"rendered":"Vraiment \u2013 Suzanne Balharry"},"content":{"rendered":"<p><i>Lumi\u00e8re sur une place qui pourrait \u00eatre dans n\u2019importe quelle ville, mais comme nous pensons qu\u2019elle est \u00e0 Lausanne nous trouvons ses couleurs plus profondes que celles d\u2019une autre. C\u2019est l\u2019hiver et il fait tr\u00e8s froid, mais la place est aussi belle qu\u2019elle le serait en \u00e9t\u00e9. C\u00f4t\u00e9 jardin, une petite terrasse de caf\u00e9 bien \u00e9clair\u00e9e regroupe quelques tables mal rang\u00e9es qui ont quelque chose de tr\u00e8s vivant. C\u00f4t\u00e9 cour, des gradins sont envahis par des plantes grimpantes et ont une allure de roman d\u2019aventure, comme s\u2019ils avaient \u00e9t\u00e9 dessin\u00e9s par Edgar Allan Poe. Une femme sort du caf\u00e9 et fait quelques pas sur la terrasse. Elle est jeune, heureuse. Elle met son manteau. Un homme la suit, s\u2019avance et s\u2019arr\u00eate pr\u00e8s d\u2019elle. Il l\u2019observe \u00e0 la lumi\u00e8re du jour, prend son temps pour l\u2019aborder.<\/i><\/p>\n<p>L\u2019homme\u00a0\u00a0\u00a0 Bonjour.<\/p>\n<p>La femme\u00a0\u00a0 <i>(Surprise, elle se retourne \u00e0 moiti\u00e9.)<\/i> Bonjour\u00a0? <i>(Elle n\u2019est pas chaleureuse.)<\/i><\/p>\n<p>L\u2019homme\u00a0\u00a0\u00a0 <i>(Il sourit. Il n\u2019est pas mal \u00e0 l\u2019aise.)<\/i> J\u2019\u00e9tais assis pr\u00e8s de vous, au caf\u00e9, \u00e0 la grande table. Je vous ai entendue parler avec votre amie.<\/p>\n<p>La femme\u00a0\u00a0 <i>(Elle se tourne enti\u00e8rement vers lui. Silence.)<\/i> Je suis embarrass\u00e9e.<\/p>\n<p>L\u2019homme\u00a0\u00a0\u00a0 <i>(Il sourit encore.)<\/i> C\u2019est moi, je n\u2019avais pas \u00e0 \u00e9couter.<\/p>\n<p>La femme\u00a0\u00a0 <i>(Son embarras est apparent.)<\/i> Non. Ce n\u2019est pas le genre de conversation qui dissuade de tendre l\u2019oreille. Je n\u2019aurais pas d\u00fb l\u2019avoir ici. Je m\u2019excuse.<\/p>\n<p>L\u2019homme\u00a0\u00a0\u00a0 <i>(Amus\u00e9.)<\/i> Ne vous excusez pas. Vous avez une vie pleine d\u2019aventure.<\/p>\n<p>La femme\u00a0\u00a0 <i>(N\u2019arrivant pas \u00e0 para\u00eetre indiff\u00e9rente.)<\/i> Vous n\u2019avez pas \u00e0 dire \u00e7a.<\/p>\n<p>L\u2019homme\u00a0\u00a0\u00a0 Pardon. <i>(Silence.)<\/i> \u00c7a ne me regarde pas, mais j\u2019ai tr\u00e8s envie r\u00e9pondre \u00e0 ce que vous avez dit au sujet des femmes en g\u00e9n\u00e9ral, de leur condition.<\/p>\n<p>La femme\u00a0\u00a0 <i>(Elle trouve sa remarque charmante mais cache son int\u00e9r\u00eat.)<\/i> Allez-y.<\/p>\n<p>L\u2019homme\u00a0\u00a0\u00a0 <i>(Il aime la spontan\u00e9it\u00e9 de la sc\u00e8ne.)<\/i> Je ne crois pas qu\u2019elles doivent \u00e0 tout prix cacher leurs envies sexuelles sous peine d\u2019\u00eatre m\u00e9pris\u00e9es de tous. Certainement pas comme vous le faites, en s\u2019enterrant dans un couple, dont, si je peux me permettre d\u2019appeler un chat un chat, elles n\u2019ont pas grand-chose \u00e0 faire. J\u2019ai des amies qui vivent ouvertement de fa\u00e7on tr\u00e8s lib\u00e9r\u00e9e et, si quelqu\u2019un a quelque chose \u00e0 en redire, \u00e7a leur passe compl\u00e8tement \u00e0 c\u00f4t\u00e9.<\/p>\n<p>La femme\u00a0\u00a0 <i>(Elle est \u00e9tonn\u00e9e de son culot mais amus\u00e9e de parler d\u2019elle-m\u00eame \u00e0 un homme inconnu qui passe bri\u00e8vement dans sa vie.)<\/i> Je n\u2019arrive pas \u00e0 faire \u00e7a.<i><\/i><\/p>\n<p>&nbsp;<\/p>\n","protected":false},"excerpt":{"rendered":"<p>Lumi\u00e8re sur une place qui pourrait \u00eatre dans n\u2019importe quelle ville, mais comme nous pensons qu\u2019elle est \u00e0 Lausanne nous trouvons ses couleurs plus profondes que celles d\u2019une autre. C\u2019est [&hellip;]<\/p>\n","protected":false},"author":27,"featured_media":0,"parent":2142,"menu_order":15,"comment_status":"closed","ping_status":"closed","template":"","meta":{"_seopress_robots_primary_cat":"","_seopress_titles_title":"","_seopress_titles_desc":"","_seopress_robots_index":"","_seopress_analysis_target_kw":"","footnotes":""},"class_list":["post-1855","page","type-page","status-publish"],"_links":{"self":[{"href":"https:\/\/www.asso-unil.ch\/caverne\/wp-json\/wp\/v2\/pages\/1855","targetHints":{"allow":["GET"]}}],"collection":[{"href":"https:\/\/www.asso-unil.ch\/caverne\/wp-json\/wp\/v2\/pages"}],"about":[{"href":"https:\/\/www.asso-unil.ch\/caverne\/wp-json\/wp\/v2\/types\/page"}],"author":[{"embeddable":true,"href":"https:\/\/www.asso-unil.ch\/caverne\/wp-json\/wp\/v2\/users\/27"}],"replies":[{"embeddable":true,"href":"https:\/\/www.asso-unil.ch\/caverne\/wp-json\/wp\/v2\/comments?post=1855"}],"version-history":[{"count":0,"href":"https:\/\/www.asso-unil.ch\/caverne\/wp-json\/wp\/v2\/pages\/1855\/revisions"}],"up":[{"embeddable":true,"href":"https:\/\/www.asso-unil.ch\/caverne\/wp-json\/wp\/v2\/pages\/2142"}],"wp:attachment":[{"href":"https:\/\/www.asso-unil.ch\/caverne\/wp-json\/wp\/v2\/media?parent=1855"}],"curies":[{"name":"wp","href":"https:\/\/api.w.org\/{rel}","templated":true}]}}