{"id":1851,"date":"2013-06-22T16:42:38","date_gmt":"2013-06-22T14:42:38","guid":{"rendered":"http:\/\/www.asso-unil.ch\/caverne\/?page_id=1851"},"modified":"2015-03-03T22:49:33","modified_gmt":"2015-03-03T21:49:33","slug":"chat","status":"publish","type":"page","link":"https:\/\/www.asso-unil.ch\/caverne\/projets\/projets-2013-2014\/chat\/","title":{"rendered":"Chat, j&rsquo;en veux ! \u2013 Aur\u00e9lie Ang\u00e9loz"},"content":{"rendered":"<p><i>Un d\u00e9sir, la gourmandise, et la col\u00e8re au travers de la frustration. Saurez-vous r\u00e9sister ?<\/i><\/p>\n<p><a href=\"https:\/\/www.asso-unil.ch\/caverne\/files\/2013\/10\/ang_1.jpg\"><img loading=\"lazy\" decoding=\"async\" class=\"wp-image-2113 alignright\" alt=\"en recherche...\" src=\"https:\/\/www.asso-unil.ch\/caverne\/files\/2013\/10\/ang_1-202x300.jpg\" width=\"161\" height=\"238\" \/><\/a><\/p>\n<p style=\"text-align: justify\"><i>Chat, j&rsquo;en veux<\/i> expose la gourmandise par l&rsquo;interm\u00e9diaire de peintures, de sculptures et de textes. Un chat est mis en sc\u00e8ne. Sa gourmandise est expos\u00e9e aux yeux de tous. Hummm, \u00e7a a l&rsquo;air bon. Sa sensibilit\u00e9 est accrue : les oreilles aux aguets, les yeux grands ouverts, l\u00e9chage de babines. J&rsquo;en veux ! Et vous, \u00e7a vous fait aussi envie ? Oups, le spectateur devient lui-m\u00eame acteur.<\/p>\n<p style=\"text-align: justify\">L&rsquo;exp\u00e9rience est en marche. Sur la toile, le chat peut enfin go\u00fbter et appr\u00e9cier sa gourmandise. Il se r\u00e9gale. Et le spectateur-acteur? Vous voulez aussi go\u00fbter? La gourmandise sort du tableau et se dresse en une sculpture qui ressemble furieusement \u00e0 une vraie mais n&rsquo;est pas mangeable. Quoi ?! La deuxi\u00e8me partie du th\u00e8me, la col\u00e8re, n&rsquo;est pas dessin\u00e9e. Elle est induite chez le spectateur avec la frustration.<\/p>\n<p style=\"text-align: justify\">Avec cette sc\u00e9nographie, le spectateur-acteur est amen\u00e9 \u00e0 ressentir : D\u00e9sir et col\u00e8re.<\/p>\n<p style=\"text-align: center\"><a href=\"https:\/\/www.asso-unil.ch\/caverne\/files\/2013\/10\/ang_2.jpg\"><img loading=\"lazy\" decoding=\"async\" class=\" wp-image-2115 aligncenter\" alt=\"en recherche...\" src=\"https:\/\/www.asso-unil.ch\/caverne\/files\/2013\/10\/ang_2-300x223.jpg\" width=\"189\" height=\"141\" srcset=\"https:\/\/www.asso-unil.ch\/caverne\/files\/2013\/10\/ang_2-300x223.jpg 300w, https:\/\/www.asso-unil.ch\/caverne\/files\/2013\/10\/ang_2.jpg 1075w\" sizes=\"auto, (max-width: 189px) 100vw, 189px\" \/><\/a><\/p>\n","protected":false},"excerpt":{"rendered":"<p>Un d\u00e9sir, la gourmandise, et la col\u00e8re au travers de la frustration. Saurez-vous r\u00e9sister ? Chat, j&rsquo;en veux expose la gourmandise par l&rsquo;interm\u00e9diaire de peintures, de sculptures et de textes. [&hellip;]<\/p>\n","protected":false},"author":27,"featured_media":0,"parent":1620,"menu_order":4,"comment_status":"open","ping_status":"closed","template":"","meta":{"_seopress_robots_primary_cat":"","_seopress_titles_title":"","_seopress_titles_desc":"","_seopress_robots_index":"","footnotes":""},"class_list":["post-1851","page","type-page","status-publish"],"_links":{"self":[{"href":"https:\/\/www.asso-unil.ch\/caverne\/wp-json\/wp\/v2\/pages\/1851","targetHints":{"allow":["GET"]}}],"collection":[{"href":"https:\/\/www.asso-unil.ch\/caverne\/wp-json\/wp\/v2\/pages"}],"about":[{"href":"https:\/\/www.asso-unil.ch\/caverne\/wp-json\/wp\/v2\/types\/page"}],"author":[{"embeddable":true,"href":"https:\/\/www.asso-unil.ch\/caverne\/wp-json\/wp\/v2\/users\/27"}],"replies":[{"embeddable":true,"href":"https:\/\/www.asso-unil.ch\/caverne\/wp-json\/wp\/v2\/comments?post=1851"}],"version-history":[{"count":0,"href":"https:\/\/www.asso-unil.ch\/caverne\/wp-json\/wp\/v2\/pages\/1851\/revisions"}],"up":[{"embeddable":true,"href":"https:\/\/www.asso-unil.ch\/caverne\/wp-json\/wp\/v2\/pages\/1620"}],"wp:attachment":[{"href":"https:\/\/www.asso-unil.ch\/caverne\/wp-json\/wp\/v2\/media?parent=1851"}],"curies":[{"name":"wp","href":"https:\/\/api.w.org\/{rel}","templated":true}]}}