{"id":1832,"date":"2013-05-24T19:09:19","date_gmt":"2013-05-24T17:09:19","guid":{"rendered":"http:\/\/www.asso-unil.ch\/caverne\/?page_id=1832"},"modified":"2018-01-23T10:55:01","modified_gmt":"2018-01-23T09:55:01","slug":"19-juin","status":"publish","type":"page","link":"https:\/\/www.asso-unil.ch\/caverne\/banquets\/banquet-2012-2013\/19-juin\/","title":{"rendered":"Banquet du 19 juin 2013"},"content":{"rendered":"<p>Les Ma\u00eetres de la Caverne organisent un banquet mercredi 19 juin d\u00e8s 18h au Foyer de la Grange. Entre les plats cette fois-ci, nous aurons le plaisir de parler de nos envies de stage pour l&rsquo;ann\u00e9e prochaine, de th\u00e9\u00e2tre avec Coline Ladetto, dont le projet de mise en sc\u00e8ne a s\u00e9duit lors du dernier banquet, et de Michel Foucault dans tous ces \u00e9tats et particuli\u00e8rement quand il s&rsquo;agit de D\u00e9sir et de Col\u00e8re. La saison 2013-2014 nous r\u00e9serve plusieurs \u00e9v\u00e9nements li\u00e9s \u00e0 ce philosophe et les projets des Ma\u00eetres de la Caverne ne sont pas en reste. Nous vous proposons de r\u00e9unir encore une fois nos esprits embrum\u00e9s d\u2019\u00e9tudes et de cr\u00e9ation pour les nourrir de succulentes r\u00e9flexions et de plats raffin\u00e9s. Prenez bien soin de vos gosiers et cuisinez-nous vos meilleurs plats!<\/p>\n","protected":false},"excerpt":{"rendered":"<p>Les Ma\u00eetres de la Caverne organisent un banquet mercredi 19 juin d\u00e8s 18h au Foyer de la Grange. Entre les plats cette fois-ci, nous aurons le plaisir de parler de [&hellip;]<\/p>\n","protected":false},"author":27,"featured_media":0,"parent":3586,"menu_order":0,"comment_status":"closed","ping_status":"closed","template":"","meta":{"_seopress_robots_primary_cat":"","_seopress_titles_title":"","_seopress_titles_desc":"","_seopress_robots_index":"","footnotes":""},"class_list":["post-1832","page","type-page","status-publish"],"_links":{"self":[{"href":"https:\/\/www.asso-unil.ch\/caverne\/wp-json\/wp\/v2\/pages\/1832","targetHints":{"allow":["GET"]}}],"collection":[{"href":"https:\/\/www.asso-unil.ch\/caverne\/wp-json\/wp\/v2\/pages"}],"about":[{"href":"https:\/\/www.asso-unil.ch\/caverne\/wp-json\/wp\/v2\/types\/page"}],"author":[{"embeddable":true,"href":"https:\/\/www.asso-unil.ch\/caverne\/wp-json\/wp\/v2\/users\/27"}],"replies":[{"embeddable":true,"href":"https:\/\/www.asso-unil.ch\/caverne\/wp-json\/wp\/v2\/comments?post=1832"}],"version-history":[{"count":0,"href":"https:\/\/www.asso-unil.ch\/caverne\/wp-json\/wp\/v2\/pages\/1832\/revisions"}],"up":[{"embeddable":true,"href":"https:\/\/www.asso-unil.ch\/caverne\/wp-json\/wp\/v2\/pages\/3586"}],"wp:attachment":[{"href":"https:\/\/www.asso-unil.ch\/caverne\/wp-json\/wp\/v2\/media?parent=1832"}],"curies":[{"name":"wp","href":"https:\/\/api.w.org\/{rel}","templated":true}]}}