{"id":1741,"date":"2013-05-16T15:41:17","date_gmt":"2013-05-16T13:41:17","guid":{"rendered":"http:\/\/www.asso-unil.ch\/caverne\/?page_id=1741"},"modified":"2018-01-23T14:16:57","modified_gmt":"2018-01-23T13:16:57","slug":"programme-2011-2012","status":"publish","type":"page","link":"https:\/\/www.asso-unil.ch\/caverne\/banquets\/programme-et-evenements\/programme-2011-2012\/","title":{"rendered":"Programme 2011-2012"},"content":{"rendered":"<p>Programme complet :<\/p>\n<div>\n<table border=\"0\" width=\"100%\" cellspacing=\"0\" cellpadding=\"0\">\n<tbody>\n<tr>\n<td valign=\"top\" width=\"57\">offre<\/td>\n<td valign=\"top\" width=\"58\">date<\/td>\n<td valign=\"top\" width=\"324\">sujet<\/td>\n<td valign=\"top\" width=\"193\">par \/ avec<\/td>\n<\/tr>\n<tr>\n<td valign=\"top\" width=\"57\">S\u00e9m. Po\u00e9tique<\/td>\n<td valign=\"top\" width=\"58\">jeudis10-12h<\/td>\n<td valign=\"top\" width=\"324\">\u00ab La Po\u00e9tique d\u2019Aristote \u00bb<\/td>\n<td valign=\"top\" width=\"193\">MG<\/td>\n<\/tr>\n<tr>\n<td valign=\"top\" width=\"57\">S\u00e9m. fiction &amp; histoire 1<\/td>\n<td valign=\"top\" width=\"58\">25 f\u00e9vrier13h-18h<\/td>\n<td valign=\"top\" width=\"324\">S\u00e9ance d&rsquo;introduction du s\u00e9minaire bloc \u00ab Entre fiction et histoire \u00bb.<\/td>\n<td valign=\"top\" width=\"193\">MG, Alexandrine Schniewind, Rapha\u00ebl C\u00e9lis, RB, VL<\/td>\n<\/tr>\n<tr>\n<td valign=\"top\" width=\"57\">Banquet 1<\/td>\n<td valign=\"top\" width=\"58\">2 mars<br \/>\n19.30-22h<\/td>\n<td valign=\"top\" width=\"324\">\u00ab Mon f\u00e9tiche philosophique \u00bb<br \/>\nFoyer de la Grange<\/td>\n<td valign=\"top\" width=\"193\">Orphi &amp;<br \/>\nRim Essafi<\/td>\n<\/tr>\n<tr>\n<td valign=\"top\" width=\"57\">S\u00e9m fiction &amp; histoire 2<\/td>\n<td valign=\"top\" width=\"58\">1er avril<br \/>\n10-18h<\/td>\n<td valign=\"top\" width=\"324\">Journ\u00e9e pluridisciplinaire des intervenant-e-s<br \/>\nCh\u00e2teau de Dorigny<\/td>\n<td valign=\"top\" width=\"193\">voir programme:<br \/>\n<a href=\"https:\/\/www3.unil.ch\/wpmu\/caverne\/files\/2011\/03\/R%C3%A9sum%C3%A9s.pdf\">Entre fiction et histoire: r\u00e9sum\u00e9s des interventions<\/a><\/td>\n<\/tr>\n<tr>\n<td valign=\"top\" width=\"57\">Banquet 2<\/td>\n<td valign=\"top\" width=\"58\">13 avril<br \/>\n18-22h<\/td>\n<td valign=\"top\" width=\"324\">\u00ab La mise en pratique des id\u00e9es \u00bb &#8211;<br \/>\nLe travail dramaturgique<br \/>\nFoyer de la Grange<\/td>\n<td valign=\"top\" width=\"193\">Danielle Chaperon<\/td>\n<\/tr>\n<tr>\n<td valign=\"top\" width=\"57\">Banquet 3<\/td>\n<td valign=\"top\" width=\"58\">1 juin<br \/>\n18-22h<\/td>\n<td valign=\"top\" width=\"324\">Work in progress &#8211;<br \/>\nPr\u00e9sentation de sc\u00e9narios par les \u00e9tudiants<br \/>\nFoyer de la Grange<\/td>\n<td valign=\"top\" width=\"193\">script doctor: Mathieu Bertholet<\/td>\n<\/tr>\n<tr>\n<td valign=\"top\" width=\"57\">&nbsp;<\/td>\n<td valign=\"top\" width=\"58\">&#8211; fin juin<\/td>\n<td valign=\"top\" width=\"324\">Pr\u00e9paration des sc\u00e9narios et remise pour lecture au script doctor<\/td>\n<td valign=\"top\" width=\"193\">&nbsp;<\/td>\n<\/tr>\n<tr>\n<td valign=\"top\" width=\"57\">Atelier<\/td>\n<td valign=\"top\" width=\"58\">2-3 juillet<br \/>\n10-19h<\/td>\n<td valign=\"top\" width=\"324\">Atelier d\u2019\u00e9criture<br \/>\nau Ch\u00e2teau de Dorigny<\/td>\n<td valign=\"top\" width=\"193\">Mathieu Bertholet<\/td>\n<\/tr>\n<tr>\n<td valign=\"top\" width=\"57\">&nbsp;<\/td>\n<td valign=\"top\" width=\"58\">\u00e9t\u00e9 2011<\/td>\n<td valign=\"top\" width=\"324\">Finalisation des sc\u00e9narios.<\/td>\n<td valign=\"top\" width=\"193\">&nbsp;<\/td>\n<\/tr>\n<tr>\n<td valign=\"top\" width=\"57\">&nbsp;<\/td>\n<td valign=\"top\" width=\"58\">11 sept.<\/td>\n<td valign=\"top\" width=\"324\">Remise de sc\u00e9narios.<\/td>\n<td valign=\"top\" width=\"193\">&nbsp;<\/td>\n<\/tr>\n<tr>\n<td valign=\"top\" width=\"57\">Banquet 4<\/td>\n<td valign=\"top\" width=\"58\">22 septembre<br \/>\n19-21h<\/td>\n<td valign=\"top\" width=\"324\">La rentr\u00e9e<br \/>\nFoyer de la Grange.<\/td>\n<td valign=\"top\" width=\"193\">RO, Mathieu Bertholet<\/td>\n<\/tr>\n<tr>\n<td valign=\"top\" width=\"57\">Banquet 5<\/td>\n<td valign=\"top\" width=\"58\">12 octobre<br \/>\n18-22h<\/td>\n<td valign=\"top\" width=\"324\">Transition des sc\u00e9narios \u00e0 la mise en sc\u00e8ne: pr\u00e9sentation de tous les projets.<br \/>\nFoyer de la Grange.<\/td>\n<td valign=\"top\" width=\"193\">MG, RB<\/td>\n<\/tr>\n<tr>\n<td valign=\"top\" width=\"57\">&nbsp;<\/td>\n<td valign=\"top\" width=\"58\">sept.\/oct.<\/td>\n<td valign=\"top\" width=\"324\">d\u00e9but des r\u00e9alisations,<br \/>\n\u00e9tablissement budgets,<br \/>\nrecherche com\u00e9diens<\/td>\n<td valign=\"top\" width=\"193\">les projets retenus<\/td>\n<\/tr>\n<tr>\n<td valign=\"top\" width=\"57\">Ateliers de travail th\u00e9\u00e2tral<\/td>\n<td valign=\"top\" width=\"58\">\u00e0 partir de fin septembre<\/td>\n<td valign=\"top\" width=\"324\">lundi 18-20h (-22h si besoin)<br \/>\nmercredi 18.30-20.30<br \/>\nUnith\u00e8que (Banane) Salle de musique<\/td>\n<td valign=\"top\" width=\"193\">MG, VL, RO<\/td>\n<\/tr>\n<tr>\n<td valign=\"top\" width=\"57\">Banquet 6<\/td>\n<td valign=\"top\" width=\"58\">7 novembre<\/td>\n<td valign=\"top\" width=\"324\">Anniversaire de Platon. Kleidertausch (troc).<br \/>\nFoyer de la Grange.<\/td>\n<td valign=\"top\" width=\"193\">chaire de philosophie antique<\/td>\n<\/tr>\n<tr>\n<td valign=\"top\" width=\"57\">Banquet 7<\/td>\n<td valign=\"top\" width=\"58\">21 d\u00e9cembre<br \/>\n18-22h<\/td>\n<td valign=\"top\" width=\"324\">Etat des lieux des projets et des r\u00e9p\u00e9titions. Pr\u00e9sentations de parties.<br \/>\nFoyer de la Grange.<\/td>\n<td valign=\"top\" width=\"193\">Vincent Brayer<\/td>\n<\/tr>\n<tr>\n<td valign=\"top\" width=\"57\">D\u00e9p\u00f4t F\u00e9cule<\/td>\n<td valign=\"top\" width=\"58\">9 janvier<\/td>\n<td valign=\"top\" width=\"324\">d\u00e9p\u00f4t des dossiers pour le F\u00e9cule<\/td>\n<td valign=\"top\" width=\"193\">tous les projets<\/td>\n<\/tr>\n<tr>\n<td valign=\"top\" width=\"57\">S\u00e9m. MA<\/td>\n<td valign=\"top\" width=\"58\">mercredi 15-17<\/td>\n<td valign=\"top\" width=\"324\">Philosophie de l&rsquo;art d\u00e9but 22 f\u00e9vrier<\/td>\n<td valign=\"top\" width=\"193\">MG<\/td>\n<\/tr>\n<tr>\n<td valign=\"top\" width=\"57\">S\u00e9m. BA<\/td>\n<td valign=\"top\" width=\"58\">jeudi 10-12<\/td>\n<td valign=\"top\" width=\"324\">Philosophie de la passion<br \/>\nd\u00e9but 23 f\u00e9vrier<\/td>\n<td valign=\"top\" width=\"193\">MG<\/td>\n<\/tr>\n<tr>\n<td valign=\"top\" width=\"57\">Banquet 8<\/td>\n<td valign=\"top\" width=\"58\">29 f\u00e9vrier<br \/>\n18-22h<\/td>\n<td valign=\"top\" width=\"324\">Foyer de la Grange.<\/td>\n<td valign=\"top\" width=\"193\">Vincent Brayer<\/td>\n<\/tr>\n<tr>\n<td valign=\"top\" width=\"57\">Banquet 9<\/td>\n<td valign=\"top\" width=\"58\">4 avril<br \/>\n18-22h<\/td>\n<td valign=\"top\" width=\"324\">Foyer de la Grange.<\/td>\n<td valign=\"top\" width=\"193\">Alain Boillat<\/td>\n<\/tr>\n<tr>\n<td valign=\"top\" width=\"57\">R\u00e9p\u00e9titions finales<\/td>\n<td valign=\"top\" width=\"58\">6 avril &#8211; F\u00e9cule<\/td>\n<td valign=\"top\" width=\"324\">La Grange est r\u00e9serv\u00e9e pour les Ma\u00eetres de la Caverne.<\/td>\n<td valign=\"top\" width=\"193\">les projets retenus<\/td>\n<\/tr>\n<tr>\n<td valign=\"top\" width=\"57\">F\u00e9cule<\/td>\n<td valign=\"top\" width=\"58\">20-22 avril<\/td>\n<td valign=\"top\" width=\"324\">Pr\u00e9sentations.<\/td>\n<td valign=\"top\" width=\"193\">les projets retenus<\/td>\n<\/tr>\n<tr>\n<td valign=\"top\" width=\"57\">Banquet 10<\/td>\n<td valign=\"top\" width=\"58\">16 mai<br \/>\n18-22h<\/td>\n<td valign=\"top\" width=\"324\">Foyer de la Grange.<\/td>\n<td valign=\"top\" width=\"193\">tous<\/td>\n<\/tr>\n<\/tbody>\n<\/table>\n<\/div>\n<p>MG: Michael Groneberg, VL: Vincent Laughery, RB: Romain Bionda, AB: Adrien Bordone<br \/>\nAS: Alexandrine Schniewind, RO: Roelof Overmeer, MB: Mathieu Bertholet, VB: Vincent Brayer<\/p>\n","protected":false},"excerpt":{"rendered":"<p>Programme complet : offre date sujet par \/ avec S\u00e9m. Po\u00e9tique jeudis10-12h \u00ab La Po\u00e9tique d\u2019Aristote \u00bb MG S\u00e9m. fiction &amp; histoire 1 25 f\u00e9vrier13h-18h S\u00e9ance d&rsquo;introduction du s\u00e9minaire bloc [&hellip;]<\/p>\n","protected":false},"author":1001080,"featured_media":0,"parent":3632,"menu_order":0,"comment_status":"closed","ping_status":"closed","template":"","meta":{"_seopress_robots_primary_cat":"","_seopress_titles_title":"","_seopress_titles_desc":"","_seopress_robots_index":"","footnotes":""},"class_list":["post-1741","page","type-page","status-publish"],"_links":{"self":[{"href":"https:\/\/www.asso-unil.ch\/caverne\/wp-json\/wp\/v2\/pages\/1741","targetHints":{"allow":["GET"]}}],"collection":[{"href":"https:\/\/www.asso-unil.ch\/caverne\/wp-json\/wp\/v2\/pages"}],"about":[{"href":"https:\/\/www.asso-unil.ch\/caverne\/wp-json\/wp\/v2\/types\/page"}],"author":[{"embeddable":true,"href":"https:\/\/www.asso-unil.ch\/caverne\/wp-json\/wp\/v2\/users\/1001080"}],"replies":[{"embeddable":true,"href":"https:\/\/www.asso-unil.ch\/caverne\/wp-json\/wp\/v2\/comments?post=1741"}],"version-history":[{"count":0,"href":"https:\/\/www.asso-unil.ch\/caverne\/wp-json\/wp\/v2\/pages\/1741\/revisions"}],"up":[{"embeddable":true,"href":"https:\/\/www.asso-unil.ch\/caverne\/wp-json\/wp\/v2\/pages\/3632"}],"wp:attachment":[{"href":"https:\/\/www.asso-unil.ch\/caverne\/wp-json\/wp\/v2\/media?parent=1741"}],"curies":[{"name":"wp","href":"https:\/\/api.w.org\/{rel}","templated":true}]}}