{"id":1709,"date":"2013-05-16T15:32:41","date_gmt":"2013-05-16T13:32:41","guid":{"rendered":"http:\/\/www.asso-unil.ch\/caverne\/?page_id=1709"},"modified":"2018-01-23T13:59:56","modified_gmt":"2018-01-23T12:59:56","slug":"programme-2012-2013","status":"publish","type":"page","link":"https:\/\/www.asso-unil.ch\/caverne\/banquets\/programme-et-evenements\/programme-2012-2013\/","title":{"rendered":"Programme 2012-2013 : Opsis"},"content":{"rendered":"<p><strong>Mercredi 19 septembre:<\/strong> Banquet<\/p>\n<p><strong>Les jeudis 10h &#8211; 12h:<\/strong> La <em>R\u00e9publique<\/em> de Platon \u00e0 travers les si\u00e8cles (s\u00e9minaire de Michael Groneberg)<\/p>\n<p><strong>Mercredi 17 octobre:<\/strong> Banquet \u00ab\u00a0La fin de la guerre ?\u00a0\u00bb organis\u00e9 avec Anne Bielman et Yohan Ariffin, avec des contributeurs au livre \u00ab\u00a0Qu&rsquo;est-ce que la guerre ?\u00a0\u00bb et d&rsquo;autres invit\u00e9s.<\/p>\n<p><strong>Lundi 3 d\u00e9cembre:<\/strong> Banquet: Anniversaire de Platon<\/p>\n<p><strong>Mercredi 14 novembre:<\/strong> Banquet \u00ab\u00a0La fin de l&rsquo;argent ?\u00a0\u00bb<\/p>\n<p><strong>Samedi 17 novembre:<\/strong> Atelier avec Alain Bertschy: du concept \u00e0 la r\u00e9alisation<\/p>\n<p><strong>Mercredi 12 d\u00e9cembre:<\/strong> Banquet de pr\u00e9sentation des projets individuels en cours, avec Alain Bertschy, David Br\u00fclhart et Michel Toman.<\/p>\n<p><strong>Mercredi 20 f\u00e9vrier:<\/strong> Banquet<\/p>\n<p><strong>Les jeudis 10h &#8211; 12h:<\/strong> La <em>Rh\u00e9torique<\/em> d&rsquo;Aristote (s\u00e9minaire de Michael Groneberg)<\/p>\n<p><strong>Mercredi 27 mars:<\/strong> Banquet \u00ab\u00a0Destination F\u00e9cule\u00a0\u00bb<\/p>\n<p><strong>12 \u2013 14 avril:<\/strong> Ouverture du F\u00e9cule<\/p>\n<p><strong>16 &#8211; 26 avril:<\/strong> Exposition d\u00e9plac\u00e9e \u00e0 Anthropole et installation \u00ab\u00a0H\u00e9risson\u00a0\u00bb au <em>Rolex Learning Center<\/em><\/p>\n<p><strong>Mercredi 24 avril:<\/strong> Reprise des concerts au <em>Rolex Learning Center<\/em> de l&rsquo;EPFL<\/p>\n<p><strong>Mercredi 1er mai:<\/strong> Banquet \u00ab\u00a0La nouvelle envol\u00e9e\u00a0\u00bb<\/p>\n<p><strong>Mercredi ? juin:<\/strong> Banquet de fin de semestre<\/p>\n","protected":false},"excerpt":{"rendered":"<p>Mercredi 19 septembre: Banquet Les jeudis 10h &#8211; 12h: La R\u00e9publique de Platon \u00e0 travers les si\u00e8cles (s\u00e9minaire de Michael Groneberg) Mercredi 17 octobre: Banquet \u00ab\u00a0La fin de la guerre [&hellip;]<\/p>\n","protected":false},"author":27,"featured_media":0,"parent":3632,"menu_order":0,"comment_status":"closed","ping_status":"closed","template":"","meta":{"_seopress_robots_primary_cat":"","_seopress_titles_title":"","_seopress_titles_desc":"","_seopress_robots_index":"","footnotes":""},"class_list":["post-1709","page","type-page","status-publish"],"_links":{"self":[{"href":"https:\/\/www.asso-unil.ch\/caverne\/wp-json\/wp\/v2\/pages\/1709","targetHints":{"allow":["GET"]}}],"collection":[{"href":"https:\/\/www.asso-unil.ch\/caverne\/wp-json\/wp\/v2\/pages"}],"about":[{"href":"https:\/\/www.asso-unil.ch\/caverne\/wp-json\/wp\/v2\/types\/page"}],"author":[{"embeddable":true,"href":"https:\/\/www.asso-unil.ch\/caverne\/wp-json\/wp\/v2\/users\/27"}],"replies":[{"embeddable":true,"href":"https:\/\/www.asso-unil.ch\/caverne\/wp-json\/wp\/v2\/comments?post=1709"}],"version-history":[{"count":0,"href":"https:\/\/www.asso-unil.ch\/caverne\/wp-json\/wp\/v2\/pages\/1709\/revisions"}],"up":[{"embeddable":true,"href":"https:\/\/www.asso-unil.ch\/caverne\/wp-json\/wp\/v2\/pages\/3632"}],"wp:attachment":[{"href":"https:\/\/www.asso-unil.ch\/caverne\/wp-json\/wp\/v2\/media?parent=1709"}],"curies":[{"name":"wp","href":"https:\/\/api.w.org\/{rel}","templated":true}]}}