{"id":1695,"date":"2013-05-03T16:31:23","date_gmt":"2013-05-03T14:31:23","guid":{"rendered":"http:\/\/www.asso-unil.ch\/caverne\/?page_id=1695"},"modified":"2014-04-12T11:50:43","modified_gmt":"2014-04-12T09:50:43","slug":"vestibule-des-laches","status":"publish","type":"page","link":"https:\/\/www.asso-unil.ch\/caverne\/projets\/projets-2013-2014\/ateliers\/ecriture\/vestibule-des-laches\/","title":{"rendered":"Le Vestibule des L\u00e2ches &#8211; Colin Pahlisch"},"content":{"rendered":"<p>Mise en sc\u00e8ne d&rsquo;une lecture continue, dans plusieurs espaces narratifs, d\u2019un recueil de dix nouvelles intitul\u00e9 <em>Le Vestibule des L\u00e2ches<\/em> en hommage \u00e0 la salle de La Divine Com\u00e9die dans laquelle les \u00e2mes damn\u00e9es sont \u00e9ternellement poursuivies par des abeilles. De mani\u00e8re similaire, les spectateurs de la Grange seront poursuivis par les mots. Le travail se concentre sur le phras\u00e9 des quatre ou cinq com\u00e9diens, avec des pauses, des acc\u00e9l\u00e9rations et des rythmes diff\u00e9rents.<\/p>\n","protected":false},"excerpt":{"rendered":"<p>Mise en sc\u00e8ne d&rsquo;une lecture continue, dans plusieurs espaces narratifs, d\u2019un recueil de dix nouvelles intitul\u00e9 Le Vestibule des L\u00e2ches en hommage \u00e0 la salle de La Divine Com\u00e9die dans [&hellip;]<\/p>\n","protected":false},"author":27,"featured_media":0,"parent":2142,"menu_order":14,"comment_status":"closed","ping_status":"closed","template":"","meta":{"_seopress_robots_primary_cat":"","_seopress_titles_title":"","_seopress_titles_desc":"","_seopress_robots_index":"","_seopress_analysis_target_kw":"","footnotes":""},"class_list":["post-1695","page","type-page","status-publish"],"_links":{"self":[{"href":"https:\/\/www.asso-unil.ch\/caverne\/wp-json\/wp\/v2\/pages\/1695","targetHints":{"allow":["GET"]}}],"collection":[{"href":"https:\/\/www.asso-unil.ch\/caverne\/wp-json\/wp\/v2\/pages"}],"about":[{"href":"https:\/\/www.asso-unil.ch\/caverne\/wp-json\/wp\/v2\/types\/page"}],"author":[{"embeddable":true,"href":"https:\/\/www.asso-unil.ch\/caverne\/wp-json\/wp\/v2\/users\/27"}],"replies":[{"embeddable":true,"href":"https:\/\/www.asso-unil.ch\/caverne\/wp-json\/wp\/v2\/comments?post=1695"}],"version-history":[{"count":0,"href":"https:\/\/www.asso-unil.ch\/caverne\/wp-json\/wp\/v2\/pages\/1695\/revisions"}],"up":[{"embeddable":true,"href":"https:\/\/www.asso-unil.ch\/caverne\/wp-json\/wp\/v2\/pages\/2142"}],"wp:attachment":[{"href":"https:\/\/www.asso-unil.ch\/caverne\/wp-json\/wp\/v2\/media?parent=1695"}],"curies":[{"name":"wp","href":"https:\/\/api.w.org\/{rel}","templated":true}]}}