{"id":1681,"date":"2013-05-03T16:03:16","date_gmt":"2013-05-03T14:03:16","guid":{"rendered":"http:\/\/www.asso-unil.ch\/caverne\/?page_id=1681"},"modified":"2015-03-03T22:51:57","modified_gmt":"2015-03-03T21:51:57","slug":"genealogie-colere","status":"publish","type":"page","link":"https:\/\/www.asso-unil.ch\/caverne\/projets\/projets-2013-2014\/genealogie-colere\/","title":{"rendered":"G\u00e9n\u00e9alogie de la col\u00e8re (espace g\u00e9n\u00e9alogique) &#8211; Michael Groneberg"},"content":{"rendered":"<p>Contenu: la g\u00e9n\u00e9alogie de la col\u00e8re, inspir\u00e9e par celle du d\u00e9sir construite par Michel Foucault (<em>Histoire de la sexualit\u00e9, Herm\u00e9neutique du sujet<\/em>), depuis les sources antiques de notre culture jusqu&rsquo;\u00e0 nos jours. Julien Bovier va puiser dans \u00ab\u00a0Surveiller et punir\u00a0\u00bb.<\/p>\n<p>Forme: inspir\u00e9 par le \u00ab\u00a0Lustmarsch durchs Theoriegel\u00e4nde\u00a0\u00bb (Bazon Brock), nous envisageons un espace g\u00e9n\u00e9alogique remplis d&rsquo;oeuvres de diff\u00e9rentes sortes: tableaux, objets, pi\u00e8ces musicales, sc\u00e8nes jou\u00e9es, &#8230;, d\u00e9j\u00e0 existantes et\/ou \u00e0 pr\u00e9parer. Il s&rsquo;agit donc d&rsquo;une forme hybride entre conf\u00e9rence, th\u00e9\u00e2tre (jeu de sc\u00e8nes) et exposition.<\/p>\n<p>Le public sera guid\u00e9 \u00e0 travers cet espace pendant une dur\u00e9e qui est encore \u00e0 d\u00e9terminer.<\/p>\n<p>Participant-e-s : Julien Bovier<\/p>\n<p>Contact: michael.groneberg@unil.ch<\/p>\n<p>&nbsp;<\/p>\n","protected":false},"excerpt":{"rendered":"<p>Contenu: la g\u00e9n\u00e9alogie de la col\u00e8re, inspir\u00e9e par celle du d\u00e9sir construite par Michel Foucault (Histoire de la sexualit\u00e9, Herm\u00e9neutique du sujet), depuis les sources antiques de notre culture jusqu&rsquo;\u00e0 [&hellip;]<\/p>\n","protected":false},"author":27,"featured_media":0,"parent":1620,"menu_order":14,"comment_status":"closed","ping_status":"closed","template":"","meta":{"_seopress_robots_primary_cat":"","_seopress_titles_title":"","_seopress_titles_desc":"","_seopress_robots_index":"","footnotes":""},"class_list":["post-1681","page","type-page","status-publish"],"_links":{"self":[{"href":"https:\/\/www.asso-unil.ch\/caverne\/wp-json\/wp\/v2\/pages\/1681","targetHints":{"allow":["GET"]}}],"collection":[{"href":"https:\/\/www.asso-unil.ch\/caverne\/wp-json\/wp\/v2\/pages"}],"about":[{"href":"https:\/\/www.asso-unil.ch\/caverne\/wp-json\/wp\/v2\/types\/page"}],"author":[{"embeddable":true,"href":"https:\/\/www.asso-unil.ch\/caverne\/wp-json\/wp\/v2\/users\/27"}],"replies":[{"embeddable":true,"href":"https:\/\/www.asso-unil.ch\/caverne\/wp-json\/wp\/v2\/comments?post=1681"}],"version-history":[{"count":0,"href":"https:\/\/www.asso-unil.ch\/caverne\/wp-json\/wp\/v2\/pages\/1681\/revisions"}],"up":[{"embeddable":true,"href":"https:\/\/www.asso-unil.ch\/caverne\/wp-json\/wp\/v2\/pages\/1620"}],"wp:attachment":[{"href":"https:\/\/www.asso-unil.ch\/caverne\/wp-json\/wp\/v2\/media?parent=1681"}],"curies":[{"name":"wp","href":"https:\/\/api.w.org\/{rel}","templated":true}]}}