{"id":1675,"date":"2013-05-03T15:46:18","date_gmt":"2013-05-03T13:46:18","guid":{"rendered":"http:\/\/www.asso-unil.ch\/caverne\/?page_id=1675"},"modified":"2015-03-03T22:51:32","modified_gmt":"2015-03-03T21:51:32","slug":"monnaie-mon-amour","status":"publish","type":"page","link":"https:\/\/www.asso-unil.ch\/caverne\/projets\/projets-2013-2014\/monnaie-mon-amour\/","title":{"rendered":"Monnaie, mon amour (film) &#8211; Michael Groneberg"},"content":{"rendered":"<p>Apr\u00e8s avoir pr\u00e9sent\u00e9 au F\u00e9cule 2013 le r\u00e9sultat interm\u00e9diaire d&rsquo;une heure de film (cam\u00e9ra: Adrien Bordone, montage: Christine Ritter), le groupe va continuer son travail en vue de la pr\u00e9sentation d&rsquo;une docu-fiction plus longue et plus raffin\u00e9e au F\u00e9cule 2014.<\/p>\n<p>Le projet est ouvert pour d&rsquo;autres participant-e-s, en particulier pour les \u00e9tudiant-e-s du s\u00e9minaire de Michael Groneberg sur la philosophie de l&rsquo;argent qui aura lieu au semestre d&rsquo;automne 2013. Pour rappel, il s&rsquo;agit 1. de montrer les alternatives au syst\u00e8me d&rsquo;argent qui sont d\u00e9j\u00e0 pratiqu\u00e9es ou en cours de d\u00e9veloppement (en Suisse comme ailleurs) et 2. d&rsquo;illustrer quelques v\u00e9rit\u00e9s essentielles sur la monnaie par le jeu, par des entretiens ou par d&rsquo;autres moyens \u00e0 d\u00e9velopper.<\/p>\n<p>Nous aimerions en particulier approfondir l&rsquo;analyse des monnaies compl\u00e9mentaires, la question de l&rsquo;alternative fondamentale troc-don et du r\u00f4le de la dette. Il sera aussi question d&rsquo;analyser les approches th\u00e9oriques actuelles et leurs mani\u00e8res de responsabiliser (ou d\u00e9responsabiliser) la structure d\u00e9sireuse soit de nous tous soit d&rsquo;une petite caste de joueurs au casino. De l&rsquo;autre c\u00f4t\u00e9 sera th\u00e9matis\u00e9 la col\u00e8re \/ l&rsquo;indignation (ou son absence) comme r\u00e9action \u00e0 la malaise financi\u00e8re.<\/p>\n","protected":false},"excerpt":{"rendered":"<p>Apr\u00e8s avoir pr\u00e9sent\u00e9 au F\u00e9cule 2013 le r\u00e9sultat interm\u00e9diaire d&rsquo;une heure de film (cam\u00e9ra: Adrien Bordone, montage: Christine Ritter), le groupe va continuer son travail en vue de la pr\u00e9sentation [&hellip;]<\/p>\n","protected":false},"author":27,"featured_media":0,"parent":1620,"menu_order":10,"comment_status":"open","ping_status":"closed","template":"","meta":{"_seopress_robots_primary_cat":"","_seopress_titles_title":"","_seopress_titles_desc":"","_seopress_robots_index":"","footnotes":""},"class_list":["post-1675","page","type-page","status-publish"],"_links":{"self":[{"href":"https:\/\/www.asso-unil.ch\/caverne\/wp-json\/wp\/v2\/pages\/1675","targetHints":{"allow":["GET"]}}],"collection":[{"href":"https:\/\/www.asso-unil.ch\/caverne\/wp-json\/wp\/v2\/pages"}],"about":[{"href":"https:\/\/www.asso-unil.ch\/caverne\/wp-json\/wp\/v2\/types\/page"}],"author":[{"embeddable":true,"href":"https:\/\/www.asso-unil.ch\/caverne\/wp-json\/wp\/v2\/users\/27"}],"replies":[{"embeddable":true,"href":"https:\/\/www.asso-unil.ch\/caverne\/wp-json\/wp\/v2\/comments?post=1675"}],"version-history":[{"count":0,"href":"https:\/\/www.asso-unil.ch\/caverne\/wp-json\/wp\/v2\/pages\/1675\/revisions"}],"up":[{"embeddable":true,"href":"https:\/\/www.asso-unil.ch\/caverne\/wp-json\/wp\/v2\/pages\/1620"}],"wp:attachment":[{"href":"https:\/\/www.asso-unil.ch\/caverne\/wp-json\/wp\/v2\/media?parent=1675"}],"curies":[{"name":"wp","href":"https:\/\/api.w.org\/{rel}","templated":true}]}}