{"id":1620,"date":"2013-04-30T10:04:41","date_gmt":"2013-04-30T08:04:41","guid":{"rendered":"http:\/\/www.asso-unil.ch\/caverne\/?page_id=1620"},"modified":"2018-01-23T14:25:17","modified_gmt":"2018-01-23T13:25:17","slug":"projets-2013-2014","status":"publish","type":"page","link":"https:\/\/www.asso-unil.ch\/caverne\/projets\/projets-2013-2014\/","title":{"rendered":"Projets 2013-2014"},"content":{"rendered":"<p>Quel est le lien entre la col\u00e8re et le d\u00e9sir? Quel est leur(s) r\u00f4le(s) dans nos vies? Comment se rattachent-ils \u00e0 la philosophie? Et \u00e0 l\u2019art?<\/p>\n<p>Pour la saison 2013-2014, l\u2019association des Ma\u00eetres de la Caverne vous offre un cadre pour catalyser les r\u00e9flexions \u00e9veill\u00e9es par vos \u00e9tudes et pour cr\u00e9er un projet \u00ab\u00a0artistique\u00a0\u00bb autour du th\u00e8me: Col\u00e8re et D\u00e9sir.<\/p>\n<p>Que vous soyez \u00e9tudiant-e ou enseignant-e, vous avez la possibilit\u00e9, apr\u00e8s acceptation de votre dossier de candidature, de pr\u00e9senter au Festival F\u00e9cule 2014 du Th\u00e9\u00e2tre la Grange de Dorigny une cr\u00e9ation artistique, mise en sc\u00e8ne, film, exposition, composition musicale ou tout autre genre d\u2019art.<\/p>\n<p>Les Ma\u00eetres de la Caverne vous proposent de vous accompagner et de vous soutenir dans le d\u00e9veloppement de votre cr\u00e9ation artistique. Pour lancer l\u2019aventure, nous proposons \u00e0 tout-e-s int\u00e9ress\u00e9-e-s qui ne sont pas d\u00e9j\u00e0 en contact avec nous, de se rassembler \u00e0 la s\u00e9ance d\u2019information du jeudi 16 mai 2013 entre 12h30 et 14h en Anthropole 4079.<\/p>\n<h6>Projets et Ateliers pour \u00ab\u00a0Col\u00e8re et D\u00e9sir\u00a0\u00bb<\/h6>\n\n<!-- Page-list plugin v.5.9 wordpress.org\/plugins\/page-list\/ -->\n<ul class=\"page-list subpages-page-list \">\n<li class=\"page_item page-item-2129\"><a href=\"https:\/\/www.asso-unil.ch\/caverne\/projets\/projets-2013-2014\/cafe\/\">Le Caf\u00e9 des Voyageurs &#8211; Coline Ladetto<\/a><\/li>\n<li class=\"page_item page-item-1981\"><a href=\"https:\/\/www.asso-unil.ch\/caverne\/projets\/projets-2013-2014\/philo\/\">Philosophie de la Col\u00e8re &#8211; Ludovic Rime<\/a><\/li>\n<li class=\"page_item page-item-2037\"><a href=\"https:\/\/www.asso-unil.ch\/caverne\/projets\/projets-2013-2014\/ecritures\/\">Ecritures du d\u00e9sir et de la col\u00e8re &#8211; Thibaud Mettraux<\/a><\/li>\n<li class=\"page_item page-item-2902\"><a href=\"https:\/\/www.asso-unil.ch\/caverne\/projets\/projets-2013-2014\/rencontres\/\">Rencontres extraordinaires, entre d\u00e9sir et r\u00e9alit\u00e9 &#8211; Groupe Duo-Duo<\/a><\/li>\n<li class=\"page_item page-item-1970\"><a href=\"https:\/\/www.asso-unil.ch\/caverne\/projets\/projets-2013-2014\/triptyque\/\">Triptyque &#8211; Anne Voeffray<\/a><\/li>\n<li class=\"page_item page-item-1851\"><a href=\"https:\/\/www.asso-unil.ch\/caverne\/projets\/projets-2013-2014\/chat\/\">Chat, j&rsquo;en veux ! \u2013 Aur\u00e9lie Ang\u00e9loz<\/a><\/li>\n<li class=\"page_item page-item-1962\"><a href=\"https:\/\/www.asso-unil.ch\/caverne\/projets\/projets-2013-2014\/desir-danse\/\">D\u00e9sir et Danse &#8211; Cie Comme \u00e7a<\/a><\/li>\n<li class=\"page_item page-item-1988\"><a href=\"https:\/\/www.asso-unil.ch\/caverne\/projets\/projets-2013-2014\/voyage\/\">Voyage vers nos r\u00eaves &#8211; Helena Klima, Alexandre Trejo et Ga\u00e9tan Schneider<\/a><\/li>\n<li class=\"page_item page-item-2200\"><a href=\"https:\/\/www.asso-unil.ch\/caverne\/projets\/projets-2013-2014\/corps\/\">Le Corps foucaldien &#8211; Margot Prod&rsquo;hom<\/a><\/li>\n<li class=\"page_item page-item-1690\"><a href=\"https:\/\/www.asso-unil.ch\/caverne\/projets\/projets-2013-2014\/conte\/\">Fukometekonte &#8211; Thomas Miauton<\/a><\/li>\n<li class=\"page_item page-item-1675\"><a href=\"https:\/\/www.asso-unil.ch\/caverne\/projets\/projets-2013-2014\/monnaie-mon-amour\/\">Monnaie, mon amour (film) &#8211; Michael Groneberg<\/a><\/li>\n<li class=\"page_item page-item-1658\"><a href=\"https:\/\/www.asso-unil.ch\/caverne\/projets\/projets-2013-2014\/jeu\/\">Coups de d\u00e9s &#8211; Gr\u00e9gory Thonney<\/a><\/li>\n<li class=\"page_item page-item-2905\"><a href=\"https:\/\/www.asso-unil.ch\/caverne\/projets\/projets-2013-2014\/enemy\/\">An Enemy of the People &#8211; The Catalyst<\/a><\/li>\n<li class=\"page_item page-item-2203\"><a href=\"https:\/\/www.asso-unil.ch\/caverne\/projets\/projets-2013-2014\/lucioles\/\">Lucioles &#8211; Ricardo Pinz\u00f3n<\/a><\/li>\n<li class=\"page_item page-item-1681\"><a href=\"https:\/\/www.asso-unil.ch\/caverne\/projets\/projets-2013-2014\/genealogie-colere\/\">G\u00e9n\u00e9alogie de la col\u00e8re (espace g\u00e9n\u00e9alogique) &#8211; Michael Groneberg<\/a><\/li>\n<li class=\"page_item page-item-1714 page_item_has_children\"><a href=\"https:\/\/www.asso-unil.ch\/caverne\/projets\/projets-2013-2014\/ateliers\/\">Ateliers 2013-2014<\/a><\/li>\n\n<\/ul>\n","protected":false},"excerpt":{"rendered":"<p>Quel est le lien entre la col\u00e8re et le d\u00e9sir? Quel est leur(s) r\u00f4le(s) dans nos vies? Comment se rattachent-ils \u00e0 la philosophie? Et \u00e0 l\u2019art? Pour la saison 2013-2014, [&hellip;]<\/p>\n","protected":false},"author":1001080,"featured_media":0,"parent":4667,"menu_order":0,"comment_status":"closed","ping_status":"closed","template":"","meta":{"_seopress_robots_primary_cat":"","_seopress_titles_title":"","_seopress_titles_desc":"","_seopress_robots_index":"","footnotes":""},"class_list":["post-1620","page","type-page","status-publish"],"_links":{"self":[{"href":"https:\/\/www.asso-unil.ch\/caverne\/wp-json\/wp\/v2\/pages\/1620","targetHints":{"allow":["GET"]}}],"collection":[{"href":"https:\/\/www.asso-unil.ch\/caverne\/wp-json\/wp\/v2\/pages"}],"about":[{"href":"https:\/\/www.asso-unil.ch\/caverne\/wp-json\/wp\/v2\/types\/page"}],"author":[{"embeddable":true,"href":"https:\/\/www.asso-unil.ch\/caverne\/wp-json\/wp\/v2\/users\/1001080"}],"replies":[{"embeddable":true,"href":"https:\/\/www.asso-unil.ch\/caverne\/wp-json\/wp\/v2\/comments?post=1620"}],"version-history":[{"count":0,"href":"https:\/\/www.asso-unil.ch\/caverne\/wp-json\/wp\/v2\/pages\/1620\/revisions"}],"up":[{"embeddable":true,"href":"https:\/\/www.asso-unil.ch\/caverne\/wp-json\/wp\/v2\/pages\/4667"}],"wp:attachment":[{"href":"https:\/\/www.asso-unil.ch\/caverne\/wp-json\/wp\/v2\/media?parent=1620"}],"curies":[{"name":"wp","href":"https:\/\/api.w.org\/{rel}","templated":true}]}}