{"id":1583,"date":"2013-04-18T18:03:59","date_gmt":"2013-04-18T16:03:59","guid":{"rendered":"http:\/\/www.asso-unil.ch\/caverne\/?page_id=1583"},"modified":"2015-03-03T22:22:19","modified_gmt":"2015-03-03T21:22:19","slug":"1-mai","status":"publish","type":"page","link":"https:\/\/www.asso-unil.ch\/caverne\/banquets\/banquet-2012-2013\/1-mai\/","title":{"rendered":"Banquet du 1er mai 2013"},"content":{"rendered":"<p>Dans un nuage de lumi\u00e8res, le F\u00e9cule touche \u00e0 sa fin et nos vies reprennent leur cours normal. Mais pour ne pas vous laisser sombrer dans le n\u00e9ant de l&rsquo;apr\u00e8s-cr\u00e9ation trop longtemps, les Ma\u00eetres de la Caverne vous ont concoct\u00e9 un nouveau banquet, canadien et plein de plaisirs gustatifs. Dernier de la saison, il aura lieu mercredi 1er mai \u00e0 18:00 au Foyer de la Grange de Dorigny.<\/p>\n<p>Au programme, festivit\u00e9s et inauguration du th\u00e8me de l&rsquo;ann\u00e9e prochaine, \u00ab\u00a0Col\u00e8re et D\u00e9sir\u00a0\u00bb. Quel est le lien entre ces sentiments? Comment se rattachent-ils \u00e0 la philosophie? Et \u00e0 l&rsquo;art? Quel est leur r\u00f4le dans nos vies? Qu&rsquo;ont-ils d&rsquo;attirant ou d&rsquo;insurgeant? Quelles r\u00e9flexions \u00e9veillent-ils? Laissez-les vous hanter, vous ronger les sangs et inspirer mille et une id\u00e9es que nous nous r\u00e9jouissons de d\u00e9couvrir.<\/p>\n","protected":false},"excerpt":{"rendered":"<p>Dans un nuage de lumi\u00e8res, le F\u00e9cule touche \u00e0 sa fin et nos vies reprennent leur cours normal. Mais pour ne pas vous laisser sombrer dans le n\u00e9ant de l&rsquo;apr\u00e8s-cr\u00e9ation [&hellip;]<\/p>\n","protected":false},"author":27,"featured_media":0,"parent":3586,"menu_order":1,"comment_status":"closed","ping_status":"closed","template":"","meta":{"_seopress_robots_primary_cat":"","_seopress_titles_title":"","_seopress_titles_desc":"","_seopress_robots_index":"","footnotes":""},"class_list":["post-1583","page","type-page","status-publish"],"_links":{"self":[{"href":"https:\/\/www.asso-unil.ch\/caverne\/wp-json\/wp\/v2\/pages\/1583","targetHints":{"allow":["GET"]}}],"collection":[{"href":"https:\/\/www.asso-unil.ch\/caverne\/wp-json\/wp\/v2\/pages"}],"about":[{"href":"https:\/\/www.asso-unil.ch\/caverne\/wp-json\/wp\/v2\/types\/page"}],"author":[{"embeddable":true,"href":"https:\/\/www.asso-unil.ch\/caverne\/wp-json\/wp\/v2\/users\/27"}],"replies":[{"embeddable":true,"href":"https:\/\/www.asso-unil.ch\/caverne\/wp-json\/wp\/v2\/comments?post=1583"}],"version-history":[{"count":0,"href":"https:\/\/www.asso-unil.ch\/caverne\/wp-json\/wp\/v2\/pages\/1583\/revisions"}],"up":[{"embeddable":true,"href":"https:\/\/www.asso-unil.ch\/caverne\/wp-json\/wp\/v2\/pages\/3586"}],"wp:attachment":[{"href":"https:\/\/www.asso-unil.ch\/caverne\/wp-json\/wp\/v2\/media?parent=1583"}],"curies":[{"name":"wp","href":"https:\/\/api.w.org\/{rel}","templated":true}]}}