{"id":1567,"date":"2013-03-14T13:31:28","date_gmt":"2013-03-14T12:31:28","guid":{"rendered":"http:\/\/www.asso-unil.ch\/caverne\/?page_id=1567"},"modified":"2015-03-03T22:21:39","modified_gmt":"2015-03-03T21:21:39","slug":"27-mars","status":"publish","type":"page","link":"https:\/\/www.asso-unil.ch\/caverne\/banquets\/banquet-2012-2013\/27-mars\/","title":{"rendered":"Banquet du 27 mars 2013: Destination F\u00e9cule"},"content":{"rendered":"<p>Le banquet du mercredi 27 mars \u00e0 18h propose un aper\u00e7u th\u00e9\u00e2tral\u00a0d\u2019enfants qui refusent de grandir et d&rsquo;hommes politiques sur-m\u00e9diatis\u00e9s autour d\u2019un repas canadien\u00a0au Foyer de la Grange de Dorigny.\u00a0Venez d\u00e9couvrir et commenter les personnages hauts en couleur que vous verrez dans moins d&rsquo;un mois sur sc\u00e8ne pour l&rsquo;Ouverture du Festival F\u00e9cule \u00e0 la Grange de Dorigny,\u00a0qui aura lieu du vendredi 12 au dimanche 14 avril 2013.<\/p>\n<p>Les Ma\u00eetres de la Caverne s&rsquo;affairent aux derniers pr\u00e9paratifs; de la mise en place de l&rsquo;exposition de peintures et de photos aux derniers branchements pour les concerts, en passant par quelques \u00e9tirements pour les com\u00e9diens qui monteront sur sc\u00e8ne et naturellement \u00e0 l&rsquo;essai de recettes pour les repas. Pourtant, ils ne rateraient pour rien au monde l&rsquo;occasion de s&rsquo;interroger encore sur le concept de \u00ab\u00a0cr\u00e9ation artistique\u00a0\u00bb avec le metteur en sc\u00e8ne Alain Bertschy et de se remplir, bien \u00e9videmment, la panse.<\/p>\n","protected":false},"excerpt":{"rendered":"<p>Le banquet du mercredi 27 mars \u00e0 18h propose un aper\u00e7u th\u00e9\u00e2tral\u00a0d\u2019enfants qui refusent de grandir et d&rsquo;hommes politiques sur-m\u00e9diatis\u00e9s autour d\u2019un repas canadien\u00a0au Foyer de la Grange de Dorigny.\u00a0Venez [&hellip;]<\/p>\n","protected":false},"author":27,"featured_media":0,"parent":3586,"menu_order":2,"comment_status":"closed","ping_status":"closed","template":"","meta":{"_seopress_robots_primary_cat":"","_seopress_titles_title":"","_seopress_titles_desc":"","_seopress_robots_index":"","footnotes":""},"class_list":["post-1567","page","type-page","status-publish"],"_links":{"self":[{"href":"https:\/\/www.asso-unil.ch\/caverne\/wp-json\/wp\/v2\/pages\/1567","targetHints":{"allow":["GET"]}}],"collection":[{"href":"https:\/\/www.asso-unil.ch\/caverne\/wp-json\/wp\/v2\/pages"}],"about":[{"href":"https:\/\/www.asso-unil.ch\/caverne\/wp-json\/wp\/v2\/types\/page"}],"author":[{"embeddable":true,"href":"https:\/\/www.asso-unil.ch\/caverne\/wp-json\/wp\/v2\/users\/27"}],"replies":[{"embeddable":true,"href":"https:\/\/www.asso-unil.ch\/caverne\/wp-json\/wp\/v2\/comments?post=1567"}],"version-history":[{"count":0,"href":"https:\/\/www.asso-unil.ch\/caverne\/wp-json\/wp\/v2\/pages\/1567\/revisions"}],"up":[{"embeddable":true,"href":"https:\/\/www.asso-unil.ch\/caverne\/wp-json\/wp\/v2\/pages\/3586"}],"wp:attachment":[{"href":"https:\/\/www.asso-unil.ch\/caverne\/wp-json\/wp\/v2\/media?parent=1567"}],"curies":[{"name":"wp","href":"https:\/\/api.w.org\/{rel}","templated":true}]}}