{"id":1444,"date":"2012-12-12T14:07:55","date_gmt":"2012-12-12T13:07:55","guid":{"rendered":"http:\/\/www.asso-unil.ch\/caverne\/?page_id=1444"},"modified":"2014-04-12T11:52:00","modified_gmt":"2014-04-12T09:52:00","slug":"uomo-mecanico-film-muet-avec-composition-originale-nam-pham","status":"publish","type":"page","link":"https:\/\/www.asso-unil.ch\/caverne\/projets\/projets-2012-2013\/projets\/uomo-mecanico-film-muet-avec-composition-originale-nam-pham\/","title":{"rendered":"Uomo mecanico (film muet avec composition originale, Nam Pham)"},"content":{"rendered":"<p><a href=\"https:\/\/www.asso-unil.ch\/caverne\/opsis-visions-du-futur-cultures-de-la-vision\/uomo-mecanico-film-muet-avec-composition-originale-nam-pham\/nam\/\" rel=\"attachment wp-att-1503\"><img alt=\"\" loading=\"lazy\" decoding=\"async\" class=\"size-medium wp-image-1503 aligncenter\" src=\"https:\/\/www.asso-unil.ch\/caverne\/files\/2012\/12\/nam-300x240.jpg\" alt=\"\" width=\"300\" height=\"240\" \/><\/a><\/p>\n<p>Dans le cadre de l\u2019\u00a0\u00ab\u00a0OPSIS\u00a0: vision du futur\u00a0\u00bb, La Bande \u00e0 Joe propose de composer un nouvel accompagnement musical de <em>L&rsquo;Uomo Meccanico <\/em>(Andr\u00e9 Deed, 1921) et de l\u2019interpr\u00e9ter en en live lors de la projection du film.<\/p>\n<p>Pour un film de science-fiction, rien ne vaut les sons distordant et \u00e9tranges des synth\u00e9tiseurs.<\/p>\n<p>L&rsquo;id\u00e9e est d&rsquo;allier une vision du futur <em>pass\u00e9e<\/em> (un film des ann\u00e9es 1920) \u00e0 des sons contemporains. Le projet s\u2019inspire d\u2019une pratique courante et magnifi\u00e9e par Giorgio Moroder avec <em>Metropolis<\/em> \u2013 un subtil m\u00e9lange de musique pop et d\u2019un classique du 7<sup>\u00e8me<\/sup> Art.<\/p>\n<p>Synth\u00e9tiseurs, bo\u00eetes \u00e0 rythmes, <em>vocoder<\/em> apporteront un nouveau regard au film d&rsquo;Andr\u00e9 Deed, acteur burlesque aussi connu sous le nom de <em>Foolshead, Gribouille <\/em>ou<em> Cretinetti<\/em>.<\/p>\n<p>Outre de l\u2019aspect ludique, ce cin\u00e9-concert cherche \u00e0 diffuser les films \u00ab\u00a0vieillis\u00a0\u00bb, \u00ab\u00a0p\u00e9rim\u00e9s\u00a0\u00bb au-del\u00e0 de la simple curiosit\u00e9 historique. En le sonorisant \u00e0 la sauce pop et \u00e9lectro, nous mettons en avant le statut initial de <em>L\u2019Uomo Meccanico<\/em> (et du cin\u00e9ma en g\u00e9n\u00e9ral\u00a0?). Celui du divertissement.<\/p>\n<p><a href=\"https:\/\/www.asso-unil.ch\/caverne\/opsis-visions-du-futur-cultures-de-la-vision\/uomo-mecanico-film-muet-avec-composition-originale-nam-pham\/nam2\/\" rel=\"attachment wp-att-1505\"><img alt=\"\" loading=\"lazy\" decoding=\"async\" class=\"size-medium wp-image-1505 aligncenter\" src=\"https:\/\/www.asso-unil.ch\/caverne\/files\/2012\/12\/nam2-300x226.jpg\" alt=\"\" width=\"300\" height=\"226\" srcset=\"https:\/\/www.asso-unil.ch\/caverne\/files\/2012\/12\/nam2-300x226.jpg 300w, https:\/\/www.asso-unil.ch\/caverne\/files\/2012\/12\/nam2.jpg 673w\" sizes=\"auto, (max-width: 300px) 100vw, 300px\" \/><\/a><\/p>\n","protected":false},"excerpt":{"rendered":"<p>Dans le cadre de l\u2019\u00a0\u00ab\u00a0OPSIS\u00a0: vision du futur\u00a0\u00bb, La Bande \u00e0 Joe propose de composer un nouvel accompagnement musical de L&rsquo;Uomo Meccanico (Andr\u00e9 Deed, 1921) et de l\u2019interpr\u00e9ter en en [&hellip;]<\/p>\n","protected":false},"author":27,"featured_media":0,"parent":1120,"menu_order":0,"comment_status":"closed","ping_status":"closed","template":"","meta":{"_seopress_robots_primary_cat":"","_seopress_titles_title":"","_seopress_titles_desc":"","_seopress_robots_index":"","footnotes":""},"class_list":["post-1444","page","type-page","status-publish"],"_links":{"self":[{"href":"https:\/\/www.asso-unil.ch\/caverne\/wp-json\/wp\/v2\/pages\/1444","targetHints":{"allow":["GET"]}}],"collection":[{"href":"https:\/\/www.asso-unil.ch\/caverne\/wp-json\/wp\/v2\/pages"}],"about":[{"href":"https:\/\/www.asso-unil.ch\/caverne\/wp-json\/wp\/v2\/types\/page"}],"author":[{"embeddable":true,"href":"https:\/\/www.asso-unil.ch\/caverne\/wp-json\/wp\/v2\/users\/27"}],"replies":[{"embeddable":true,"href":"https:\/\/www.asso-unil.ch\/caverne\/wp-json\/wp\/v2\/comments?post=1444"}],"version-history":[{"count":0,"href":"https:\/\/www.asso-unil.ch\/caverne\/wp-json\/wp\/v2\/pages\/1444\/revisions"}],"up":[{"embeddable":true,"href":"https:\/\/www.asso-unil.ch\/caverne\/wp-json\/wp\/v2\/pages\/1120"}],"wp:attachment":[{"href":"https:\/\/www.asso-unil.ch\/caverne\/wp-json\/wp\/v2\/media?parent=1444"}],"curies":[{"name":"wp","href":"https:\/\/api.w.org\/{rel}","templated":true}]}}