{"id":1340,"date":"2012-10-25T17:58:36","date_gmt":"2012-10-25T15:58:36","guid":{"rendered":"http:\/\/www.asso-unil.ch\/caverne\/?page_id=1340"},"modified":"2015-03-03T22:19:14","modified_gmt":"2015-03-03T21:19:14","slug":"12-dec","status":"publish","type":"page","link":"https:\/\/www.asso-unil.ch\/caverne\/banquets\/banquet-2012-2013\/12-dec\/","title":{"rendered":"Banquet du 12 d\u00e9cembre 2012"},"content":{"rendered":"<p>Le banquet du 12 d\u00e9cembre \u00e0 18h au Foyer de la Grange de Dorigny ne compte \u00e0 son programme ni th\u00e8me poignant, ni conf\u00e9rence transcendante, mais il accueille, cach\u00e9s entre les plats de son festin, trois artistes professionnels.<\/p>\n<p>Dans le cadre des Ma\u00eetres de la Caverne, de nombreux \u00e9tudiant-e-s et enseignant-e-s de l&rsquo;UniL travaillent sur des productions cr\u00e9atives autour du th\u00e8me \u00ab\u00a0Opsis: visions du futur \u2013 cultures de la vision\u00a0\u00bb, dont la plupart seront pr\u00e9sent\u00e9es en ouverture du\u00a0festival F\u00e9cule, \u00e0 la Grange de Dorigny (12-14 avril 2013).<\/p>\n<p>Ces mises en sc\u00e8nes, expositions, productions musicales, films, etc. seront discut\u00e9s le 12 d\u00e9cembre autour d&rsquo;un repas canadien et en pr\u00e9sence des artistes professionnels Alain Bertschy, David Br\u00fclhart et Michel Toman. L&rsquo;occasion de nourrir une fois de plus la panse et l&rsquo;esprit.<\/p>\n<p>&nbsp;<\/p>\n","protected":false},"excerpt":{"rendered":"<p>Le banquet du 12 d\u00e9cembre \u00e0 18h au Foyer de la Grange de Dorigny ne compte \u00e0 son programme ni th\u00e8me poignant, ni conf\u00e9rence transcendante, mais il accueille, cach\u00e9s entre [&hellip;]<\/p>\n","protected":false},"author":27,"featured_media":0,"parent":3586,"menu_order":4,"comment_status":"closed","ping_status":"closed","template":"","meta":{"_seopress_robots_primary_cat":"","_seopress_titles_title":"","_seopress_titles_desc":"","_seopress_robots_index":"","footnotes":""},"class_list":["post-1340","page","type-page","status-publish"],"_links":{"self":[{"href":"https:\/\/www.asso-unil.ch\/caverne\/wp-json\/wp\/v2\/pages\/1340","targetHints":{"allow":["GET"]}}],"collection":[{"href":"https:\/\/www.asso-unil.ch\/caverne\/wp-json\/wp\/v2\/pages"}],"about":[{"href":"https:\/\/www.asso-unil.ch\/caverne\/wp-json\/wp\/v2\/types\/page"}],"author":[{"embeddable":true,"href":"https:\/\/www.asso-unil.ch\/caverne\/wp-json\/wp\/v2\/users\/27"}],"replies":[{"embeddable":true,"href":"https:\/\/www.asso-unil.ch\/caverne\/wp-json\/wp\/v2\/comments?post=1340"}],"version-history":[{"count":0,"href":"https:\/\/www.asso-unil.ch\/caverne\/wp-json\/wp\/v2\/pages\/1340\/revisions"}],"up":[{"embeddable":true,"href":"https:\/\/www.asso-unil.ch\/caverne\/wp-json\/wp\/v2\/pages\/3586"}],"wp:attachment":[{"href":"https:\/\/www.asso-unil.ch\/caverne\/wp-json\/wp\/v2\/media?parent=1340"}],"curies":[{"name":"wp","href":"https:\/\/api.w.org\/{rel}","templated":true}]}}