{"id":1303,"date":"2012-10-24T16:34:51","date_gmt":"2012-10-24T14:34:51","guid":{"rendered":"http:\/\/www.asso-unil.ch\/caverne\/?page_id=1303"},"modified":"2015-03-03T22:18:26","modified_gmt":"2015-03-03T21:18:26","slug":"14-nov","status":"publish","type":"page","link":"https:\/\/www.asso-unil.ch\/caverne\/banquets\/banquet-2012-2013\/14-nov\/","title":{"rendered":"Banquet du 14 novembre 2012: Le futur de l&rsquo;argent ?"},"content":{"rendered":"<p>Conf\u00e9rences et d\u00e9bat autour d&rsquo;un repas au Foyer de la Grange de Dorigny:<br \/>\nQu\u2019est-ce que l&rsquo;argent et la monnaie ? Comment g\u00e9rer le syst\u00e8me mon\u00e9taire ? Quelles alternatives au syst\u00e8me de finances actuel ? Y a-t-il un art de l&rsquo;argent ?<\/p>\n<p><strong>1. Conf\u00e9rence &lsquo;<span style=\"color: #ff6600\">l&rsquo;Art et l&rsquo;Argent<\/span>&lsquo;, par David Br\u00fclhart<\/strong><br \/>\n<em>\u00ab\u00a0L&rsquo;art est la plus fabuleuse des monnaies\u00a0\u00bb Damien Hirst<\/em><br \/>\n<em> L&rsquo;introduction de la valeur financi\u00e8re dans l&rsquo;art ne remonte pas seulement \u00e0 l&rsquo;arriv\u00e9e des ventes aux ench\u00e8res et des collectionneurs. Les artistes, bien avant l&rsquo;arriv\u00e9e de Jeff Koons et de Damien Hirst, ont manipul\u00e9 l&rsquo;argent, l&rsquo;ont attis\u00e9, d\u00e9nonc\u00e9, utilis\u00e9, ridiculis\u00e9. Panorama des liens contradictoires entre le capitalisme et l&rsquo;histoire de l&rsquo;art.<\/em><br \/>\n<span style=\"color: #c0c0c0\">David Br\u00fclhart est l&rsquo;artiste engag\u00e9 par la Caverne pour le c\u00f4t\u00e9 visuel &#8211; exposition de tableaux, dessins, photos &#8211; et entrera, durant cette soir\u00e9e, en contact avec les personnes qui en pr\u00e9parent.<\/span><\/p>\n<p><strong>2. <span style=\"color: #ff6600\">La Mon\u00e9tative<\/span>, pr\u00e9sent\u00e9 par L\u00e9vi-Sergio Mutemba<\/strong><br \/>\nAvec le concours de Kurt Specht, Philippe Froidevaux et Hansruedi Weber<br \/>\nPr\u00e9sentation du projet de transformer la Banque Centrale en quatri\u00e8me pouvoir de l&rsquo;\u00e9tat, aux c\u00f4t\u00e9s des pouvoirs l\u00e9gislatif, ex\u00e9cutif et de la justice.<\/p>\n<p>3. <strong><span style=\"color: #ff6600\">Le revenu inconditionnel<\/span>, pr\u00e9sent\u00e9 par Charly Pache<\/strong><br \/>\nCr\u00e9ateur d&rsquo;Utilopia, plateforme d&rsquo;entrepreneuriat soci\u00e9tal, pour que le monde change en mieux.<\/p>\n<p>4. <strong><span style=\"color: #ff6600\">La monnaie compl\u00e9mentaire<\/span><\/strong><br \/>\nLe SEL gl\u00e2nois <strong>pr\u00e9sent\u00e9 par Genevi\u00e8ve Lambert<\/strong><\/p>\n<p>&nbsp;<\/p>\n<p>Entr\u00e9e libre.<\/p>\n","protected":false},"excerpt":{"rendered":"<p>Conf\u00e9rences et d\u00e9bat autour d&rsquo;un repas au Foyer de la Grange de Dorigny: Qu\u2019est-ce que l&rsquo;argent et la monnaie ? Comment g\u00e9rer le syst\u00e8me mon\u00e9taire ? Quelles alternatives au syst\u00e8me [&hellip;]<\/p>\n","protected":false},"author":27,"featured_media":0,"parent":3586,"menu_order":5,"comment_status":"closed","ping_status":"closed","template":"","meta":{"_seopress_robots_primary_cat":"","_seopress_titles_title":"","_seopress_titles_desc":"","_seopress_robots_index":"","footnotes":""},"class_list":["post-1303","page","type-page","status-publish"],"_links":{"self":[{"href":"https:\/\/www.asso-unil.ch\/caverne\/wp-json\/wp\/v2\/pages\/1303","targetHints":{"allow":["GET"]}}],"collection":[{"href":"https:\/\/www.asso-unil.ch\/caverne\/wp-json\/wp\/v2\/pages"}],"about":[{"href":"https:\/\/www.asso-unil.ch\/caverne\/wp-json\/wp\/v2\/types\/page"}],"author":[{"embeddable":true,"href":"https:\/\/www.asso-unil.ch\/caverne\/wp-json\/wp\/v2\/users\/27"}],"replies":[{"embeddable":true,"href":"https:\/\/www.asso-unil.ch\/caverne\/wp-json\/wp\/v2\/comments?post=1303"}],"version-history":[{"count":0,"href":"https:\/\/www.asso-unil.ch\/caverne\/wp-json\/wp\/v2\/pages\/1303\/revisions"}],"up":[{"embeddable":true,"href":"https:\/\/www.asso-unil.ch\/caverne\/wp-json\/wp\/v2\/pages\/3586"}],"wp:attachment":[{"href":"https:\/\/www.asso-unil.ch\/caverne\/wp-json\/wp\/v2\/media?parent=1303"}],"curies":[{"name":"wp","href":"https:\/\/api.w.org\/{rel}","templated":true}]}}