{"id":1274,"date":"2012-10-03T16:32:59","date_gmt":"2012-10-03T14:32:59","guid":{"rendered":"http:\/\/www.asso-unil.ch\/caverne\/?page_id=1274"},"modified":"2018-01-23T12:31:59","modified_gmt":"2018-01-23T11:31:59","slug":"banquets","status":"publish","type":"page","link":"https:\/\/www.asso-unil.ch\/caverne\/banquets\/banquets\/","title":{"rendered":"Banquets 2013-2014"},"content":{"rendered":"<p><strong>Les Banquets de l&rsquo;ann\u00e9e 2013-2014 plac\u00e9e sous le th\u00e8me \u00ab\u00a0Col\u00e8re et D\u00e9sirs\u00a0\u00bb :<\/strong><br \/>\n\n<!-- Page-list plugin v.5.9 wordpress.org\/plugins\/page-list\/ -->\n<ul class=\"page-list subpages-page-list \">\n<li class=\"page_item page-item-3122\"><a href=\"https:\/\/www.asso-unil.ch\/caverne\/banquets\/banquets\/11-juin\/\">Banquet du 11 juin 2014<\/a><\/li>\n<li class=\"page_item page-item-2941\"><a href=\"https:\/\/www.asso-unil.ch\/caverne\/banquets\/banquets\/16-avr\/\">Banquet du 16 avril 2014, Courts m\u00e9trages pour le F\u00e9cule<\/a><\/li>\n<li class=\"page_item page-item-2698\"><a href=\"https:\/\/www.asso-unil.ch\/caverne\/banquets\/banquets\/26-mars\/\">Banquet du 26 mars 2014, Autour de Foucault, \u00ab\u00a0Surveillet et Punir\u00a0\u00bb<\/a><\/li>\n<li class=\"page_item page-item-3052\"><a href=\"https:\/\/www.asso-unil.ch\/caverne\/banquets\/banquets\/21-mai\/\">Banquet du 21 mai 2014, Le Caf\u00e9 des Voyageurs et Bilan du F\u00e9cule 2014<\/a><\/li>\n<li class=\"page_item page-item-2621\"><a href=\"https:\/\/www.asso-unil.ch\/caverne\/banquets\/banquets\/19-fev\/\">Banquet du 19 f\u00e9vrier 2014, L&rsquo;oeuvre commune<\/a><\/li>\n<li class=\"page_item page-item-2448\"><a href=\"https:\/\/www.asso-unil.ch\/caverne\/banquets\/banquets\/23-jan\/\">Banquet du 23 janvier 2014, Discussions autour des projets<\/a><\/li>\n<li class=\"page_item page-item-2199\"><a href=\"https:\/\/www.asso-unil.ch\/caverne\/banquets\/banquets\/18-dec\/\">Banquet du 18 d\u00e9cembre 2013, fin de semestre<\/a><\/li>\n<li class=\"page_item page-item-2135\"><a href=\"https:\/\/www.asso-unil.ch\/caverne\/banquets\/banquets\/20-nov\/\">Banquet du 20 novembre 2013, l&rsquo;argent<\/a><\/li>\n<li class=\"page_item page-item-1998\"><a href=\"https:\/\/www.asso-unil.ch\/caverne\/banquets\/banquets\/23-oct\/\">Banquet du 23 octobre 2013, le principe de cr\u00e9ation commune<\/a><\/li>\n<li class=\"page_item page-item-1892\"><a href=\"https:\/\/www.asso-unil.ch\/caverne\/banquets\/banquets\/18-sept\/\">Banquet du 18 septembre 2013, D\u00e9but du semestre<\/a><\/li>\n\n<\/ul><\/p>\n<p>&nbsp;<\/p>\n","protected":false},"excerpt":{"rendered":"<p>Les Banquets de l&rsquo;ann\u00e9e 2013-2014 plac\u00e9e sous le th\u00e8me \u00ab\u00a0Col\u00e8re et D\u00e9sirs\u00a0\u00bb : &nbsp;<\/p>\n","protected":false},"author":27,"featured_media":0,"parent":3214,"menu_order":0,"comment_status":"closed","ping_status":"closed","template":"","meta":{"_seopress_robots_primary_cat":"","_seopress_titles_title":"","_seopress_titles_desc":"","_seopress_robots_index":"","footnotes":""},"class_list":["post-1274","page","type-page","status-publish"],"_links":{"self":[{"href":"https:\/\/www.asso-unil.ch\/caverne\/wp-json\/wp\/v2\/pages\/1274","targetHints":{"allow":["GET"]}}],"collection":[{"href":"https:\/\/www.asso-unil.ch\/caverne\/wp-json\/wp\/v2\/pages"}],"about":[{"href":"https:\/\/www.asso-unil.ch\/caverne\/wp-json\/wp\/v2\/types\/page"}],"author":[{"embeddable":true,"href":"https:\/\/www.asso-unil.ch\/caverne\/wp-json\/wp\/v2\/users\/27"}],"replies":[{"embeddable":true,"href":"https:\/\/www.asso-unil.ch\/caverne\/wp-json\/wp\/v2\/comments?post=1274"}],"version-history":[{"count":0,"href":"https:\/\/www.asso-unil.ch\/caverne\/wp-json\/wp\/v2\/pages\/1274\/revisions"}],"up":[{"embeddable":true,"href":"https:\/\/www.asso-unil.ch\/caverne\/wp-json\/wp\/v2\/pages\/3214"}],"wp:attachment":[{"href":"https:\/\/www.asso-unil.ch\/caverne\/wp-json\/wp\/v2\/media?parent=1274"}],"curies":[{"name":"wp","href":"https:\/\/api.w.org\/{rel}","templated":true}]}}