{"id":1266,"date":"2012-10-03T16:14:04","date_gmt":"2012-10-03T14:14:04","guid":{"rendered":"http:\/\/www.asso-unil.ch\/caverne\/?page_id=1266"},"modified":"2015-03-03T22:19:43","modified_gmt":"2015-03-03T21:19:43","slug":"banquet-du-17-octobre-la-fin-de-la-guerre","status":"publish","type":"page","link":"https:\/\/www.asso-unil.ch\/caverne\/banquets\/banquet-2012-2013\/banquet-du-17-octobre-la-fin-de-la-guerre\/","title":{"rendered":"Banquet du 17 octobre 2012: La fin de la guerre?"},"content":{"rendered":"<p style=\"text-align: left\" align=\"JUSTIFY\"><span style=\"font-family: Chalkboard, serif\">Qu\u2019est-ce que la guerre\u00a0? Quelle part d\u2019humanit\u00e9 ou d\u2019inhumanit\u00e9 y est impliqu\u00e9e\u00a0? Comment en parler sans nourrir une certaine fascination tr\u00e8s probl\u00e9matique pour ce ph\u00e9nom\u00e8ne\u00a0? Quelle est la responsabilit\u00e9 des artistes dans nos repr\u00e9sentations de la guerre\u00a0? Est-il possible que l\u2019art, cette pharmaceutique cr\u00e9atrice, ne soit pas qu\u2019un rem\u00e8de mais aussi, peut-\u00eatre, un venin\u00a0? Comment vous positionnez-vous par rapport \u00e0 certaines de ces questions\u00a0? En avez-vous d\u2019autres\u00a0?<\/span><\/p>\n<p style=\"text-align: left\" align=\"JUSTIFY\"><span style=\"font-family: Chalkboard, serif\">Venez le 17 octobtre \u00e0 18h au foyer de la Grange partager vos opinions, alimenter votre curiosit\u00e9, avec des chercheurs et artistes qui se sont confront\u00e9s \u00e0 ces probl\u00e8mes. Ce banquet se veut un prolongement des r\u00e9flexions transdisciplinaires d\u00e9clench\u00e9es par Jean-Michel Potiron et publi\u00e9es dans l\u2019ouvrage <\/span><span style=\"font-family: Chalkboard, serif\"><em>Qu\u2019est-ce que la guerre\u00a0?<\/em><\/span><span style=\"font-family: Chalkboard, serif\">, sous la direction de Yohan Ariffin et Anne Bielman Sanchez, PPUR, 2012.<\/span><\/p>\n<p style=\"text-align: left\" align=\"JUSTIFY\"><span style=\"font-family: Chalkboard, serif\">Vous \u00eates invit\u00e9-e-s \u00e0 \u00e9couter en amont l\u2019\u00e9mission de la RTS <\/span><span style=\"font-family: Chalkboard, serif\"><em>Rien n\u2019est jou\u00e9<\/em><\/span><span style=\"font-family: Chalkboard, serif\"> du 10 avril 2012, intitul\u00e9e \u00ab\u00a0Qu\u2019est-ce que la guerre\u00a0?\u00a0\u00bb, \u00e0 \u00e9couter sous https:\/\/www.rts.ch\/la-1ere\/programmes\/rien-n-est-joue\/3882338-rien-n-est-joue-du-10-04-2012.html.<\/span><\/p>\n<p style=\"text-align: left\" align=\"JUSTIFY\"><span style=\"font-family: Chalkboard, serif\"><strong>Avec la participation de\u00a0:<\/strong><\/span><\/p>\n<p style=\"text-align: left\" align=\"JUSTIFY\"><span style=\"font-family: Chalkboard, serif\">Dimitri Andronicos (UniGe, Philosophie)<\/span><\/p>\n<p style=\"text-align: left\" align=\"JUSTIFY\"><span style=\"font-family: Chalkboard, serif\">Yohan Ariffin (Sciences Politiques) <\/span><\/p>\n<p style=\"text-align: left\" align=\"JUSTIFY\"><span style=\"font-family: Chalkboard, serif\">Anne Bielman (Histoire Ancienne) <\/span><\/p>\n<p style=\"text-align: left\" align=\"JUSTIFY\"><span style=\"font-family: Chalkboard, serif\">David Bouvier (Grec Ancien)<\/span><\/p>\n<p style=\"text-align: left\" align=\"JUSTIFY\"><span style=\"font-family: Chalkboard, serif\">Michel Fuchs (Arch\u00e9ologie)<\/span><\/p>\n<p style=\"text-align: left\" align=\"JUSTIFY\"><span style=\"font-family: Chalkboard, serif\">Jacques Gardel (metteur en sc\u00e8ne)<\/span><\/p>\n<p style=\"text-align: left\" align=\"JUSTIFY\"><span style=\"font-family: Chalkboard, serif\">Michael Groneberg (Philosophie) <\/span><\/p>\n<p style=\"text-align: left\" align=\"JUSTIFY\"><span style=\"font-family: Chalkboard, serif\">Roland Maurer (UniGe, Ethnologie)<\/span><\/p>\n<p style=\"text-align: left\" align=\"JUSTIFY\"><span style=\"font-family: Chalkboard, serif\">Roelof Overmeer (Anglais)<\/span><\/p>\n<p style=\"text-align: left\" align=\"JUSTIFY\"><span style=\"font-family: Chalkboard, serif\">Hugues Poltier (Philosophie)<\/span><\/p>\n<p style=\"text-align: left\" align=\"JUSTIFY\"><span style=\"font-family: Chalkboard, serif\">Philippe Zibung (journaliste \u00e0 la RTS)<\/span><\/p>\n<p style=\"text-align: left\" align=\"JUSTIFY\"><span style=\"font-family: Chalkboard, serif\">Simone Zurbuchen (Philosophie)<\/span><\/p>\n<p style=\"text-align: left\" align=\"JUSTIFY\"><span style=\"font-family: Chalkboard, serif\">et\u2026<\/span><\/p>\n<p style=\"text-align: left\" align=\"JUSTIFY\"><span style=\"font-family: Chalkboard, serif\">Vous\u00a0!<\/span><\/p>\n<p style=\"text-align: left\" align=\"JUSTIFY\"><span style=\"font-family: Chalkboard, serif\"><strong>Attention,<\/strong><\/span><span style=\"font-family: Chalkboard, serif\"><strong>le nombre d\u2019invit\u00e9-e-s est limit\u00e9 <\/strong><\/span><span style=\"font-family: Chalkboard, serif\">! Veuillez donc r\u00e9server votre place \u00e0 ce banquet aupr\u00e8s de <a href=\"mailto:Suzanne.Balharry@unil.ch\">Suzanne.Balharry@unil.ch<\/a> afin que nous puissions organiser au mieux l\u2019\u00e9v\u00e9nement.<\/span><\/p>\n","protected":false},"excerpt":{"rendered":"<p>Qu\u2019est-ce que la guerre\u00a0? Quelle part d\u2019humanit\u00e9 ou d\u2019inhumanit\u00e9 y est impliqu\u00e9e\u00a0? Comment en parler sans nourrir une certaine fascination tr\u00e8s probl\u00e9matique pour ce ph\u00e9nom\u00e8ne\u00a0? Quelle est la responsabilit\u00e9 des [&hellip;]<\/p>\n","protected":false},"author":27,"featured_media":0,"parent":3586,"menu_order":7,"comment_status":"closed","ping_status":"closed","template":"","meta":{"_seopress_robots_primary_cat":"","_seopress_titles_title":"","_seopress_titles_desc":"","_seopress_robots_index":"","footnotes":""},"class_list":["post-1266","page","type-page","status-publish"],"_links":{"self":[{"href":"https:\/\/www.asso-unil.ch\/caverne\/wp-json\/wp\/v2\/pages\/1266","targetHints":{"allow":["GET"]}}],"collection":[{"href":"https:\/\/www.asso-unil.ch\/caverne\/wp-json\/wp\/v2\/pages"}],"about":[{"href":"https:\/\/www.asso-unil.ch\/caverne\/wp-json\/wp\/v2\/types\/page"}],"author":[{"embeddable":true,"href":"https:\/\/www.asso-unil.ch\/caverne\/wp-json\/wp\/v2\/users\/27"}],"replies":[{"embeddable":true,"href":"https:\/\/www.asso-unil.ch\/caverne\/wp-json\/wp\/v2\/comments?post=1266"}],"version-history":[{"count":0,"href":"https:\/\/www.asso-unil.ch\/caverne\/wp-json\/wp\/v2\/pages\/1266\/revisions"}],"up":[{"embeddable":true,"href":"https:\/\/www.asso-unil.ch\/caverne\/wp-json\/wp\/v2\/pages\/3586"}],"wp:attachment":[{"href":"https:\/\/www.asso-unil.ch\/caverne\/wp-json\/wp\/v2\/media?parent=1266"}],"curies":[{"name":"wp","href":"https:\/\/api.w.org\/{rel}","templated":true}]}}