{"id":1229,"date":"2012-08-21T15:13:25","date_gmt":"2012-08-21T13:13:25","guid":{"rendered":"http:\/\/www.asso-unil.ch\/caverne\/?page_id=1229"},"modified":"2014-04-12T11:52:00","modified_gmt":"2014-04-12T09:52:00","slug":"le-herisson-projet-de-sound-installation-de-poemes-par-rachel-nisbet","status":"publish","type":"page","link":"https:\/\/www.asso-unil.ch\/caverne\/projets\/projets-2012-2013\/projets\/le-herisson-projet-de-sound-installation-de-poemes-par-rachel-nisbet\/","title":{"rendered":"Le h\u00e9risson (projet de \u2018sound installation\u2019 de po\u00e8mes par Rachel Nisbet)"},"content":{"rendered":"<div>\n<p>\u00a0<a href=\"https:\/\/www.asso-unil.ch\/caverne\/opsis-visions-du-futur-cultures-de-la-vision\/le-herisson-projet-de-sound-installation-de-poemes-par-rachel-nisbet\/rachel2-2\/\" rel=\"attachment wp-att-1494\"><img alt=\"\" loading=\"lazy\" decoding=\"async\" class=\"alignnone size-medium wp-image-1494 aligncenter\" src=\"https:\/\/www.asso-unil.ch\/caverne\/files\/2012\/08\/rachel21-300x168.jpg\" alt=\"\" width=\"300\" height=\"168\" \/><\/a><\/p>\n<p>Repr\u00e9senter le h\u00e9risson catachr\u00e9tique de Derrida dans une installation sonore en forme de h\u00e9risson.<\/p>\n<p>Mon installation sonore pr\u00e9sentera\u00a0un mix de:<\/p>\n<p>1)\u00a0\u00a0\u00a0 L\u2019audio de huit po\u00e8mes, dont six appris par c\u0153ur, enregistr\u00e9es par les participants \u00e0 un symposium sur le texte de Derrida\u00a0: \u00ab\u00a0Ch\u00e9 Cos\u2019\u00e8 la Poesia\u00a0\u00bb (JD12b) qui a eu lieu du 5 au 7 octobre, 2012, dans le Haut Jura Fran\u00e7ais. Ces po\u00e8mes sont r\u00e9cit\u00e9s en quatre langues\u00a0: l\u2019anglais, le fran\u00e7ais, l\u2019allemand, et le su\u00e9dois.<\/p>\n<p>2)\u00a0\u00a0\u00a0 La prise de son dite \u00ab\u00a0environnemental\u00a0\u00bb, capt\u00e9e dans le site de l\u2019\u00e9cho, dans les Hauts Jura, ou les po\u00e8mes \u00e9taient enregistr\u00e9s.<\/p>\n<p>3)\u00a0\u00a0\u00a0 Les premiers sons qu\u2019on entend in ut\u00e9ro, et donc nos premiers sons \u00ab\u00a0environnementaux\u00a0\u00bb.<\/p>\n<p>4)\u00a0\u00a0\u00a0 Des compositions bas\u00e9es sur les voyelles dans les po\u00e8mes qui ont \u00e9t\u00e9s r\u00e9cit\u00e9s.<\/p>\n<p><a href=\"https:\/\/www.asso-unil.ch\/caverne\/opsis-visions-du-futur-cultures-de-la-vision\/le-herisson-projet-de-sound-installation-de-poemes-par-rachel-nisbet\/rachel\/\" rel=\"attachment wp-att-1495\"><img alt=\"\" loading=\"lazy\" decoding=\"async\" class=\"size-medium wp-image-1495 aligncenter\" src=\"https:\/\/www.asso-unil.ch\/caverne\/files\/2012\/08\/rachel-253x300.jpg\" alt=\"\" width=\"253\" height=\"300\" \/><\/a><\/p>\n<\/div>\n","protected":false},"excerpt":{"rendered":"<p>\u00a0 Repr\u00e9senter le h\u00e9risson catachr\u00e9tique de Derrida dans une installation sonore en forme de h\u00e9risson. Mon installation sonore pr\u00e9sentera\u00a0un mix de: 1)\u00a0\u00a0\u00a0 L\u2019audio de huit po\u00e8mes, dont six appris par [&hellip;]<\/p>\n","protected":false},"author":27,"featured_media":0,"parent":1120,"menu_order":0,"comment_status":"closed","ping_status":"closed","template":"","meta":{"_seopress_robots_primary_cat":"","_seopress_titles_title":"","_seopress_titles_desc":"","_seopress_robots_index":"","footnotes":""},"class_list":["post-1229","page","type-page","status-publish"],"_links":{"self":[{"href":"https:\/\/www.asso-unil.ch\/caverne\/wp-json\/wp\/v2\/pages\/1229","targetHints":{"allow":["GET"]}}],"collection":[{"href":"https:\/\/www.asso-unil.ch\/caverne\/wp-json\/wp\/v2\/pages"}],"about":[{"href":"https:\/\/www.asso-unil.ch\/caverne\/wp-json\/wp\/v2\/types\/page"}],"author":[{"embeddable":true,"href":"https:\/\/www.asso-unil.ch\/caverne\/wp-json\/wp\/v2\/users\/27"}],"replies":[{"embeddable":true,"href":"https:\/\/www.asso-unil.ch\/caverne\/wp-json\/wp\/v2\/comments?post=1229"}],"version-history":[{"count":0,"href":"https:\/\/www.asso-unil.ch\/caverne\/wp-json\/wp\/v2\/pages\/1229\/revisions"}],"up":[{"embeddable":true,"href":"https:\/\/www.asso-unil.ch\/caverne\/wp-json\/wp\/v2\/pages\/1120"}],"wp:attachment":[{"href":"https:\/\/www.asso-unil.ch\/caverne\/wp-json\/wp\/v2\/media?parent=1229"}],"curies":[{"name":"wp","href":"https:\/\/api.w.org\/{rel}","templated":true}]}}