{"id":1225,"date":"2012-08-21T15:10:37","date_gmt":"2012-08-21T13:10:37","guid":{"rendered":"http:\/\/www.asso-unil.ch\/caverne\/?page_id=1225"},"modified":"2014-04-12T11:52:00","modified_gmt":"2014-04-12T09:52:00","slug":"expo","status":"publish","type":"page","link":"https:\/\/www.asso-unil.ch\/caverne\/projets\/projets-2012-2013\/projets\/expo\/","title":{"rendered":"Futuroscopes (exposition collective)"},"content":{"rendered":"<p>Futuroscopes &#8211; exposition collective<br \/>\nCette exposition r\u00e9unit des peintures, dessins, gravures et photos cr\u00e9\u00e9s par des \u00e9tudiant-e-s de l&rsquo;UniL autour du th\u00e8me \u00ab\u00a0Opsis : visions du futur &#8211; cultures de la vision\u00a0\u00bb.<\/p>\n<p>Les dessins de Lays Farra et les gravures d&rsquo;Iris Dwir illustrent l&rsquo;utopie platonicienne d\u00e9crite dans la <i>R\u00e9publique<\/i>. Les tableaux de Violaine Rallu et les photos de Vincent Laughery forment un dialogue sur leur ressenti devant l&rsquo;horizon du futur. Tous deux tentent d&rsquo;approcher un espace vide \u2013 comme le futur \u2013 pour y tracer des dynamiques en cours. Les dessins et peintures de Catherine Dromelet explorent les relations et les limites entre les genres, en passant du symbolique du pass\u00e9 vers la tendre d\u00e9couverte de l&rsquo;avenir.<\/p>\n<p>Curateurs: David Br\u00fclhart et Michael Groneberg. Organisation de l&rsquo;exposition: David Br\u00fclhart, assist\u00e9 par Vincent Laughery.<\/p>\n","protected":false},"excerpt":{"rendered":"<p>Futuroscopes &#8211; exposition collective Cette exposition r\u00e9unit des peintures, dessins, gravures et photos cr\u00e9\u00e9s par des \u00e9tudiant-e-s de l&rsquo;UniL autour du th\u00e8me \u00ab\u00a0Opsis : visions du futur &#8211; cultures de [&hellip;]<\/p>\n","protected":false},"author":27,"featured_media":0,"parent":1120,"menu_order":0,"comment_status":"closed","ping_status":"closed","template":"","meta":{"_seopress_robots_primary_cat":"","_seopress_titles_title":"","_seopress_titles_desc":"","_seopress_robots_index":"","footnotes":""},"class_list":["post-1225","page","type-page","status-publish"],"_links":{"self":[{"href":"https:\/\/www.asso-unil.ch\/caverne\/wp-json\/wp\/v2\/pages\/1225","targetHints":{"allow":["GET"]}}],"collection":[{"href":"https:\/\/www.asso-unil.ch\/caverne\/wp-json\/wp\/v2\/pages"}],"about":[{"href":"https:\/\/www.asso-unil.ch\/caverne\/wp-json\/wp\/v2\/types\/page"}],"author":[{"embeddable":true,"href":"https:\/\/www.asso-unil.ch\/caverne\/wp-json\/wp\/v2\/users\/27"}],"replies":[{"embeddable":true,"href":"https:\/\/www.asso-unil.ch\/caverne\/wp-json\/wp\/v2\/comments?post=1225"}],"version-history":[{"count":0,"href":"https:\/\/www.asso-unil.ch\/caverne\/wp-json\/wp\/v2\/pages\/1225\/revisions"}],"up":[{"embeddable":true,"href":"https:\/\/www.asso-unil.ch\/caverne\/wp-json\/wp\/v2\/pages\/1120"}],"wp:attachment":[{"href":"https:\/\/www.asso-unil.ch\/caverne\/wp-json\/wp\/v2\/media?parent=1225"}],"curies":[{"name":"wp","href":"https:\/\/api.w.org\/{rel}","templated":true}]}}