{"id":1217,"date":"2012-06-01T11:54:46","date_gmt":"2012-06-01T09:54:46","guid":{"rendered":"http:\/\/www3.unil.ch\/wpmu\/caverne\/?page_id=1217"},"modified":"2014-04-12T11:52:00","modified_gmt":"2014-04-12T09:52:00","slug":"dimanche-projet-moyen-metrage-adrien-bordone","status":"publish","type":"page","link":"https:\/\/www.asso-unil.ch\/caverne\/projets\/projets-2012-2013\/projets\/dimanche-projet-moyen-metrage-adrien-bordone\/","title":{"rendered":"Dimanche (projet moyen m\u00e9trage Adrien Bordone)"},"content":{"rendered":"<p style=\"text-align: center\"><strong>DIMANCHE<\/strong><\/p>\n<p><a href=\"https:\/\/www.asso-unil.ch\/caverne\/opsis-visions-du-futur-cultures-de-la-vision\/dimanche-projet-moyen-metrage-adrien-bordone\/adrien\/\" rel=\"attachment wp-att-1485\"><img loading=\"lazy\" decoding=\"async\" class=\"aligncenter\" alt=\"\" src=\"https:\/\/www.asso-unil.ch\/caverne\/files\/2012\/06\/adrien-300x151.jpg\" width=\"300\" height=\"151\" \/><\/a><\/p>\n<div><\/div>\n<div>Dans ce documentaire intimiste, je filme cinq de mes amis d\u2019enfance chez eux, le dimanche, au r\u00e9veil. Comment organiser son temps libre ? Quelle s\u00e9rie regarder ? Que se faire \u00e0 manger ? Quel objectif se fixer et quel id\u00e9al d\u00e9fendre lorsque l\u2019on est un jeune adulte Suisse ?<\/div>\n","protected":false},"excerpt":{"rendered":"<p>DIMANCHE Dans ce documentaire intimiste, je filme cinq de mes amis d\u2019enfance chez eux, le dimanche, au r\u00e9veil. Comment organiser son temps libre ? Quelle s\u00e9rie regarder ? Que se [&hellip;]<\/p>\n","protected":false},"author":27,"featured_media":0,"parent":1120,"menu_order":0,"comment_status":"closed","ping_status":"closed","template":"","meta":{"_seopress_robots_primary_cat":"","_seopress_titles_title":"","_seopress_titles_desc":"","_seopress_robots_index":"","footnotes":""},"class_list":["post-1217","page","type-page","status-publish"],"_links":{"self":[{"href":"https:\/\/www.asso-unil.ch\/caverne\/wp-json\/wp\/v2\/pages\/1217","targetHints":{"allow":["GET"]}}],"collection":[{"href":"https:\/\/www.asso-unil.ch\/caverne\/wp-json\/wp\/v2\/pages"}],"about":[{"href":"https:\/\/www.asso-unil.ch\/caverne\/wp-json\/wp\/v2\/types\/page"}],"author":[{"embeddable":true,"href":"https:\/\/www.asso-unil.ch\/caverne\/wp-json\/wp\/v2\/users\/27"}],"replies":[{"embeddable":true,"href":"https:\/\/www.asso-unil.ch\/caverne\/wp-json\/wp\/v2\/comments?post=1217"}],"version-history":[{"count":0,"href":"https:\/\/www.asso-unil.ch\/caverne\/wp-json\/wp\/v2\/pages\/1217\/revisions"}],"up":[{"embeddable":true,"href":"https:\/\/www.asso-unil.ch\/caverne\/wp-json\/wp\/v2\/pages\/1120"}],"wp:attachment":[{"href":"https:\/\/www.asso-unil.ch\/caverne\/wp-json\/wp\/v2\/media?parent=1217"}],"curies":[{"name":"wp","href":"https:\/\/api.w.org\/{rel}","templated":true}]}}