{"id":1212,"date":"2012-05-25T10:03:41","date_gmt":"2012-05-25T08:03:41","guid":{"rendered":"http:\/\/www3.unil.ch\/wpmu\/caverne\/?page_id=1212"},"modified":"2014-04-12T11:52:00","modified_gmt":"2014-04-12T09:52:00","slug":"la-fin-de-largent","status":"publish","type":"page","link":"https:\/\/www.asso-unil.ch\/caverne\/projets\/projets-2012-2013\/projets\/la-fin-de-largent\/","title":{"rendered":"Monnaie mon amour (vid\u00e9o long-m\u00e9trage, dir. Michael Groneberg)"},"content":{"rendered":"<p><i>Ce docu-fiction tourn\u00e9 \u00e0 Lausanne et ailleurs pr\u00e9sente quelques notions de base pour comprendre \u00ab\u00a0l\u2019argent\u00a0\u00bb, et diverses pratiques alternatives en cours comme les monnaies locales, des communaut\u00e9s qui essaient de vivre sans argent ou la <\/i>Mon\u00e9tative<i>. Il <\/i><i>sera diffus\u00e9 une premi\u00e8re fois le samedi \u00e0 16h dans la salle de conf\u00e9rence de la Fondation Jean Monnet, puis mis en boucle le dimanche 14 avril de 15h \u00e0 20h.<\/i><\/p>\n<p>Sc\u00e9nario, direction, cam\u00e9ra\u00a0et montage: Michael Groneberg, Adrien Bordone, Christine Ritter.<\/p>\n","protected":false},"excerpt":{"rendered":"<p>Ce docu-fiction tourn\u00e9 \u00e0 Lausanne et ailleurs pr\u00e9sente quelques notions de base pour comprendre \u00ab\u00a0l\u2019argent\u00a0\u00bb, et diverses pratiques alternatives en cours comme les monnaies locales, des communaut\u00e9s qui essaient de [&hellip;]<\/p>\n","protected":false},"author":27,"featured_media":0,"parent":1120,"menu_order":0,"comment_status":"closed","ping_status":"closed","template":"","meta":{"_seopress_robots_primary_cat":"","_seopress_titles_title":"","_seopress_titles_desc":"","_seopress_robots_index":"","footnotes":""},"class_list":["post-1212","page","type-page","status-publish"],"_links":{"self":[{"href":"https:\/\/www.asso-unil.ch\/caverne\/wp-json\/wp\/v2\/pages\/1212","targetHints":{"allow":["GET"]}}],"collection":[{"href":"https:\/\/www.asso-unil.ch\/caverne\/wp-json\/wp\/v2\/pages"}],"about":[{"href":"https:\/\/www.asso-unil.ch\/caverne\/wp-json\/wp\/v2\/types\/page"}],"author":[{"embeddable":true,"href":"https:\/\/www.asso-unil.ch\/caverne\/wp-json\/wp\/v2\/users\/27"}],"replies":[{"embeddable":true,"href":"https:\/\/www.asso-unil.ch\/caverne\/wp-json\/wp\/v2\/comments?post=1212"}],"version-history":[{"count":0,"href":"https:\/\/www.asso-unil.ch\/caverne\/wp-json\/wp\/v2\/pages\/1212\/revisions"}],"up":[{"embeddable":true,"href":"https:\/\/www.asso-unil.ch\/caverne\/wp-json\/wp\/v2\/pages\/1120"}],"wp:attachment":[{"href":"https:\/\/www.asso-unil.ch\/caverne\/wp-json\/wp\/v2\/media?parent=1212"}],"curies":[{"name":"wp","href":"https:\/\/api.w.org\/{rel}","templated":true}]}}