{"id":1171,"date":"2012-05-08T18:50:23","date_gmt":"2012-05-08T16:50:23","guid":{"rendered":"http:\/\/www3.unil.ch\/wpmu\/caverne\/?page_id=1171"},"modified":"2018-01-23T10:56:17","modified_gmt":"2018-01-23T09:56:17","slug":"banquet-du-4-avril","status":"publish","type":"page","link":"https:\/\/www.asso-unil.ch\/caverne\/banquets\/banquets-sp-12\/banquet-du-4-avril\/","title":{"rendered":"Banquet du 4 avril 2011"},"content":{"rendered":"<p>Le dernier Banquet avant le F\u00e9cule!<\/p>\n<p>En pr\u00e9sence d&rsquo;Alain Boillat de la section de cin\u00e9ma, on va projeter et discuter divers projets de court-m\u00e9trage, en particulier la philosophie de neige de Boutros, et son \u00e9largissement en improvisation philosophique&#8230;<\/p>\n","protected":false},"excerpt":{"rendered":"<p>Le dernier Banquet avant le F\u00e9cule! En pr\u00e9sence d&rsquo;Alain Boillat de la section de cin\u00e9ma, on va projeter et discuter divers projets de court-m\u00e9trage, en particulier la philosophie de neige [&hellip;]<\/p>\n","protected":false},"author":27,"featured_media":0,"parent":1050,"menu_order":2,"comment_status":"closed","ping_status":"closed","template":"","meta":{"_seopress_robots_primary_cat":"","_seopress_titles_title":"","_seopress_titles_desc":"","_seopress_robots_index":"","footnotes":""},"class_list":["post-1171","page","type-page","status-publish"],"_links":{"self":[{"href":"https:\/\/www.asso-unil.ch\/caverne\/wp-json\/wp\/v2\/pages\/1171","targetHints":{"allow":["GET"]}}],"collection":[{"href":"https:\/\/www.asso-unil.ch\/caverne\/wp-json\/wp\/v2\/pages"}],"about":[{"href":"https:\/\/www.asso-unil.ch\/caverne\/wp-json\/wp\/v2\/types\/page"}],"author":[{"embeddable":true,"href":"https:\/\/www.asso-unil.ch\/caverne\/wp-json\/wp\/v2\/users\/27"}],"replies":[{"embeddable":true,"href":"https:\/\/www.asso-unil.ch\/caverne\/wp-json\/wp\/v2\/comments?post=1171"}],"version-history":[{"count":0,"href":"https:\/\/www.asso-unil.ch\/caverne\/wp-json\/wp\/v2\/pages\/1171\/revisions"}],"up":[{"embeddable":true,"href":"https:\/\/www.asso-unil.ch\/caverne\/wp-json\/wp\/v2\/pages\/1050"}],"wp:attachment":[{"href":"https:\/\/www.asso-unil.ch\/caverne\/wp-json\/wp\/v2\/media?parent=1171"}],"curies":[{"name":"wp","href":"https:\/\/api.w.org\/{rel}","templated":true}]}}