{"id":1120,"date":"2012-05-08T14:19:45","date_gmt":"2012-05-08T12:19:45","guid":{"rendered":"http:\/\/www3.unil.ch\/wpmu\/caverne\/?page_id=1120"},"modified":"2018-01-23T14:21:48","modified_gmt":"2018-01-23T13:21:48","slug":"projets","status":"publish","type":"page","link":"https:\/\/www.asso-unil.ch\/caverne\/projets\/projets-2012-2013\/projets\/","title":{"rendered":"Projets Opsis"},"content":{"rendered":"<p>Vous r\u00eavez d&rsquo;un futur particulier? Vous avez (encore) une vision de l&rsquo;avenir?<\/p>\n<p>Les Ma\u00eetres de la Caverne&nbsp;vous offrent un cadre de r\u00eave pour vos productions cr\u00e9atives autour du th\u00e8me&nbsp;:<\/p>\n<h6>Opsis: visions du futur \u2013 cultures de la vision<\/h6>\n<p>Que vous soyez \u00e9tudiant-e ou enseignant-e, vous avez la possibilit\u00e9 de pr\u00e9senter les r\u00e9sultats de vos \u00e9tudes ou recherches et les r\u00e9flexions qui les accompagnent, dans une forme artistique en ouverture du Festival F\u00e9cule au Th\u00e9\u00e2tre la&nbsp;Grange de Dorigny (12-14 avril 2013).<\/p>\n<h6>Projets propos\u00e9s pour le th\u00e8me Opsis<\/h6>\n\n<!-- Page-list plugin v.5.9 wordpress.org\/plugins\/page-list\/ -->\n<ul class=\"page-list subpages-page-list \">\n<li class=\"page_item page-item-1446\"><a href=\"https:\/\/www.asso-unil.ch\/caverne\/projets\/projets-2012-2013\/projets\/la-republique-projet-collectif-dir-michael-groneberg\/\">Bien ! Variations sur la R\u00e9publique de Platon (projet collectif, dir. Michael Groneberg)<\/a><\/li>\n<li class=\"page_item page-item-1217\"><a href=\"https:\/\/www.asso-unil.ch\/caverne\/projets\/projets-2012-2013\/projets\/dimanche-projet-moyen-metrage-adrien-bordone\/\">Dimanche (projet moyen m\u00e9trage Adrien Bordone)<\/a><\/li>\n<li class=\"page_item page-item-1225\"><a href=\"https:\/\/www.asso-unil.ch\/caverne\/projets\/projets-2012-2013\/projets\/expo\/\">Futuroscopes (exposition collective)<\/a><\/li>\n<li class=\"page_item page-item-1468\"><a href=\"https:\/\/www.asso-unil.ch\/caverne\/projets\/projets-2012-2013\/projets\/lhomme-peut-il-se-passer-de-la-guerre-mise-en-scene-de-gil-terra-et-gregory-thonney\/\">L\u2019homme peut-il se passer de la guerre ? (mise en sc\u00e8ne de Gil Terra et Gregory Thonney)<\/a><\/li>\n<li class=\"page_item page-item-1229\"><a href=\"https:\/\/www.asso-unil.ch\/caverne\/projets\/projets-2012-2013\/projets\/le-herisson-projet-de-sound-installation-de-poemes-par-rachel-nisbet\/\">Le h\u00e9risson (projet de \u2018sound installation\u2019 de po\u00e8mes par Rachel Nisbet)<\/a><\/li>\n<li class=\"page_item page-item-1212\"><a href=\"https:\/\/www.asso-unil.ch\/caverne\/projets\/projets-2012-2013\/projets\/la-fin-de-largent\/\">Monnaie mon amour (vid\u00e9o long-m\u00e9trage, dir. Michael Groneberg)<\/a><\/li>\n<li class=\"page_item page-item-1219\"><a href=\"https:\/\/www.asso-unil.ch\/caverne\/projets\/projets-2012-2013\/projets\/composition-originale-par-jamil-alioui\/\">No. 1 pour orchestre (composition originale, Jamil Alioui)<\/a><\/li>\n<li class=\"page_item page-item-1419\"><a href=\"https:\/\/www.asso-unil.ch\/caverne\/projets\/projets-2012-2013\/projets\/peter\/\">Peter Pan &#8211; Suzanne Balharry<\/a><\/li>\n<li class=\"page_item page-item-1448\"><a href=\"https:\/\/www.asso-unil.ch\/caverne\/projets\/projets-2012-2013\/projets\/bancratie-theatre-hybride-bertrand-graz\/\">Qui a peur de la crise ? (th\u00e9\u00e2tre hybride, Bertrand Graz)<\/a><\/li>\n<li class=\"page_item page-item-1444\"><a href=\"https:\/\/www.asso-unil.ch\/caverne\/projets\/projets-2012-2013\/projets\/uomo-mecanico-film-muet-avec-composition-originale-nam-pham\/\">Uomo mecanico (film muet avec composition originale, Nam Pham)<\/a><\/li>\n\n<\/ul>\n","protected":false},"excerpt":{"rendered":"<p>Vous r\u00eavez d&rsquo;un futur particulier? Vous avez (encore) une vision de l&rsquo;avenir? Les Ma\u00eetres de la Caverne&nbsp;vous offrent un cadre de r\u00eave pour vos productions cr\u00e9atives autour du th\u00e8me&nbsp;: Opsis: [&hellip;]<\/p>\n","protected":false},"author":1001080,"featured_media":0,"parent":244,"menu_order":1,"comment_status":"closed","ping_status":"closed","template":"","meta":{"_seopress_robots_primary_cat":"","_seopress_titles_title":"","_seopress_titles_desc":"","_seopress_robots_index":"","footnotes":""},"class_list":["post-1120","page","type-page","status-publish"],"_links":{"self":[{"href":"https:\/\/www.asso-unil.ch\/caverne\/wp-json\/wp\/v2\/pages\/1120","targetHints":{"allow":["GET"]}}],"collection":[{"href":"https:\/\/www.asso-unil.ch\/caverne\/wp-json\/wp\/v2\/pages"}],"about":[{"href":"https:\/\/www.asso-unil.ch\/caverne\/wp-json\/wp\/v2\/types\/page"}],"author":[{"embeddable":true,"href":"https:\/\/www.asso-unil.ch\/caverne\/wp-json\/wp\/v2\/users\/1001080"}],"replies":[{"embeddable":true,"href":"https:\/\/www.asso-unil.ch\/caverne\/wp-json\/wp\/v2\/comments?post=1120"}],"version-history":[{"count":0,"href":"https:\/\/www.asso-unil.ch\/caverne\/wp-json\/wp\/v2\/pages\/1120\/revisions"}],"up":[{"embeddable":true,"href":"https:\/\/www.asso-unil.ch\/caverne\/wp-json\/wp\/v2\/pages\/244"}],"wp:attachment":[{"href":"https:\/\/www.asso-unil.ch\/caverne\/wp-json\/wp\/v2\/media?parent=1120"}],"curies":[{"name":"wp","href":"https:\/\/api.w.org\/{rel}","templated":true}]}}