{"id":1104,"date":"2012-05-08T18:41:37","date_gmt":"2012-05-08T16:41:37","guid":{"rendered":"http:\/\/www3.unil.ch\/wpmu\/caverne\/?page_id=1104"},"modified":"2018-01-23T10:56:09","modified_gmt":"2018-01-23T09:56:09","slug":"banquet-du-29-fevrier","status":"publish","type":"page","link":"https:\/\/www.asso-unil.ch\/caverne\/banquets\/banquets-sp-12\/banquet-du-29-fevrier\/","title":{"rendered":"Banquet du 29 f\u00e9vrier 2012"},"content":{"rendered":"<p>Bien chers Ma\u00eetres de la Caverne,<\/p>\n<p>la Caverne vous attend pour un nouveau banquet, le 29 f\u00e9vrier prochain, \u00e0 18h tapantes au Foyer de la Grange de Dorigny. Nous assisterons \u00e0 une pr\u00e9sentation de plusieurs projets, comme \u00e0 notre habitude. Cette fois on focalise les projets d&rsquo;art vivant.<br \/>\nNous reviendrons ensuite \u00e0 une discussion sur le th\u00e8me g\u00e9n\u00e9ral du Savant et de la Soci\u00e9t\u00e9 et sur les avantages d&rsquo;une mise en oeuvre de contenus th\u00e9oriques. Ce sera aussi l&rsquo;occasion &#8211; entre chef-fe-s de projet &#8211; de nous mettre d&rsquo;accord quant \u00e0 la publicit\u00e9 en vue du F\u00e9cule.<\/p>\n<p>Au plaisir de vous voir nombreux !<br \/>\nPour la Caverne<\/p>\n<p>Adrien<\/p>\n","protected":false},"excerpt":{"rendered":"<p>Bien chers Ma\u00eetres de la Caverne, la Caverne vous attend pour un nouveau banquet, le 29 f\u00e9vrier prochain, \u00e0 18h tapantes au Foyer de la Grange de Dorigny. Nous assisterons [&hellip;]<\/p>\n","protected":false},"author":27,"featured_media":0,"parent":1050,"menu_order":3,"comment_status":"closed","ping_status":"closed","template":"","meta":{"_seopress_robots_primary_cat":"","_seopress_titles_title":"","_seopress_titles_desc":"","_seopress_robots_index":"","footnotes":""},"class_list":["post-1104","page","type-page","status-publish"],"_links":{"self":[{"href":"https:\/\/www.asso-unil.ch\/caverne\/wp-json\/wp\/v2\/pages\/1104","targetHints":{"allow":["GET"]}}],"collection":[{"href":"https:\/\/www.asso-unil.ch\/caverne\/wp-json\/wp\/v2\/pages"}],"about":[{"href":"https:\/\/www.asso-unil.ch\/caverne\/wp-json\/wp\/v2\/types\/page"}],"author":[{"embeddable":true,"href":"https:\/\/www.asso-unil.ch\/caverne\/wp-json\/wp\/v2\/users\/27"}],"replies":[{"embeddable":true,"href":"https:\/\/www.asso-unil.ch\/caverne\/wp-json\/wp\/v2\/comments?post=1104"}],"version-history":[{"count":0,"href":"https:\/\/www.asso-unil.ch\/caverne\/wp-json\/wp\/v2\/pages\/1104\/revisions"}],"up":[{"embeddable":true,"href":"https:\/\/www.asso-unil.ch\/caverne\/wp-json\/wp\/v2\/pages\/1050"}],"wp:attachment":[{"href":"https:\/\/www.asso-unil.ch\/caverne\/wp-json\/wp\/v2\/media?parent=1104"}],"curies":[{"name":"wp","href":"https:\/\/api.w.org\/{rel}","templated":true}]}}