{"id":1053,"date":"2012-02-09T12:11:53","date_gmt":"2012-02-09T11:11:53","guid":{"rendered":"http:\/\/www3.unil.ch\/wpmu\/caverne\/?page_id=1053"},"modified":"2014-04-12T11:52:46","modified_gmt":"2014-04-12T09:52:46","slug":"deroulement-du-semestre-sp-12","status":"publish","type":"page","link":"https:\/\/www.asso-unil.ch\/caverne\/banquets\/programme-et-evenements\/programme-2011-2012\/printemps-2012\/deroulement-du-semestre-sp-12\/","title":{"rendered":"D\u00e9roulement du semestre (SP 12)"},"content":{"rendered":"<p>Jusqu&rsquo;\u00e0 la reprise des cours fin f\u00e9vrier, il n&rsquo;y aura pas de rencontres r\u00e9guli\u00e8res en dehors des r\u00e9unions internes aux projets en cours.<\/p>\n<p>Les prochains Banquets auront lieu les 29 f\u00e9vrier, 4 avril et 16 mai.<\/p>\n<p><strong>(Re)pr\u00e9sentations des projets des Ma\u00eetres de la Caverne en ouverture du F\u00e9cule 2012 :<\/strong><br \/>\nR\u00e9servez-vous la soir\u00e9e de vendredi 20 avril (ouverture) et les apr\u00e8s-midi et soir\u00e9es et des samedi 21 et dimanche 22 avril.<\/p>\n<p>&nbsp;<\/p>\n","protected":false},"excerpt":{"rendered":"<p>Jusqu&rsquo;\u00e0 la reprise des cours fin f\u00e9vrier, il n&rsquo;y aura pas de rencontres r\u00e9guli\u00e8res en dehors des r\u00e9unions internes aux projets en cours. Les prochains Banquets auront lieu les 29 [&hellip;]<\/p>\n","protected":false},"author":27,"featured_media":0,"parent":907,"menu_order":0,"comment_status":"closed","ping_status":"closed","template":"","meta":{"_seopress_robots_primary_cat":"","_seopress_titles_title":"","_seopress_titles_desc":"","_seopress_robots_index":"","footnotes":""},"class_list":["post-1053","page","type-page","status-publish"],"_links":{"self":[{"href":"https:\/\/www.asso-unil.ch\/caverne\/wp-json\/wp\/v2\/pages\/1053","targetHints":{"allow":["GET"]}}],"collection":[{"href":"https:\/\/www.asso-unil.ch\/caverne\/wp-json\/wp\/v2\/pages"}],"about":[{"href":"https:\/\/www.asso-unil.ch\/caverne\/wp-json\/wp\/v2\/types\/page"}],"author":[{"embeddable":true,"href":"https:\/\/www.asso-unil.ch\/caverne\/wp-json\/wp\/v2\/users\/27"}],"replies":[{"embeddable":true,"href":"https:\/\/www.asso-unil.ch\/caverne\/wp-json\/wp\/v2\/comments?post=1053"}],"version-history":[{"count":0,"href":"https:\/\/www.asso-unil.ch\/caverne\/wp-json\/wp\/v2\/pages\/1053\/revisions"}],"up":[{"embeddable":true,"href":"https:\/\/www.asso-unil.ch\/caverne\/wp-json\/wp\/v2\/pages\/907"}],"wp:attachment":[{"href":"https:\/\/www.asso-unil.ch\/caverne\/wp-json\/wp\/v2\/media?parent=1053"}],"curies":[{"name":"wp","href":"https:\/\/api.w.org\/{rel}","templated":true}]}}