{"id":1008,"date":"2012-01-22T15:20:03","date_gmt":"2012-01-22T14:20:03","guid":{"rendered":"http:\/\/www3.unil.ch\/wpmu\/caverne\/?page_id=1008"},"modified":"2018-01-23T14:17:48","modified_gmt":"2018-01-23T13:17:48","slug":"projets-2011-2012","status":"publish","type":"page","link":"https:\/\/www.asso-unil.ch\/caverne\/projets\/projets-2011-2012\/","title":{"rendered":"Projets 2011-2012"},"content":{"rendered":"<p>Le premier programme autour du th\u00e8me du Savant et du Savoir a commenc\u00e9 avec un semestre d\u2019\u00e9criture au printemps 2011 et a abouti le 20-22 avril 2012 avec la (re)pr\u00e9sentation d\u2019une s\u00e9rie d\u2019\u00e9v\u00e9nements en ouverture du F\u00e9cule (Festival des Cultures de l\u2019UNIL et de l\u2019EPFL). Forts de dix projets, comprenant cinq court-m\u00e9trages et cinq oeuvres d\u2019art vivant \u2013 dont trois pi\u00e8ces de th\u00e9\u00e2tre -, nous avons propos\u00e9 \u00e0 environ 500 spectateurs un ensemble de pr\u00e9sentations, interventions et projections sur le savoir n\u00e9cessaire \u00e0 l\u2019homme d\u2019Etat, la responsabilit\u00e9 sociale du scientifique, la relation du savant avec ses disciples, la science comme nouvelle religion et bien d\u2019autres sujets.<\/p>\n<p>Ce programme, dirig\u00e9 par Michael Groneberg, assist\u00e9 de Vincent Laughery, Romain Bionda et (\u00e0 partir de janvier 2012) Adrien Bordone, vise le d\u00e9veloppement de sc\u00e9narios dramatiques et de mises en sc\u00e8ne des contenus philosophiques, et plus g\u00e9n\u00e9ralement th\u00e9oriques, autour du th\u00e8me du savant (sage, philosophe, proph\u00e8te, scientifique) dans son rapport \u00e0 lui-m\u00eame, \u00e0 autrui et \u00e0 la soci\u00e9t\u00e9. Il comporte plusieurs parties:<\/p>\n<p>Printemps 2011 : D\u00e9veloppement des sc\u00e9narios par les \u00e9tudiant-e-s int\u00e9ress\u00e9-e-s, qui b\u00e9n\u00e9ficieront de discussions \u2013 lors des Banquets \u2013, des conseils de professionnel-le-s de la dramaturgie et d\u2019un atelier d\u2019\u00e9criture au d\u00e9but de juillet.<\/p>\n<p>Automne 2011 : Pr\u00e9paration de la mise en sc\u00e8ne (th\u00e9\u00e2trale et cin\u00e9matographique) d&rsquo;une s\u00e9lection de travaux d\u2019\u00e9tudiant-e-s et de projets de coll\u00e8gues du corps enseignant. But : repr\u00e9sentations au SP 2012, notamment au F\u00e9cule d\u2019avril 2012.<\/p>\n<p>Printemps 2012: Mises en sc\u00e8ne et pr\u00e9sentations des projets retenus. Possibilit\u00e9 de jouer, d\u2019\u00eatre assistant-e de mise en sc\u00e8ne voire de mettre en sc\u00e8ne soi-m\u00eame, de d\u00e9velopper d\u00e9cor, musique etc.<\/p>\n<p><a title=\"Banquets 2011-2012\" href=\"https:\/\/www.asso-unil.ch\/caverne\/banquets\/banquets-sp-12\/\">Banquets<\/a> : Ces symposia permettent la discussion des contenus, des approches pratiques et plus g\u00e9n\u00e9ralement des projets en cours. Dans ce cadre, des experts nous feront b\u00e9n\u00e9ficier de perspectives et de feedbacks de professionnels.<\/p>\n<h6>Ateliers et Projets pour \u00ab\u00a0Le Savant et la Soci\u00e9t\u00e9\u00a0\u00bb<\/h6>\n\n<!-- Page-list plugin v.5.9 wordpress.org\/plugins\/page-list\/ -->\n<ul class=\"page-list subpages-page-list \">\n<li class=\"page_item page-item-1134 page_item_has_children\"><a href=\"https:\/\/www.asso-unil.ch\/caverne\/projets\/projets-2011-2012\/idees-de-projet-pour-le-savant-et-la-societe\/\">Id\u00e9es de projet pour \u00ab\u00a0Le savant et la soci\u00e9t\u00e9\u00a0\u00bb<\/a>\n<ul class='children'>\n\t<li class=\"page_item page-item-437\"><a href=\"https:\/\/www.asso-unil.ch\/caverne\/projets\/projets-2011-2012\/idees-de-projet-pour-le-savant-et-la-societe\/le-miracle-de-theophile-mise-en-scene-par-alain-corbellari\/\">\u00ab Le Miracle de Th\u00e9ophile \u00bb, mise en sc\u00e8ne par Alain Corbellari<\/a><\/li>\n\t<li class=\"page_item page-item-446\"><a href=\"https:\/\/www.asso-unil.ch\/caverne\/projets\/projets-2011-2012\/idees-de-projet-pour-le-savant-et-la-societe\/hubert-ou-lhistoire-dune-fin-pourtant-si-proche-detienne-sarrasin-jane-buschmann\/\">\u00ab Hubert, ou l\u2019histoire d\u2019une fin pourtant si proche \u00bb d&rsquo;Etienne Sarrasin &amp; Jane Buschmann<\/a><\/li>\n\t<li class=\"page_item page-item-444\"><a href=\"https:\/\/www.asso-unil.ch\/caverne\/projets\/projets-2011-2012\/idees-de-projet-pour-le-savant-et-la-societe\/giordano-bruno-de-damien-michelet\/\">\u00ab Giordano Bruno \u00bb de Damien Michelet<\/a><\/li>\n<\/ul>\n<\/li>\n<li class=\"page_item page-item-208 page_item_has_children\"><a href=\"https:\/\/www.asso-unil.ch\/caverne\/projets\/projets-2011-2012\/projets-en-cours\/\">Projets r\u00e9alis\u00e9s \u00ab\u00a0Le savant et la soci\u00e9t\u00e9\u00a0\u00bb 2011-2012<\/a>\n<ul class='children'>\n\t<li class=\"page_item page-item-461\"><a href=\"https:\/\/www.asso-unil.ch\/caverne\/projets\/projets-2011-2012\/projets-en-cours\/galileo-galilee-de-bertolt-brecht-mise-en-scene-par-vincent-laughery\/\">\u00ab Galil\u00e9e \u00bb de Brecht, mise en sc\u00e8ne par Vincent Laughery<\/a><\/li>\n\t<li class=\"page_item page-item-746\"><a href=\"https:\/\/www.asso-unil.ch\/caverne\/projets\/projets-2011-2012\/projets-en-cours\/le-philosophe-et-le-stratege-mise-en-scene-par-michael-groneberg\/\">\u00ab Le philosophe et le strat\u00e8ge \u00bb, mise en sc\u00e8ne par Michael Groneberg<\/a><\/li>\n\t<li class=\"page_item page-item-426\"><a href=\"https:\/\/www.asso-unil.ch\/caverne\/projets\/projets-2011-2012\/projets-en-cours\/mer\/\">\u00ab Mer \u00bb de Colin Pahlisch<\/a><\/li>\n\t<li class=\"page_item page-item-458\"><a href=\"https:\/\/www.asso-unil.ch\/caverne\/projets\/projets-2011-2012\/projets-en-cours\/intelligentsia-de-romain-bionda\/\">\u00ab Intelligentsia \u00bb, de Romain Bionda<\/a><\/li>\n\t<li class=\"page_item page-item-456\"><a href=\"https:\/\/www.asso-unil.ch\/caverne\/projets\/projets-2011-2012\/projets-en-cours\/performances-par-myriam-perrot-antoine-rubin\/\">\u00ab Digestions de savoirs \u00bb, de Myriam Perrot &amp; Antoine Rubin<\/a><\/li>\n\t<li class=\"page_item page-item-428\"><a href=\"https:\/\/www.asso-unil.ch\/caverne\/projets\/projets-2011-2012\/projets-en-cours\/devant-une-webcam-par-adrien-bordone\/\">\u00ab Devant une webcam \u00bb d&rsquo;Adrien Bordone<\/a><\/li>\n\t<li class=\"page_item page-item-434\"><a href=\"https:\/\/www.asso-unil.ch\/caverne\/projets\/projets-2011-2012\/projets-en-cours\/la-caverne-dannina-riggenbach\/\">\u00ab Focus \u00bb d&rsquo;Annina Riggenbach<\/a><\/li>\n\t<li class=\"page_item page-item-751\"><a href=\"https:\/\/www.asso-unil.ch\/caverne\/projets\/projets-2011-2012\/projets-en-cours\/philosophie-de-neige-court-metrage-de-boutros-gregoire\/\">\u00ab Rencontre au sommet \u00bb, court-m\u00e9trage de Boutros Gr\u00e9goire<\/a><\/li>\n\t<li class=\"page_item page-item-211 page_item_has_children\"><a href=\"https:\/\/www.asso-unil.ch\/caverne\/projets\/projets-2011-2012\/projets-en-cours\/pauline-caroline\/\">\u00ab Reflets \u00bb de Caroline Dorn &amp; Paulina Alemparte<\/a>\n\t<ul class='children'>\n\t\t<li class=\"page_item page-item-517\"><a href=\"https:\/\/www.asso-unil.ch\/caverne\/projets\/projets-2011-2012\/projets-en-cours\/pauline-caroline\/entretien-avec-caroline\/\">Entretien avec Caroline<\/a><\/li>\n\t<\/ul>\n<\/li>\n\t<li class=\"page_item page-item-466\"><a href=\"https:\/\/www.asso-unil.ch\/caverne\/projets\/projets-2011-2012\/projets-en-cours\/le-philosophe-mise-en-scene-par-michael-groneberg\/\">\u00ab Que font-ils ? \u00bb, vid\u00e9o-documentation des Ma\u00eetres de la Caverne<\/a><\/li>\n<\/ul>\n<\/li>\n<li class=\"page_item page-item-982\"><a href=\"https:\/\/www.asso-unil.ch\/caverne\/projets\/projets-2011-2012\/entre-fiction-et-histoire\/\">Entre fiction et histoire<\/a><\/li>\n<li class=\"page_item page-item-986\"><a href=\"https:\/\/www.asso-unil.ch\/caverne\/projets\/projets-2011-2012\/pasolini-lultime-entretien\/\">Pasolini : l&rsquo;ultime entretien<\/a><\/li>\n\n<\/ul>\n","protected":false},"excerpt":{"rendered":"<p>Le premier programme autour du th\u00e8me du Savant et du Savoir a commenc\u00e9 avec un semestre d\u2019\u00e9criture au printemps 2011 et a abouti le 20-22 avril 2012 avec la (re)pr\u00e9sentation [&hellip;]<\/p>\n","protected":false},"author":1001080,"featured_media":0,"parent":4667,"menu_order":0,"comment_status":"closed","ping_status":"closed","template":"","meta":{"_seopress_robots_primary_cat":"","_seopress_titles_title":"","_seopress_titles_desc":"","_seopress_robots_index":"","footnotes":""},"class_list":["post-1008","page","type-page","status-publish"],"_links":{"self":[{"href":"https:\/\/www.asso-unil.ch\/caverne\/wp-json\/wp\/v2\/pages\/1008","targetHints":{"allow":["GET"]}}],"collection":[{"href":"https:\/\/www.asso-unil.ch\/caverne\/wp-json\/wp\/v2\/pages"}],"about":[{"href":"https:\/\/www.asso-unil.ch\/caverne\/wp-json\/wp\/v2\/types\/page"}],"author":[{"embeddable":true,"href":"https:\/\/www.asso-unil.ch\/caverne\/wp-json\/wp\/v2\/users\/1001080"}],"replies":[{"embeddable":true,"href":"https:\/\/www.asso-unil.ch\/caverne\/wp-json\/wp\/v2\/comments?post=1008"}],"version-history":[{"count":0,"href":"https:\/\/www.asso-unil.ch\/caverne\/wp-json\/wp\/v2\/pages\/1008\/revisions"}],"up":[{"embeddable":true,"href":"https:\/\/www.asso-unil.ch\/caverne\/wp-json\/wp\/v2\/pages\/4667"}],"wp:attachment":[{"href":"https:\/\/www.asso-unil.ch\/caverne\/wp-json\/wp\/v2\/media?parent=1008"}],"curies":[{"name":"wp","href":"https:\/\/api.w.org\/{rel}","templated":true}]}}