{"id":1003,"date":"2012-01-22T15:10:22","date_gmt":"2012-01-22T14:10:22","guid":{"rendered":"http:\/\/www3.unil.ch\/wpmu\/caverne\/?page_id=1003"},"modified":"2015-03-03T22:20:15","modified_gmt":"2015-03-03T21:20:15","slug":"lessentiel-du-semestre-prochain","status":"publish","type":"page","link":"https:\/\/www.asso-unil.ch\/caverne\/banquets\/banquet-2012-2013\/lessentiel-du-semestre-prochain\/","title":{"rendered":"Banquet du 16 mai 2012: Visions du Futur"},"content":{"rendered":"<p>Le jour est venu enfin de f\u00eater dignement et comme il se doit le succ\u00e8s du week-end au F\u00e9cule et de r\u00eaver de l&rsquo;avenir ! R\u00e9servez-vous donc le soir du 16 mai pour un banquet after-F\u00e9cule au foyer de la Grange de Dorigny !<\/p>\n<p>Au programme:<br \/>\nNous vous invitons \u00e0 nous retrouver d\u00e8s 18h au foyer pour l&rsquo;ap\u00e9ro. A 18:30, tout le monde est l\u00e0 et on lance la projection des courts-m\u00e9trages et du documentaire (in\u00e9dit!!). On discutera ensuite des pi\u00e8ces, perfos et films tout en d\u00e9gustant les d\u00e9lectables vins et les<br \/>\nplats rapicolants que vous aurez apport\u00e9s. Eh oui, ce sera donc un banquet canadzieng !<\/p>\n<p>En seconde partie de soir\u00e9e, on parlera du prochain th\u00e8me des Ma\u00eetres de la Caverne pour l&rsquo;ann\u00e9e prochaine : \u00ab\u00a0Opsis. Visions du futur &#8211; cultures de la vision\u00a0\u00bb. Pour cela, emmenez avec vous un livre, film, objet ou autre qui vous int\u00e9resse, vous passionne, vous obs\u00e8de, vous terrorise, et qui concerne le futur, en parle ou le repr\u00e9sente d&rsquo;une certaine mani\u00e8re. Le rapport au futur n&rsquo;a pas besoin d&rsquo;\u00eatre le sujet principal de l&rsquo;oeuvre ou l&rsquo;objet que vous choisissez, \u00e7a peut aussi passer par une seule dimension de la chose qui semble \u00eatre tourn\u00e9e vers l&rsquo;avenir.<\/p>\n<p>Au plaisir de vous y retrouver (dans le futur et dans le Foyer de la Grange)<\/p>\n<p>Pour la Caverne<\/p>\n<p>Vincent et Charlotte<\/p>\n","protected":false},"excerpt":{"rendered":"<p>Le jour est venu enfin de f\u00eater dignement et comme il se doit le succ\u00e8s du week-end au F\u00e9cule et de r\u00eaver de l&rsquo;avenir ! R\u00e9servez-vous donc le soir du [&hellip;]<\/p>\n","protected":false},"author":27,"featured_media":0,"parent":3586,"menu_order":8,"comment_status":"closed","ping_status":"closed","template":"","meta":{"_seopress_robots_primary_cat":"","_seopress_titles_title":"","_seopress_titles_desc":"","_seopress_robots_index":"","footnotes":""},"class_list":["post-1003","page","type-page","status-publish"],"_links":{"self":[{"href":"https:\/\/www.asso-unil.ch\/caverne\/wp-json\/wp\/v2\/pages\/1003","targetHints":{"allow":["GET"]}}],"collection":[{"href":"https:\/\/www.asso-unil.ch\/caverne\/wp-json\/wp\/v2\/pages"}],"about":[{"href":"https:\/\/www.asso-unil.ch\/caverne\/wp-json\/wp\/v2\/types\/page"}],"author":[{"embeddable":true,"href":"https:\/\/www.asso-unil.ch\/caverne\/wp-json\/wp\/v2\/users\/27"}],"replies":[{"embeddable":true,"href":"https:\/\/www.asso-unil.ch\/caverne\/wp-json\/wp\/v2\/comments?post=1003"}],"version-history":[{"count":0,"href":"https:\/\/www.asso-unil.ch\/caverne\/wp-json\/wp\/v2\/pages\/1003\/revisions"}],"up":[{"embeddable":true,"href":"https:\/\/www.asso-unil.ch\/caverne\/wp-json\/wp\/v2\/pages\/3586"}],"wp:attachment":[{"href":"https:\/\/www.asso-unil.ch\/caverne\/wp-json\/wp\/v2\/media?parent=1003"}],"curies":[{"name":"wp","href":"https:\/\/api.w.org\/{rel}","templated":true}]}}