{"id":1001,"date":"2012-01-22T15:09:55","date_gmt":"2012-01-22T14:09:55","guid":{"rendered":"http:\/\/www3.unil.ch\/wpmu\/caverne\/?page_id=1001"},"modified":"2018-01-23T10:56:26","modified_gmt":"2018-01-23T09:56:26","slug":"banquet-de-fin-du-semestre-le-21-decembre","status":"publish","type":"page","link":"https:\/\/www.asso-unil.ch\/caverne\/banquets\/banquets-sp-12\/banquet-de-fin-du-semestre-le-21-decembre\/","title":{"rendered":"Banquet de fin du semestre le 21 d\u00e9cembre 2011"},"content":{"rendered":"<p>Le 21 d\u00e9cembre \u00e0 partir de 18h vous aurez le plaisir de rencontrer dans le foyer de la Grange de Dorigny le metteur en sc\u00e8ne et com\u00e9dien VINCENT BRAYER, qui est au programme du Th\u00e9\u00e2tre de la Grange de Dorigny, avec sa cr\u00e9ation \u00ab\u00a0Restons Ensemble, Vraiment Ensemble\u00a0\u00bb au mois de<br \/>\njanvier prochain (<a href=\"https:\/\/webmail.unil.ch\/cgi-bin\/webmail.exe?cmd=url&amp;xdata=%7E2-de49340287a6d8521524d128f6438bafd38faaf19ce4e2ccd48fd1cf00&amp;url=http%213A%212F%212Fwww.grangededorigny.ch%212Fpage86704.html\" target=\"_blank\">https:\/\/www.grangededorigny.ch\/page86704.html<\/a>).<br \/>\nIl exp\u00e9rimente aussi dans son activit\u00e9 th\u00e9\u00e2trale avec des alliages entre philosophie et th\u00e9\u00e2tre.<\/p>\n<p>Un traditionnel BANQUET s&rsquo;impose donc \u00e0 cette occasion, d&rsquo;autant plus qu&rsquo;il nous reste encore des bouteilles pr\u00e9cieuses de l&rsquo;anniversaire de Platon.<br \/>\nVous avez m\u00eame la possibilit\u00e9 de laisser libre cours \u00e0 votre talent et fantaisie culinaire : la CUISINE de l&rsquo;aum\u00f4nerie sera disponible, d\u00eetes-nous si \u00e7a vous botterait de concocter un MENU DU SOIR (ou tout simplement de pr\u00eater main forte en cuisine).<\/p>\n<p>Pour ceux qui pr\u00e9sentent un projet au F\u00e9cule 2012 :<br \/>\nc&rsquo;est l&rsquo;occasion de pr\u00e9senter \u00e0 votre projet en cours Vincent Brayer, qui sera notre coach pour la mise en sc\u00e8ne au cours des mois \u00e0 venir. M\u00eame s&rsquo;il n&rsquo;est qu&rsquo;au stade de l&rsquo;\u00e9bauche, de la lecture&#8230; \u00e7a sera de toute mani\u00e8re plus int\u00e9ressant d&rsquo;avoir une pr\u00e9sentation \u00ab\u00a0dramatique\u00a0\u00bb plut\u00f4t qu&rsquo;un simple discours<br \/>\n(\u00e0 part pour ceux qui font des films&#8230;).<\/p>\n<p>Comme vous savez tous, les activit\u00e9s au sein de l&rsquo;Association des Ma\u00eetres-ses de la Caverne ne<br \/>\ns&rsquo;\u00e9teindront pas apr\u00e8s le F\u00e9cule 2012. Chacun-e pourra donc nous faire part de ses envies\/id\u00e9es\/projets pour le futur&#8230;<\/p>\n<p>Les \u00e9quipes pour les projets de th\u00e9\u00e2tre et de film sont plus ou moins \u00e9tablis maintenant. Or, des<br \/>\npossibilit\u00e9s de participation se pr\u00e9sentent encore, en particulier dans un projet qui acceuillit des personnes qui aimeraient s&rsquo;identifier \u00e0 un ou une philosophe de r\u00e9putation, s&rsquo;approcher aussi bien de sa pens\u00e9e que de sa personnalit\u00e9, et le\/la repr\u00e9senter dans la suite dans des d\u00e9bats crois\u00e9s \u00e0 travers les si\u00e8cles, d&rsquo;Epicure et Cic\u00e9ron \u00e0 travers Hypatie, Spinoza et Nietzsche \u00e0 Beauvoir,<br \/>\nFoucault, Deleuze, Snoopie et autres&#8230; faites vos choix !<\/p>\n<p>Veuillez s&rsquo;il vous pla\u00eet CONFIRMER VOTRE PRESENCE aupr\u00e8s de\u00a0<a>Michael.Groneberg@unil.ch<\/a>.<\/p>\n","protected":false},"excerpt":{"rendered":"<p>Le 21 d\u00e9cembre \u00e0 partir de 18h vous aurez le plaisir de rencontrer dans le foyer de la Grange de Dorigny le metteur en sc\u00e8ne et com\u00e9dien VINCENT BRAYER, qui [&hellip;]<\/p>\n","protected":false},"author":27,"featured_media":0,"parent":1050,"menu_order":2,"comment_status":"closed","ping_status":"closed","template":"","meta":{"_seopress_robots_primary_cat":"","_seopress_titles_title":"","_seopress_titles_desc":"","_seopress_robots_index":"","footnotes":""},"class_list":["post-1001","page","type-page","status-publish"],"_links":{"self":[{"href":"https:\/\/www.asso-unil.ch\/caverne\/wp-json\/wp\/v2\/pages\/1001","targetHints":{"allow":["GET"]}}],"collection":[{"href":"https:\/\/www.asso-unil.ch\/caverne\/wp-json\/wp\/v2\/pages"}],"about":[{"href":"https:\/\/www.asso-unil.ch\/caverne\/wp-json\/wp\/v2\/types\/page"}],"author":[{"embeddable":true,"href":"https:\/\/www.asso-unil.ch\/caverne\/wp-json\/wp\/v2\/users\/27"}],"replies":[{"embeddable":true,"href":"https:\/\/www.asso-unil.ch\/caverne\/wp-json\/wp\/v2\/comments?post=1001"}],"version-history":[{"count":0,"href":"https:\/\/www.asso-unil.ch\/caverne\/wp-json\/wp\/v2\/pages\/1001\/revisions"}],"up":[{"embeddable":true,"href":"https:\/\/www.asso-unil.ch\/caverne\/wp-json\/wp\/v2\/pages\/1050"}],"wp:attachment":[{"href":"https:\/\/www.asso-unil.ch\/caverne\/wp-json\/wp\/v2\/media?parent=1001"}],"curies":[{"name":"wp","href":"https:\/\/api.w.org\/{rel}","templated":true}]}}